{"id":965,"date":"2025-09-09T23:41:16","date_gmt":"2025-09-09T23:11:16","guid":{"rendered":"https:\/\/jesusconnect.de\/?page_id=965"},"modified":"2025-09-11T19:02:06","modified_gmt":"2025-09-11T18:32:06","slug":"seine-liebe","status":"publish","type":"page","link":"https:\/\/jesusconnect.de\/en\/seine-liebe\/","title":{"rendered":"Seine  Liebe"},"content":{"rendered":"<p class=\"has-text-align-center has-text-color has-background has-link-color has-medium-font-size wp-elements-34498e0b041db7448d7d8e3b0eb1f95a\" style=\"color:#62470e;background-color:#e0d2d2\"><strong>1. Korinther 13, 1\u20138a <\/strong><\/p>\n\n\n\n<p class=\"has-text-align-center has-text-color has-background has-link-color has-large-font-size wp-elements-8e37e49ecbb377b4bd06b625980ca816\" style=\"color:#62470e;background-color:#908eac\">Die Liebe h\u00f6rt<strong>  niemals<\/strong>  auf.<\/p>\n\n\n\n<p class=\"has-text-align-center has-text-color has-background has-link-color has-medium-font-size wp-elements-5a1f9fafd9a759de8d17f1f2287b2649\" style=\"color:#ae852e;background-color:#d5b9b9\"><strong>Wenn ich mit Menschen- und Engelszungen reden w\u00fcrde <br>h\u00e4tte aber keine Liebe,<br>dann w\u00e4re ich wie klingendes Blech.<\/strong><\/p>\n\n\n\n<p class=\"has-text-align-center has-text-color has-background has-link-color has-medium-font-size wp-elements-664d3bc627567055c0946cb00b3e90db\" style=\"color:#62470e;background-color:#8eabd7\">Und wenn ich prophetisch reden k\u00f6nnte<br><strong>und alle Geheimnisse w\u00fcsste <\/strong><br>und Glauben <strong>f\u00fcr alles<\/strong> h\u00e4tte, sodass ich <strong>sogar Berge versetzen<\/strong> k\u00f6nnte,<br>aber ich h\u00e4tte keine Liebe, so w\u00e4re ich <strong>nichts<\/strong>.<\/p>\n\n\n\n<p class=\"has-text-align-center has-text-color has-background has-link-color has-medium-font-size wp-elements-15add1506d7540aeb615ae7efbca3588\" style=\"color:#62470e;background-color:#da8080\">Und wenn ich alles, was ich habe, den Armen schenken w\u00fcrde und meinen Leib dahin geben w\u00fcrde,<br>h\u00e4tte aber keine Liebe, so w\u00fcrde mir\u2019s nichts n\u00fctzen.<\/p>\n\n\n\n<p class=\"has-text-align-center has-text-color has-background has-link-color has-medium-font-size wp-elements-bec4d1abdc1ff0af80002cf48931a57f\" style=\"color:#ead099;background-color:#b0350f\">Die<strong> Liebe ist<\/strong> langm\u00fctig und <strong>freundlich<\/strong>,<br>die Liebe eifert nicht,<br>die Liebe treibt nicht Mutwillen,<br>sie bl\u00e4ht sich<strong> nicht stolz<\/strong> auf,<br>sie verh\u00e4lt sich nicht ungeh\u00f6rig,<br>sie sucht nicht das Ihre, ist nicht eigens\u00fcchtig,<br>l\u00e4sst sich nicht erbittern,<br>sie<strong> rechnet das B\u00f6se nicht an<\/strong>,<br>freut sich nicht \u00fcber die Ungerechtigkeit,<br>sie freut sich aber an der Wahrheit;<br>sie ertr\u00e4gt <strong>alles<\/strong>,<br>sie glaubt alles,<br>sie hofft alles,<br>sie duldet alles.<\/p>\n\n\n\n<p><\/p>\n\n\n\n<p><\/p>\n\n\n\n<p class=\"has-text-align-center has-text-color has-link-color has-huge-font-size wp-elements-55001de72e611464cc4fd26ec5cf4457\" style=\"color:#5d1b1b\"><strong>DAS  hat  JESUS  getan  und  gezeigt.<\/strong><\/p>\n\n\n\n<p><\/p>","protected":false},"excerpt":{"rendered":"<p>1. Korinther 13, 1\u20138a Die Liebe h\u00f6rt niemals auf. Wenn ich mit Menschen- und Engelszungen reden w\u00fcrde h\u00e4tte aber keine Liebe,dann w\u00e4re ich wie klingendes Blech. Und wenn ich prophetisch reden k\u00f6nnteund alle Geheimnisse w\u00fcsste und Glauben f\u00fcr alles h\u00e4tte, sodass ich sogar Berge versetzen k\u00f6nnte,aber ich h\u00e4tte keine Liebe, so w\u00e4re ich nichts. Und [&hellip;]<\/p>\n","protected":false},"author":1,"featured_media":0,"parent":0,"menu_order":0,"comment_status":"closed","ping_status":"closed","template":"","meta":{"_coblocks_attr":"","_coblocks_dimensions":"","_coblocks_responsive_height":"","_coblocks_accordion_ie_support":"","hide_page_title":"","footnotes":""},"class_list":["post-965","page","type-page","status-publish","hentry"],"yoast_head":"<!-- This site is optimized with the Yoast SEO plugin v27.4 - https:\/\/yoast.com\/product\/yoast-seo-wordpress\/ -->\n<title>Seine Liebe - Jesus connect<\/title>\n<meta name=\"robots\" content=\"index, follow, max-snippet:-1, max-image-preview:large, max-video-preview:-1\" \/>\n<link rel=\"canonical\" href=\"https:\/\/jesusconnect.de\/en\/seine-liebe\/\" \/>\n<meta property=\"og:locale\" content=\"en_US\" \/>\n<meta property=\"og:type\" content=\"article\" \/>\n<meta property=\"og:title\" content=\"Seine Liebe - Jesus connect\" \/>\n<meta property=\"og:description\" content=\"1. Korinther 13, 1\u20138a Die Liebe h\u00f6rt niemals auf. Wenn ich mit Menschen- und Engelszungen reden w\u00fcrde h\u00e4tte aber keine Liebe,dann w\u00e4re ich wie klingendes Blech. Und wenn ich prophetisch reden k\u00f6nnteund alle Geheimnisse w\u00fcsste und Glauben f\u00fcr alles h\u00e4tte, sodass ich sogar Berge versetzen k\u00f6nnte,aber ich h\u00e4tte keine Liebe, so w\u00e4re ich nichts. Und [&hellip;]\" \/>\n<meta property=\"og:url\" content=\"https:\/\/jesusconnect.de\/en\/seine-liebe\/\" \/>\n<meta property=\"og:site_name\" content=\"Jesus connect\" \/>\n<meta property=\"article:modified_time\" content=\"2025-09-11T18:32:06+00:00\" \/>\n<meta name=\"twitter:card\" content=\"summary_large_image\" \/>\n<meta name=\"twitter:label1\" content=\"Est. reading time\" \/>\n\t<meta name=\"twitter:data1\" content=\"1 minute\" \/>\n<script type=\"application\/ld+json\" class=\"yoast-schema-graph\">{\"@context\":\"https:\\\/\\\/schema.org\",\"@graph\":[{\"@type\":\"WebPage\",\"@id\":\"https:\\\/\\\/jesusconnect.de\\\/seine-liebe\\\/\",\"url\":\"https:\\\/\\\/jesusconnect.de\\\/seine-liebe\\\/\",\"name\":\"Seine Liebe - Jesus connect\",\"isPartOf\":{\"@id\":\"https:\\\/\\\/jesusconnect.de\\\/#website\"},\"datePublished\":\"2025-09-09T23:11:16+00:00\",\"dateModified\":\"2025-09-11T18:32:06+00:00\",\"breadcrumb\":{\"@id\":\"https:\\\/\\\/jesusconnect.de\\\/seine-liebe\\\/#breadcrumb\"},\"inLanguage\":\"en-US\",\"potentialAction\":[{\"@type\":\"ReadAction\",\"target\":[\"https:\\\/\\\/jesusconnect.de\\\/seine-liebe\\\/\"]}]},{\"@type\":\"BreadcrumbList\",\"@id\":\"https:\\\/\\\/jesusconnect.de\\\/seine-liebe\\\/#breadcrumb\",\"itemListElement\":[{\"@type\":\"ListItem\",\"position\":1,\"name\":\"Home\",\"item\":\"https:\\\/\\\/jesusconnect.de\\\/\"},{\"@type\":\"ListItem\",\"position\":2,\"name\":\"Seine Liebe\"}]},{\"@type\":\"WebSite\",\"@id\":\"https:\\\/\\\/jesusconnect.de\\\/#website\",\"url\":\"https:\\\/\\\/jesusconnect.de\\\/\",\"name\":\"Jesus connect\",\"description\":\"Gott, Jesus Christus, Heiliger Geist, Glaube, Vater, Sohn und Geist - Zusammenh\u00e4nge kurz erkl\u00e4rt\",\"publisher\":{\"@id\":\"https:\\\/\\\/jesusconnect.de\\\/#\\\/schema\\\/person\\\/8a5c1358de3b9958321dad237031fccf\"},\"potentialAction\":[{\"@type\":\"SearchAction\",\"target\":{\"@type\":\"EntryPoint\",\"urlTemplate\":\"https:\\\/\\\/jesusconnect.de\\\/?s={search_term_string}\"},\"query-input\":{\"@type\":\"PropertyValueSpecification\",\"valueRequired\":true,\"valueName\":\"search_term_string\"}}],\"inLanguage\":\"en-US\"},{\"@type\":[\"Person\",\"Organization\"],\"@id\":\"https:\\\/\\\/jesusconnect.de\\\/#\\\/schema\\\/person\\\/8a5c1358de3b9958321dad237031fccf\",\"name\":\"karin\",\"image\":{\"@type\":\"ImageObject\",\"inLanguage\":\"en-US\",\"@id\":\"https:\\\/\\\/jesusconnect.de\\\/wp-content\\\/uploads\\\/2025\\\/09\\\/JC-Logp.jpg\",\"url\":\"https:\\\/\\\/jesusconnect.de\\\/wp-content\\\/uploads\\\/2025\\\/09\\\/JC-Logp.jpg\",\"contentUrl\":\"https:\\\/\\\/jesusconnect.de\\\/wp-content\\\/uploads\\\/2025\\\/09\\\/JC-Logp.jpg\",\"width\":792,\"height\":596,\"caption\":\"karin\"},\"logo\":{\"@id\":\"https:\\\/\\\/jesusconnect.de\\\/wp-content\\\/uploads\\\/2025\\\/09\\\/JC-Logp.jpg\"},\"sameAs\":[\"https:\\\/\\\/jesusconnect.de\"]}]}<\/script>\n<!-- \/ Yoast SEO plugin. -->","yoast_head_json":{"title":"Seine Liebe - Jesus connect","robots":{"index":"index","follow":"follow","max-snippet":"max-snippet:-1","max-image-preview":"max-image-preview:large","max-video-preview":"max-video-preview:-1"},"canonical":"https:\/\/jesusconnect.de\/en\/seine-liebe\/","og_locale":"en_US","og_type":"article","og_title":"Seine Liebe - Jesus connect","og_description":"1. Korinther 13, 1\u20138a Die Liebe h\u00f6rt niemals auf. Wenn ich mit Menschen- und Engelszungen reden w\u00fcrde h\u00e4tte aber keine Liebe,dann w\u00e4re ich wie klingendes Blech. Und wenn ich prophetisch reden k\u00f6nnteund alle Geheimnisse w\u00fcsste und Glauben f\u00fcr alles h\u00e4tte, sodass ich sogar Berge versetzen k\u00f6nnte,aber ich h\u00e4tte keine Liebe, so w\u00e4re ich nichts. Und [&hellip;]","og_url":"https:\/\/jesusconnect.de\/en\/seine-liebe\/","og_site_name":"Jesus connect","article_modified_time":"2025-09-11T18:32:06+00:00","twitter_card":"summary_large_image","twitter_misc":{"Est. reading time":"1 minute"},"schema":{"@context":"https:\/\/schema.org","@graph":[{"@type":"WebPage","@id":"https:\/\/jesusconnect.de\/seine-liebe\/","url":"https:\/\/jesusconnect.de\/seine-liebe\/","name":"Seine Liebe - Jesus connect","isPartOf":{"@id":"https:\/\/jesusconnect.de\/#website"},"datePublished":"2025-09-09T23:11:16+00:00","dateModified":"2025-09-11T18:32:06+00:00","breadcrumb":{"@id":"https:\/\/jesusconnect.de\/seine-liebe\/#breadcrumb"},"inLanguage":"en-US","potentialAction":[{"@type":"ReadAction","target":["https:\/\/jesusconnect.de\/seine-liebe\/"]}]},{"@type":"BreadcrumbList","@id":"https:\/\/jesusconnect.de\/seine-liebe\/#breadcrumb","itemListElement":[{"@type":"ListItem","position":1,"name":"Home","item":"https:\/\/jesusconnect.de\/"},{"@type":"ListItem","position":2,"name":"Seine Liebe"}]},{"@type":"WebSite","@id":"https:\/\/jesusconnect.de\/#website","url":"https:\/\/jesusconnect.de\/","name":"Jesus connect","description":"Gott, Jesus Christus, Heiliger Geist, Glaube, Vater, Sohn und Geist - Zusammenh\u00e4nge kurz erkl\u00e4rt","publisher":{"@id":"https:\/\/jesusconnect.de\/#\/schema\/person\/8a5c1358de3b9958321dad237031fccf"},"potentialAction":[{"@type":"SearchAction","target":{"@type":"EntryPoint","urlTemplate":"https:\/\/jesusconnect.de\/?s={search_term_string}"},"query-input":{"@type":"PropertyValueSpecification","valueRequired":true,"valueName":"search_term_string"}}],"inLanguage":"en-US"},{"@type":["Person","Organization"],"@id":"https:\/\/jesusconnect.de\/#\/schema\/person\/8a5c1358de3b9958321dad237031fccf","name":"karin","image":{"@type":"ImageObject","inLanguage":"en-US","@id":"https:\/\/jesusconnect.de\/wp-content\/uploads\/2025\/09\/JC-Logp.jpg","url":"https:\/\/jesusconnect.de\/wp-content\/uploads\/2025\/09\/JC-Logp.jpg","contentUrl":"https:\/\/jesusconnect.de\/wp-content\/uploads\/2025\/09\/JC-Logp.jpg","width":792,"height":596,"caption":"karin"},"logo":{"@id":"https:\/\/jesusconnect.de\/wp-content\/uploads\/2025\/09\/JC-Logp.jpg"},"sameAs":["https:\/\/jesusconnect.de"]}]}},"_links":{"self":[{"href":"https:\/\/jesusconnect.de\/en\/wp-json\/wp\/v2\/pages\/965","targetHints":{"allow":["GET"]}}],"collection":[{"href":"https:\/\/jesusconnect.de\/en\/wp-json\/wp\/v2\/pages"}],"about":[{"href":"https:\/\/jesusconnect.de\/en\/wp-json\/wp\/v2\/types\/page"}],"author":[{"embeddable":true,"href":"https:\/\/jesusconnect.de\/en\/wp-json\/wp\/v2\/users\/1"}],"replies":[{"embeddable":true,"href":"https:\/\/jesusconnect.de\/en\/wp-json\/wp\/v2\/comments?post=965"}],"version-history":[{"count":16,"href":"https:\/\/jesusconnect.de\/en\/wp-json\/wp\/v2\/pages\/965\/revisions"}],"predecessor-version":[{"id":1057,"href":"https:\/\/jesusconnect.de\/en\/wp-json\/wp\/v2\/pages\/965\/revisions\/1057"}],"wp:attachment":[{"href":"https:\/\/jesusconnect.de\/en\/wp-json\/wp\/v2\/media?parent=965"}],"curies":[{"name":"wp","href":"https:\/\/api.w.org\/{rel}","templated":true}]}}