{"id":845,"date":"2025-05-23T16:51:25","date_gmt":"2025-05-23T16:21:25","guid":{"rendered":"https:\/\/jesusconnect.de\/?page_id=845"},"modified":"2025-10-20T15:59:11","modified_gmt":"2025-10-20T15:59:11","slug":"ueber","status":"publish","type":"page","link":"https:\/\/jesusconnect.de\/en\/ueber\/","title":{"rendered":"Das Gute und das B\u00f6se"},"content":{"rendered":"<p class=\"has-text-align-center has-text-color has-link-color has-huge-font-size wp-elements-b3ddbfa992e3e8a5e1741904ed4a867e\" style=\"color:#46839f\"><strong>Deine Entscheidung <\/strong>zeigt deine Herzenseinstellung <\/p>\n\n\n\n<p class=\"has-text-align-center has-text-color has-link-color has-large-font-size wp-elements-3834c13a3812a3f97676d12994b6ea36\" style=\"color:#825f13\"><\/p>\n\n\n<div class=\"wp-block-image\">\n<figure class=\"aligncenter size-large is-resized\"><img loading=\"lazy\" decoding=\"async\" width=\"724\" height=\"1024\" src=\"https:\/\/jesusconnect.de\/wp-content\/uploads\/2025\/05\/JC-Heupferdchen-724x1024.jpg\" alt=\"\" class=\"wp-image-870\" style=\"width:540px;height:auto\" srcset=\"https:\/\/jesusconnect.de\/wp-content\/uploads\/2025\/05\/JC-Heupferdchen-724x1024.jpg 724w, https:\/\/jesusconnect.de\/wp-content\/uploads\/2025\/05\/JC-Heupferdchen-212x300.jpg 212w, https:\/\/jesusconnect.de\/wp-content\/uploads\/2025\/05\/JC-Heupferdchen-768x1086.jpg 768w, https:\/\/jesusconnect.de\/wp-content\/uploads\/2025\/05\/JC-Heupferdchen-1086x1536.jpg 1086w, https:\/\/jesusconnect.de\/wp-content\/uploads\/2025\/05\/JC-Heupferdchen-1448x2048.jpg 1448w, https:\/\/jesusconnect.de\/wp-content\/uploads\/2025\/05\/JC-Heupferdchen-8x12.jpg 8w, https:\/\/jesusconnect.de\/wp-content\/uploads\/2025\/05\/JC-Heupferdchen-scaled.jpg 1810w\" sizes=\"auto, (max-width: 724px) 100vw, 724px\" \/><\/figure><\/div>\n\n\n<div class=\"wp-block-columns is-layout-flex wp-container-core-columns-is-layout-9d6595d7 wp-block-columns-is-layout-flex\">\n<div class=\"wp-block-column is-layout-flow wp-block-column-is-layout-flow\" style=\"flex-basis:25%\"><\/div>\n\n\n\n<div class=\"wp-block-column is-layout-flow wp-block-column-is-layout-flow\" style=\"flex-basis:50%\"><\/div>\n\n\n\n<div class=\"wp-block-column is-layout-flow wp-block-column-is-layout-flow\" style=\"flex-basis:25%\"><\/div>\n<\/div>\n\n\n\n<div class=\"wp-block-columns alignwide is-layout-flex wp-container-core-columns-is-layout-9d6595d7 wp-block-columns-is-layout-flex\">\n<div class=\"wp-block-column is-layout-flow wp-block-column-is-layout-flow\">\n<p class=\"has-background has-medium-font-size\" style=\"background-color:#d9f4f6\">Zun\u00e4chst gilt :   <strong>GOtt allein <\/strong> . <strong>gut <\/strong> und  hat  <strong>Gutes  <\/strong>im Sinn. <\/p>\n\n\n\n<p><\/p>\n\n\n\n<p class=\"has-text-align-center has-text-color has-link-color has-huge-font-size wp-elements-dbfa8412a0b30d838518b2ab62d8a4e7\" style=\"color:#d0b5b5\"><strong> Warum ist denn sovieles b\u00f6se, wenn der Sch\u00f6pfer nur gut ist ? <\/strong><\/p>\n\n\n\n<p class=\"has-text-align-center has-text-color has-link-color has-huge-font-size wp-elements-b105fbc85b670674209f80cd113070ab\" style=\"color:#d0b5b5\"> Ist die Sch\u00f6pfung <strong>missraten <\/strong>?  <\/p>\n\n\n\n<p><\/p>\n\n\n\n<p class=\"has-background has-medium-font-size\" style=\"background-color:#d9f4f6\"><strong>NEIN <\/strong>! Sondern wegen der <strong>Freiwilligkeit<\/strong>, Gutes oder Schlechtes zu tun, nur deshalb hat der Sch\u00f6pfer eine<strong> Entfernung vom Guten<\/strong> <strong>erm\u00f6glicht<\/strong>, und dieser Zustand wird nur noch so lange andauern, wie jedes Individuum zeigen kann, ob es Gutes oder Schlechtes vorzieht. Danach wird Jesus dar\u00fcber richten &#8211; jeden Einzelnen und auch Nationen.<\/p>\n\n\n\n<p><\/p>\n\n\n\n<p class=\"has-text-color has-background has-link-color has-large-font-size wp-elements-33bda863bae2245baf2fae3dd62f8eab\" style=\"color:#acf482;background-color:#3eada2\">Das letzte Gericht wird alle Menschen f\u00fcr immer in GOttes Gegenwart bringen, <strong>die w\u00e4hrend ihres Erdenlebens lieber das Gute anstatt das B\u00f6se getan, gedacht, gewollt haben<\/strong>. F\u00fcr alle anderen, die absichtlich und gerne immer wieder \u00fcbel gegen andere gehandelt haben ohne Reue zu sp\u00fcren, f\u00fcr sie alle geht das Gericht Jesu schlecht aus, weil auch Er <strong>sie<\/strong> <strong>dann nicht mehr duldet<\/strong> in Seiner Gegenwart &#8211; und Seine Gegenwart wird EWIG sein nach diesem letzten Gericht.<\/p>\n<\/div>\n<\/div>\n\n\n\n<p><\/p>","protected":false},"excerpt":{"rendered":"<p>Deine Entscheidung zeigt deine Herzenseinstellung Zun\u00e4chst gilt : GOtt allein ist gut und hat Gutes im Sinn. Warum ist denn sovieles b\u00f6se, wenn der Sch\u00f6pfer nur gut ist ? Ist die Sch\u00f6pfung missraten ? NEIN ! Sondern wegen der Freiwilligkeit, Gutes oder Schlechtes zu tun, nur deshalb hat der Sch\u00f6pfer eine Entfernung vom Guten erm\u00f6glicht, [&hellip;]<\/p>\n","protected":false},"author":1,"featured_media":0,"parent":0,"menu_order":0,"comment_status":"closed","ping_status":"closed","template":"","meta":{"_coblocks_attr":"","_coblocks_dimensions":"","_coblocks_responsive_height":"","_coblocks_accordion_ie_support":"","hide_page_title":"","footnotes":""},"class_list":["post-845","page","type-page","status-publish","hentry"],"yoast_head":"<!-- This site is optimized with the Yoast SEO plugin v27.4 - https:\/\/yoast.com\/product\/yoast-seo-wordpress\/ -->\n<title>Das Gute und das B\u00f6se - Jesus connect<\/title>\n<meta name=\"robots\" content=\"index, follow, max-snippet:-1, max-image-preview:large, max-video-preview:-1\" \/>\n<link rel=\"canonical\" href=\"https:\/\/jesusconnect.de\/en\/ueber\/\" \/>\n<meta property=\"og:locale\" content=\"en_US\" \/>\n<meta property=\"og:type\" content=\"article\" \/>\n<meta property=\"og:title\" content=\"Das Gute und das B\u00f6se - Jesus connect\" \/>\n<meta property=\"og:description\" content=\"Deine Entscheidung zeigt deine Herzenseinstellung Zun\u00e4chst gilt : GOtt allein ist gut und hat Gutes im Sinn. Warum ist denn sovieles b\u00f6se, wenn der Sch\u00f6pfer nur gut ist ? Ist die Sch\u00f6pfung missraten ? NEIN ! Sondern wegen der Freiwilligkeit, Gutes oder Schlechtes zu tun, nur deshalb hat der Sch\u00f6pfer eine Entfernung vom Guten erm\u00f6glicht, [&hellip;]\" \/>\n<meta property=\"og:url\" content=\"https:\/\/jesusconnect.de\/en\/ueber\/\" \/>\n<meta property=\"og:site_name\" content=\"Jesus connect\" \/>\n<meta property=\"article:modified_time\" content=\"2025-10-20T15:59:11+00:00\" \/>\n<meta property=\"og:image\" content=\"https:\/\/jesusconnect.de\/wp-content\/uploads\/2025\/05\/JC-Heupferdchen-scaled.jpg\" \/>\n\t<meta property=\"og:image:width\" content=\"1810\" \/>\n\t<meta property=\"og:image:height\" content=\"2560\" \/>\n\t<meta property=\"og:image:type\" content=\"image\/jpeg\" \/>\n<meta name=\"twitter:card\" content=\"summary_large_image\" \/>\n<meta name=\"twitter:label1\" content=\"Est. reading time\" \/>\n\t<meta name=\"twitter:data1\" content=\"2 minutes\" \/>\n<script type=\"application\/ld+json\" class=\"yoast-schema-graph\">{\"@context\":\"https:\\\/\\\/schema.org\",\"@graph\":[{\"@type\":\"WebPage\",\"@id\":\"https:\\\/\\\/jesusconnect.de\\\/ueber\\\/\",\"url\":\"https:\\\/\\\/jesusconnect.de\\\/ueber\\\/\",\"name\":\"Das Gute und das B\u00f6se - Jesus connect\",\"isPartOf\":{\"@id\":\"https:\\\/\\\/jesusconnect.de\\\/#website\"},\"primaryImageOfPage\":{\"@id\":\"https:\\\/\\\/jesusconnect.de\\\/ueber\\\/#primaryimage\"},\"image\":{\"@id\":\"https:\\\/\\\/jesusconnect.de\\\/ueber\\\/#primaryimage\"},\"thumbnailUrl\":\"https:\\\/\\\/jesusconnect.de\\\/wp-content\\\/uploads\\\/2025\\\/05\\\/JC-Heupferdchen-724x1024.jpg\",\"datePublished\":\"2025-05-23T16:21:25+00:00\",\"dateModified\":\"2025-10-20T15:59:11+00:00\",\"breadcrumb\":{\"@id\":\"https:\\\/\\\/jesusconnect.de\\\/ueber\\\/#breadcrumb\"},\"inLanguage\":\"en-US\",\"potentialAction\":[{\"@type\":\"ReadAction\",\"target\":[\"https:\\\/\\\/jesusconnect.de\\\/ueber\\\/\"]}]},{\"@type\":\"ImageObject\",\"inLanguage\":\"en-US\",\"@id\":\"https:\\\/\\\/jesusconnect.de\\\/ueber\\\/#primaryimage\",\"url\":\"https:\\\/\\\/jesusconnect.de\\\/wp-content\\\/uploads\\\/2025\\\/05\\\/JC-Heupferdchen-724x1024.jpg\",\"contentUrl\":\"https:\\\/\\\/jesusconnect.de\\\/wp-content\\\/uploads\\\/2025\\\/05\\\/JC-Heupferdchen-724x1024.jpg\"},{\"@type\":\"BreadcrumbList\",\"@id\":\"https:\\\/\\\/jesusconnect.de\\\/ueber\\\/#breadcrumb\",\"itemListElement\":[{\"@type\":\"ListItem\",\"position\":1,\"name\":\"Home\",\"item\":\"https:\\\/\\\/jesusconnect.de\\\/\"},{\"@type\":\"ListItem\",\"position\":2,\"name\":\"Das Gute und das B\u00f6se\"}]},{\"@type\":\"WebSite\",\"@id\":\"https:\\\/\\\/jesusconnect.de\\\/#website\",\"url\":\"https:\\\/\\\/jesusconnect.de\\\/\",\"name\":\"Jesus connect\",\"description\":\"Gott, Jesus Christus, Heiliger Geist, Glaube, Vater, Sohn und Geist - Zusammenh\u00e4nge kurz erkl\u00e4rt\",\"publisher\":{\"@id\":\"https:\\\/\\\/jesusconnect.de\\\/#\\\/schema\\\/person\\\/8a5c1358de3b9958321dad237031fccf\"},\"potentialAction\":[{\"@type\":\"SearchAction\",\"target\":{\"@type\":\"EntryPoint\",\"urlTemplate\":\"https:\\\/\\\/jesusconnect.de\\\/?s={search_term_string}\"},\"query-input\":{\"@type\":\"PropertyValueSpecification\",\"valueRequired\":true,\"valueName\":\"search_term_string\"}}],\"inLanguage\":\"en-US\"},{\"@type\":[\"Person\",\"Organization\"],\"@id\":\"https:\\\/\\\/jesusconnect.de\\\/#\\\/schema\\\/person\\\/8a5c1358de3b9958321dad237031fccf\",\"name\":\"karin\",\"image\":{\"@type\":\"ImageObject\",\"inLanguage\":\"en-US\",\"@id\":\"https:\\\/\\\/jesusconnect.de\\\/wp-content\\\/uploads\\\/2025\\\/09\\\/JC-Logp.jpg\",\"url\":\"https:\\\/\\\/jesusconnect.de\\\/wp-content\\\/uploads\\\/2025\\\/09\\\/JC-Logp.jpg\",\"contentUrl\":\"https:\\\/\\\/jesusconnect.de\\\/wp-content\\\/uploads\\\/2025\\\/09\\\/JC-Logp.jpg\",\"width\":792,\"height\":596,\"caption\":\"karin\"},\"logo\":{\"@id\":\"https:\\\/\\\/jesusconnect.de\\\/wp-content\\\/uploads\\\/2025\\\/09\\\/JC-Logp.jpg\"},\"sameAs\":[\"https:\\\/\\\/jesusconnect.de\"]}]}<\/script>\n<!-- \/ Yoast SEO plugin. -->","yoast_head_json":{"title":"Das Gute und das B\u00f6se - Jesus connect","robots":{"index":"index","follow":"follow","max-snippet":"max-snippet:-1","max-image-preview":"max-image-preview:large","max-video-preview":"max-video-preview:-1"},"canonical":"https:\/\/jesusconnect.de\/en\/ueber\/","og_locale":"en_US","og_type":"article","og_title":"Das Gute und das B\u00f6se - Jesus connect","og_description":"Deine Entscheidung zeigt deine Herzenseinstellung Zun\u00e4chst gilt : GOtt allein ist gut und hat Gutes im Sinn. Warum ist denn sovieles b\u00f6se, wenn der Sch\u00f6pfer nur gut ist ? Ist die Sch\u00f6pfung missraten ? NEIN ! Sondern wegen der Freiwilligkeit, Gutes oder Schlechtes zu tun, nur deshalb hat der Sch\u00f6pfer eine Entfernung vom Guten erm\u00f6glicht, [&hellip;]","og_url":"https:\/\/jesusconnect.de\/en\/ueber\/","og_site_name":"Jesus connect","article_modified_time":"2025-10-20T15:59:11+00:00","og_image":[{"width":1810,"height":2560,"url":"https:\/\/jesusconnect.de\/wp-content\/uploads\/2025\/05\/JC-Heupferdchen-scaled.jpg","type":"image\/jpeg"}],"twitter_card":"summary_large_image","twitter_misc":{"Est. reading time":"2 minutes"},"schema":{"@context":"https:\/\/schema.org","@graph":[{"@type":"WebPage","@id":"https:\/\/jesusconnect.de\/ueber\/","url":"https:\/\/jesusconnect.de\/ueber\/","name":"Das Gute und das B\u00f6se - Jesus connect","isPartOf":{"@id":"https:\/\/jesusconnect.de\/#website"},"primaryImageOfPage":{"@id":"https:\/\/jesusconnect.de\/ueber\/#primaryimage"},"image":{"@id":"https:\/\/jesusconnect.de\/ueber\/#primaryimage"},"thumbnailUrl":"https:\/\/jesusconnect.de\/wp-content\/uploads\/2025\/05\/JC-Heupferdchen-724x1024.jpg","datePublished":"2025-05-23T16:21:25+00:00","dateModified":"2025-10-20T15:59:11+00:00","breadcrumb":{"@id":"https:\/\/jesusconnect.de\/ueber\/#breadcrumb"},"inLanguage":"en-US","potentialAction":[{"@type":"ReadAction","target":["https:\/\/jesusconnect.de\/ueber\/"]}]},{"@type":"ImageObject","inLanguage":"en-US","@id":"https:\/\/jesusconnect.de\/ueber\/#primaryimage","url":"https:\/\/jesusconnect.de\/wp-content\/uploads\/2025\/05\/JC-Heupferdchen-724x1024.jpg","contentUrl":"https:\/\/jesusconnect.de\/wp-content\/uploads\/2025\/05\/JC-Heupferdchen-724x1024.jpg"},{"@type":"BreadcrumbList","@id":"https:\/\/jesusconnect.de\/ueber\/#breadcrumb","itemListElement":[{"@type":"ListItem","position":1,"name":"Home","item":"https:\/\/jesusconnect.de\/"},{"@type":"ListItem","position":2,"name":"Das Gute und das B\u00f6se"}]},{"@type":"WebSite","@id":"https:\/\/jesusconnect.de\/#website","url":"https:\/\/jesusconnect.de\/","name":"Jesus connect","description":"Gott, Jesus Christus, Heiliger Geist, Glaube, Vater, Sohn und Geist - Zusammenh\u00e4nge kurz erkl\u00e4rt","publisher":{"@id":"https:\/\/jesusconnect.de\/#\/schema\/person\/8a5c1358de3b9958321dad237031fccf"},"potentialAction":[{"@type":"SearchAction","target":{"@type":"EntryPoint","urlTemplate":"https:\/\/jesusconnect.de\/?s={search_term_string}"},"query-input":{"@type":"PropertyValueSpecification","valueRequired":true,"valueName":"search_term_string"}}],"inLanguage":"en-US"},{"@type":["Person","Organization"],"@id":"https:\/\/jesusconnect.de\/#\/schema\/person\/8a5c1358de3b9958321dad237031fccf","name":"karin","image":{"@type":"ImageObject","inLanguage":"en-US","@id":"https:\/\/jesusconnect.de\/wp-content\/uploads\/2025\/09\/JC-Logp.jpg","url":"https:\/\/jesusconnect.de\/wp-content\/uploads\/2025\/09\/JC-Logp.jpg","contentUrl":"https:\/\/jesusconnect.de\/wp-content\/uploads\/2025\/09\/JC-Logp.jpg","width":792,"height":596,"caption":"karin"},"logo":{"@id":"https:\/\/jesusconnect.de\/wp-content\/uploads\/2025\/09\/JC-Logp.jpg"},"sameAs":["https:\/\/jesusconnect.de"]}]}},"_links":{"self":[{"href":"https:\/\/jesusconnect.de\/en\/wp-json\/wp\/v2\/pages\/845","targetHints":{"allow":["GET"]}}],"collection":[{"href":"https:\/\/jesusconnect.de\/en\/wp-json\/wp\/v2\/pages"}],"about":[{"href":"https:\/\/jesusconnect.de\/en\/wp-json\/wp\/v2\/types\/page"}],"author":[{"embeddable":true,"href":"https:\/\/jesusconnect.de\/en\/wp-json\/wp\/v2\/users\/1"}],"replies":[{"embeddable":true,"href":"https:\/\/jesusconnect.de\/en\/wp-json\/wp\/v2\/comments?post=845"}],"version-history":[{"count":48,"href":"https:\/\/jesusconnect.de\/en\/wp-json\/wp\/v2\/pages\/845\/revisions"}],"predecessor-version":[{"id":1629,"href":"https:\/\/jesusconnect.de\/en\/wp-json\/wp\/v2\/pages\/845\/revisions\/1629"}],"wp:attachment":[{"href":"https:\/\/jesusconnect.de\/en\/wp-json\/wp\/v2\/media?parent=845"}],"curies":[{"name":"wp","href":"https:\/\/api.w.org\/{rel}","templated":true}]}}