{"id":754,"date":"2025-02-28T14:49:56","date_gmt":"2025-02-28T14:19:56","guid":{"rendered":"https:\/\/jesusconnect.de\/?page_id=754"},"modified":"2025-09-21T18:44:24","modified_gmt":"2025-09-21T18:44:24","slug":"gott-wird-mensch","status":"publish","type":"page","link":"https:\/\/jesusconnect.de\/en\/gott-wird-mensch\/","title":{"rendered":"GOtt wird Mensch"},"content":{"rendered":"<h2 class=\"wp-block-heading has-text-align-center\">&#8211; aber warum ? <\/h2>\n\n\n\n<p class=\"has-text-align-center is-style-warning has-background has-asap-font-family has-large-font-size has-custom-font\" style=\"background-color:#eed5c5de;font-family:Asap\"><strong>Warum  wird der Sch\u00f6pfer  in Jesus  genau so  wie eine  Seiner Erfindungen ?<\/strong><\/p>\n\n\n\n<p><\/p>\n\n\n\n<p><\/p>\n\n\n\n<figure class=\"wp-block-image size-large\"><a href=\"https:\/\/jesusconnect.de\/en\/gott-wird-mensch\/jc-pfauenaugeschwarzgold_-4\/\"><img loading=\"lazy\" decoding=\"async\" width=\"974\" height=\"1024\" src=\"https:\/\/jesusconnect.de\/wp-content\/uploads\/2025\/02\/JC-Pfauenaugeschwarzgold_-1-974x1024.jpg\" alt=\"\" class=\"wp-image-789\" srcset=\"https:\/\/jesusconnect.de\/wp-content\/uploads\/2025\/02\/JC-Pfauenaugeschwarzgold_-1-974x1024.jpg 974w, https:\/\/jesusconnect.de\/wp-content\/uploads\/2025\/02\/JC-Pfauenaugeschwarzgold_-1-285x300.jpg 285w, https:\/\/jesusconnect.de\/wp-content\/uploads\/2025\/02\/JC-Pfauenaugeschwarzgold_-1-768x807.jpg 768w, https:\/\/jesusconnect.de\/wp-content\/uploads\/2025\/02\/JC-Pfauenaugeschwarzgold_-1-1461x1536.jpg 1461w, https:\/\/jesusconnect.de\/wp-content\/uploads\/2025\/02\/JC-Pfauenaugeschwarzgold_-1-1948x2048.jpg 1948w, https:\/\/jesusconnect.de\/wp-content\/uploads\/2025\/02\/JC-Pfauenaugeschwarzgold_-1-11x12.jpg 11w\" sizes=\"auto, (max-width: 974px) 100vw, 974px\" \/><\/a><\/figure>\n\n\n\n<p class=\"has-text-align-center is-style-default has-text-color has-link-color has-medium-font-size wp-elements-bf4ba229f814186092a1c3102bef83f1\" style=\"color:#61320d;padding-top:0;padding-right:0;padding-bottom:0;padding-left:0\"><\/p>\n\n\n\n<p><\/p>\n\n\n\n<p><\/p>\n\n\n\n<p class=\"has-text-align-center is-style-default has-text-color has-background has-link-color has-heebo-font-family has-medium-font-size has-custom-font has-custom-weight has-custom-transform has-custom-lineheight has-custom-letterspacing wp-elements-f552c13e0acfa3483baddca579bb0899\" style=\"color:#540b0b;background-color:#f1e8c6;font-family:Heebo;line-height:2.04;letter-spacing:0.8px;font-weight:normal;text-transform:initial;font-size:89px\">GOtt ist <strong>GEist<\/strong>;   ER  schuf  die Himmel  und  alle  Wesen  darin &#8211; sie sind ebenfalls  Geist. <\/p>\n\n\n\n<p class=\"has-text-align-center is-style-default has-text-color has-background has-link-color has-heebo-font-family has-medium-font-size has-custom-font has-custom-weight has-custom-transform has-custom-lineheight has-custom-letterspacing wp-elements-5461cc5788249b42c67efd7ca9660da8\" style=\"color:#540b0b;background-color:#f1e8c6;font-family:Heebo;line-height:2.04;letter-spacing:0.8px;font-weight:normal;text-transform:initial;font-size:89px\">  Und   Er  machte  die  Erde.  Alle Wesen auf der Erde haben <strong>Fleisch <\/strong>mit Sehnen, Nerven, Muskeln usw.<\/p>\n\n\n\n<p class=\"has-text-align-center is-style-default has-text-color has-background has-link-color has-heebo-font-family has-large-font-size has-custom-font has-custom-weight has-custom-transform has-custom-lineheight has-custom-letterspacing wp-elements-966d2a056c5ec69af3fc4873f7facd08\" style=\"color:#540b0b;background-color:#e4b7a9;font-family:Heebo;line-height:1.65;letter-spacing:0.3px;font-weight:normal;text-transform:initial;font-size:32px\">GOtt lebte &#8211; nur eine Zeitlang als Jesus Christus &#8211; unter denselben Bedingungen, die Er <strong>f\u00fcr die Erde geschaffen<\/strong> hatte: in Jesus nahm  Er <strong>biologisches <\/strong>Leben an.<\/p>\n\n\n\n<p class=\"has-text-align-center is-style-default has-text-color has-background has-link-color has-heebo-font-family has-large-font-size has-custom-font has-custom-weight has-custom-transform has-custom-lineheight has-custom-letterspacing wp-elements-406d98c97d78669982bc839feed8f448\" style=\"color:#540b0b;background-color:#e4b7a9;font-family:Heebo;line-height:1.65;letter-spacing:0.3px;font-weight:normal;text-transform:initial;font-size:32px\">Durch <strong>Jesus  Christus  <\/strong>nahm der Sch\u00f6pfer, der eigentlich <strong>Geist <\/strong>ist, einen <strong>irdischen <\/strong>K\u00f6rper an: Er wurde <strong>genau<\/strong>so <strong>wie das, was Er Selbst erschaffen hatte<\/strong> !<\/p>\n\n\n\n<p class=\"has-text-align-center is-style-default has-text-color has-background has-link-color has-heebo-font-family has-huge-font-size has-custom-font has-custom-weight has-custom-transform has-custom-lineheight has-custom-letterspacing wp-elements-57422be35bb57c9e1a09502269939c9e\" style=\"color:#0e3422;background-color:#f1e8c6;font-family:Heebo;line-height:1.65;letter-spacing:0.3px;font-weight:normal;text-transform:initial;font-size:32px\"><strong>Sensationell<\/strong> <strong>!!!<\/strong><\/p>\n\n\n\n<p class=\"has-text-align-center is-style-default has-text-color has-background has-link-color has-heebo-font-family has-huge-font-size has-custom-font has-custom-weight has-custom-transform has-custom-lineheight has-custom-letterspacing wp-elements-4b1cb2dea65115f6b970159f89252140\" style=\"color:#0e3422;background-color:#926392fa;font-family:Heebo;line-height:1.65;letter-spacing:0.3px;font-weight:normal;text-transform:initial;font-size:32px\">Warum tat ER  das  ?  <\/p>\n\n\n\n<p class=\"has-text-align-center is-style-default has-text-color has-background has-link-color has-heebo-font-family has-large-font-size has-custom-font has-custom-weight has-custom-transform has-custom-lineheight has-custom-letterspacing wp-elements-0be9602b2675930549f6f39f80a757f5\" style=\"color:#540b0b;background-color:#f1e8c6;font-family:Heebo;line-height:1.65;letter-spacing:0.3px;font-weight:normal;text-transform:initial;font-size:32px\"><\/p>\n\n\n\n<p class=\"has-text-align-center is-style-default has-text-color has-background has-link-color has-heebo-font-family has-large-font-size has-custom-font has-custom-weight has-custom-transform has-custom-lineheight has-custom-letterspacing wp-elements-98fad849e266ed5c8de8781aa69db422\" style=\"color:#540b0b;background-color:#f1e8c6;font-family:Heebo;line-height:1.65;letter-spacing:0.3px;font-weight:normal;text-transform:initial;font-size:32px\"> &#8230;  weil Er Sein <strong>Interesse <\/strong>und mehr als das:  weil Er <strong>Seine <a href=\"https:\/\/jesusconnect.de\/en\/seine-liebe\/\">Liebe<\/a><\/strong>  zum Menschen  demonstrieren  und  unter  Beweis stellen  wollte .<\/p>\n\n\n\n<p class=\"has-text-align-center is-style-default has-text-color has-background has-link-color has-heebo-font-family has-medium-font-size has-custom-font has-custom-weight has-custom-transform has-custom-lineheight has-custom-letterspacing wp-elements-59d9e30af2faff74b2bb1548f097ec68\" style=\"color:#540b0b;background-color:#f1e8c6;font-family:Heebo;line-height:2.14;letter-spacing:1.4px;font-weight:normal;text-transform:initial;font-size:74px\">Das ist der wichtigste Grund, denn genau <strong>Das  <\/strong>ist es, was Ihn zu einem <strong>vollkommen   gerechten  <\/strong> Sch\u00f6pfer macht &#8211; Er h\u00e4tte es nicht tun m\u00fcssen &#8211; <strong>als Sch\u00f6pfer h\u00e4tte Er es doch gar nicht n\u00f6tig gehabt ! Niemals !! <\/strong>Er h\u00e4tte Sich neues, anderes Leben ausdenken und schaffen k\u00f6nnen, aber Er <a href=\"https:\/\/jesusconnect.de\/en\/seine-liebe\/\">liebte <\/a>uns wohl, <strong>DESHALB  <\/strong>wurde GOtt ein Mensch, genauso wie einer, den Er erschaffen hatte.<\/p>\n\n\n\n<p><\/p>\n\n\n\n<p><\/p>\n\n\n\n<p><\/p>\n\n\n\n<p class=\"has-text-color has-link-color has-medium-font-size wp-elements-cd3f7b35a9e2c0e9c2f05e60503cc751\" style=\"color:#eeacac\"><strong>.<\/strong> wird \u201eEngel\u201c d.i. \u201eGesandter\u201c JHWHs genannt, denn Er ist der \u201e<em>Messias<\/em>\u201c, d.i. der <em>Gesandte<\/em> Gottes, der <em>ein einziges Mal<\/em> <em><strong>geborene<\/strong><\/em> <em>SOhn GOttes<\/em>. Hierin liegt der Unterschied zu allen weiteren Engeln Gottes: diese m\u00fcssen nicht als Menschen geboren werden, weil sie ihre Substanz, ihr Blut nicht f\u00fcr die ganze Sch\u00f6pfung hergeben m\u00fcssen, weil sie niemals die ewige Erl\u00f6sung von unserem Fleisch schaffen k\u00f6nnten &#8211; das tat einmalig der Sch\u00f6pfer Selbst, Der unsere Welt so substantiell gemacht hat, wie Er sie haben wollte \u2013 aber daf\u00fcr musste Er Sich Selbst hergeben. <\/p>\n\n\n\n<p class=\"has-text-color has-link-color has-medium-font-size wp-elements-84ed57144c24e5bf3f2421c83a90e188\" style=\"color:#eeacac\"><strong>Jesus ist kein geschaffenes oder von Gott erdachtes Wesen<\/strong>, sondern Jesus ist von Ewigkeit her der Logos Gottes, d.i. <a href=\"https:\/\/jesusconnect.de\/en\/sohn\/\">GOttes Weisheit, GOttes Verstand, Sein Wort<\/a> uvm.<\/p>\n\n\n\n<p class=\"has-text-color has-link-color has-medium-font-size wp-elements-24bfe77d717863c3f4e2f44af1de3085\" style=\"color:#eeacac\"><\/p>\n\n\n\n<p><\/p>\n\n\n\n<p class=\"has-text-align-center is-style-default has-text-color has-link-color has-medium-font-size wp-elements-50e0c031f5a7931e05ec9122c4ef1e88\" style=\"color:#61320d;padding-top:0;padding-right:0;padding-bottom:0;padding-left:0\">Ein Beispiel :  <strong>Ein Mensch wird krank, und oft erleidet er Unrecht. Dann betet der Mensch und hofft auf die Hilfe seines Sch\u00f6pfers, an den er glaubt, aber ihm wird nicht geholfen. Deshalb denkt er, GOtt nutze das Ungl\u00fcck als Strafe, um ihn, den Menschen zu erziehen. DAS<\/strong><\/p>\n\n\n\n<p><\/p>\n\n\n\n<p class=\"has-text-align-center is-style-default has-text-color has-link-color has-medium-font-size wp-elements-aa6a3f297e460821cb41fe5739943dc4\" style=\"color:#61320d;padding-top:0;padding-right:0;padding-bottom:0;padding-left:0\"><strong> ist FALSCH gedacht !<\/strong><\/p>\n\n\n\n<p class=\"has-text-align-center is-style-default has-text-color has-link-color has-medium-font-size wp-elements-bf4ba229f814186092a1c3102bef83f1\" style=\"color:#61320d;padding-top:0;padding-right:0;padding-bottom:0;padding-left:0\"><\/p>\n\n\n\n<p class=\"has-text-color has-link-color has-medium-font-size wp-elements-e44cef107831d2dfb77c9fd65207f5a9\" style=\"color:#64320f\"><strong>GOtt hat alles f\u00fcr den Menschen getan: <\/strong> ER <strong>wurde in Jesus Christus wie ein Mensch und heilte und befreite jeden, der zu IHm kam. Und so tut Er das heute noch, und zwar durch Seinen Heiligen GEist, Der in jeden Menschen einziehen will und das durch Glauben an Jesus Chistus auch tut !<\/strong><\/p>\n\n\n\n<p class=\"has-text-color has-link-color has-medium-font-size wp-elements-c643662b61a69b5e4be62b50a92e2517\" style=\"color:#64320f\"><br><br><br><br><br><\/p>\n\n\n\n<p class=\"has-text-color has-link-color wp-elements-fd8ef0c6915998d541466ce170b5b1fc\" style=\"color:#b01e1e;padding-top:0;padding-right:0;padding-bottom:0;padding-left:0\"><\/p>\n\n\n\n<p><\/p>","protected":false},"excerpt":{"rendered":"<p>&#8211; aber warum ? Warum wird der Sch\u00f6pfer in Jesus genau so wie eine Seiner Erfindungen ? GOtt ist GEist; ER schuf die Himmel und alle Wesen darin &#8211; sie sind ebenfalls Geist. Und Er machte die Erde. Alle Wesen auf der Erde haben Fleisch mit Sehnen, Nerven, Muskeln usw. GOtt lebte &#8211; nur eine [&hellip;]<\/p>\n","protected":false},"author":1,"featured_media":0,"parent":0,"menu_order":0,"comment_status":"closed","ping_status":"closed","template":"","meta":{"_coblocks_attr":"Cormorant Garamond,Faustina,Asap,Heebo","_coblocks_dimensions":"","_coblocks_responsive_height":"","_coblocks_accordion_ie_support":"","hide_page_title":"","footnotes":""},"class_list":["post-754","page","type-page","status-publish","hentry"],"yoast_head":"<!-- This site is optimized with the Yoast SEO plugin v27.4 - https:\/\/yoast.com\/product\/yoast-seo-wordpress\/ -->\n<title>GOtt wird Mensch - Jesus connect<\/title>\n<meta name=\"robots\" content=\"index, follow, max-snippet:-1, max-image-preview:large, max-video-preview:-1\" \/>\n<link rel=\"canonical\" href=\"https:\/\/jesusconnect.de\/en\/gott-wird-mensch\/\" \/>\n<meta property=\"og:locale\" content=\"en_US\" \/>\n<meta property=\"og:type\" content=\"article\" \/>\n<meta property=\"og:title\" content=\"GOtt wird Mensch - Jesus connect\" \/>\n<meta property=\"og:description\" content=\"&#8211; aber warum ? Warum wird der Sch\u00f6pfer in Jesus genau so wie eine Seiner Erfindungen ? GOtt ist GEist; ER schuf die Himmel und alle Wesen darin &#8211; sie sind ebenfalls Geist. Und Er machte die Erde. Alle Wesen auf der Erde haben Fleisch mit Sehnen, Nerven, Muskeln usw. GOtt lebte &#8211; nur eine [&hellip;]\" \/>\n<meta property=\"og:url\" content=\"https:\/\/jesusconnect.de\/en\/gott-wird-mensch\/\" \/>\n<meta property=\"og:site_name\" content=\"Jesus connect\" \/>\n<meta property=\"article:modified_time\" content=\"2025-09-21T18:44:24+00:00\" \/>\n<meta property=\"og:image\" content=\"https:\/\/jesusconnect.de\/wp-content\/uploads\/2025\/02\/JC-Pfauenaugeschwarzgold_-1-scaled.jpg\" \/>\n\t<meta property=\"og:image:width\" content=\"2435\" \/>\n\t<meta property=\"og:image:height\" content=\"2560\" \/>\n\t<meta property=\"og:image:type\" content=\"image\/jpeg\" \/>\n<meta name=\"twitter:card\" content=\"summary_large_image\" \/>\n<meta name=\"twitter:label1\" content=\"Est. reading time\" \/>\n\t<meta name=\"twitter:data1\" content=\"3 minutes\" \/>\n<script type=\"application\/ld+json\" class=\"yoast-schema-graph\">{\"@context\":\"https:\\\/\\\/schema.org\",\"@graph\":[{\"@type\":\"WebPage\",\"@id\":\"https:\\\/\\\/jesusconnect.de\\\/gott-wird-mensch\\\/\",\"url\":\"https:\\\/\\\/jesusconnect.de\\\/gott-wird-mensch\\\/\",\"name\":\"GOtt wird Mensch - Jesus connect\",\"isPartOf\":{\"@id\":\"https:\\\/\\\/jesusconnect.de\\\/#website\"},\"primaryImageOfPage\":{\"@id\":\"https:\\\/\\\/jesusconnect.de\\\/gott-wird-mensch\\\/#primaryimage\"},\"image\":{\"@id\":\"https:\\\/\\\/jesusconnect.de\\\/gott-wird-mensch\\\/#primaryimage\"},\"thumbnailUrl\":\"https:\\\/\\\/jesusconnect.de\\\/wp-content\\\/uploads\\\/2025\\\/02\\\/JC-Pfauenaugeschwarzgold_-1-974x1024.jpg\",\"datePublished\":\"2025-02-28T14:19:56+00:00\",\"dateModified\":\"2025-09-21T18:44:24+00:00\",\"breadcrumb\":{\"@id\":\"https:\\\/\\\/jesusconnect.de\\\/gott-wird-mensch\\\/#breadcrumb\"},\"inLanguage\":\"en-US\",\"potentialAction\":[{\"@type\":\"ReadAction\",\"target\":[\"https:\\\/\\\/jesusconnect.de\\\/gott-wird-mensch\\\/\"]}]},{\"@type\":\"ImageObject\",\"inLanguage\":\"en-US\",\"@id\":\"https:\\\/\\\/jesusconnect.de\\\/gott-wird-mensch\\\/#primaryimage\",\"url\":\"https:\\\/\\\/jesusconnect.de\\\/wp-content\\\/uploads\\\/2025\\\/02\\\/JC-Pfauenaugeschwarzgold_-1-974x1024.jpg\",\"contentUrl\":\"https:\\\/\\\/jesusconnect.de\\\/wp-content\\\/uploads\\\/2025\\\/02\\\/JC-Pfauenaugeschwarzgold_-1-974x1024.jpg\"},{\"@type\":\"BreadcrumbList\",\"@id\":\"https:\\\/\\\/jesusconnect.de\\\/gott-wird-mensch\\\/#breadcrumb\",\"itemListElement\":[{\"@type\":\"ListItem\",\"position\":1,\"name\":\"Home\",\"item\":\"https:\\\/\\\/jesusconnect.de\\\/\"},{\"@type\":\"ListItem\",\"position\":2,\"name\":\"GOtt wird Mensch\"}]},{\"@type\":\"WebSite\",\"@id\":\"https:\\\/\\\/jesusconnect.de\\\/#website\",\"url\":\"https:\\\/\\\/jesusconnect.de\\\/\",\"name\":\"Jesus connect\",\"description\":\"Gott, Jesus Christus, Heiliger Geist, Glaube, Vater, Sohn und Geist - Zusammenh\u00e4nge kurz erkl\u00e4rt\",\"publisher\":{\"@id\":\"https:\\\/\\\/jesusconnect.de\\\/#\\\/schema\\\/person\\\/8a5c1358de3b9958321dad237031fccf\"},\"potentialAction\":[{\"@type\":\"SearchAction\",\"target\":{\"@type\":\"EntryPoint\",\"urlTemplate\":\"https:\\\/\\\/jesusconnect.de\\\/?s={search_term_string}\"},\"query-input\":{\"@type\":\"PropertyValueSpecification\",\"valueRequired\":true,\"valueName\":\"search_term_string\"}}],\"inLanguage\":\"en-US\"},{\"@type\":[\"Person\",\"Organization\"],\"@id\":\"https:\\\/\\\/jesusconnect.de\\\/#\\\/schema\\\/person\\\/8a5c1358de3b9958321dad237031fccf\",\"name\":\"karin\",\"image\":{\"@type\":\"ImageObject\",\"inLanguage\":\"en-US\",\"@id\":\"https:\\\/\\\/jesusconnect.de\\\/wp-content\\\/uploads\\\/2025\\\/09\\\/JC-Logp.jpg\",\"url\":\"https:\\\/\\\/jesusconnect.de\\\/wp-content\\\/uploads\\\/2025\\\/09\\\/JC-Logp.jpg\",\"contentUrl\":\"https:\\\/\\\/jesusconnect.de\\\/wp-content\\\/uploads\\\/2025\\\/09\\\/JC-Logp.jpg\",\"width\":792,\"height\":596,\"caption\":\"karin\"},\"logo\":{\"@id\":\"https:\\\/\\\/jesusconnect.de\\\/wp-content\\\/uploads\\\/2025\\\/09\\\/JC-Logp.jpg\"},\"sameAs\":[\"https:\\\/\\\/jesusconnect.de\"]}]}<\/script>\n<!-- \/ Yoast SEO plugin. -->","yoast_head_json":{"title":"GOtt wird Mensch - Jesus connect","robots":{"index":"index","follow":"follow","max-snippet":"max-snippet:-1","max-image-preview":"max-image-preview:large","max-video-preview":"max-video-preview:-1"},"canonical":"https:\/\/jesusconnect.de\/en\/gott-wird-mensch\/","og_locale":"en_US","og_type":"article","og_title":"GOtt wird Mensch - Jesus connect","og_description":"&#8211; aber warum ? Warum wird der Sch\u00f6pfer in Jesus genau so wie eine Seiner Erfindungen ? GOtt ist GEist; ER schuf die Himmel und alle Wesen darin &#8211; sie sind ebenfalls Geist. Und Er machte die Erde. Alle Wesen auf der Erde haben Fleisch mit Sehnen, Nerven, Muskeln usw. GOtt lebte &#8211; nur eine [&hellip;]","og_url":"https:\/\/jesusconnect.de\/en\/gott-wird-mensch\/","og_site_name":"Jesus connect","article_modified_time":"2025-09-21T18:44:24+00:00","og_image":[{"width":2435,"height":2560,"url":"https:\/\/jesusconnect.de\/wp-content\/uploads\/2025\/02\/JC-Pfauenaugeschwarzgold_-1-scaled.jpg","type":"image\/jpeg"}],"twitter_card":"summary_large_image","twitter_misc":{"Est. reading time":"3 minutes"},"schema":{"@context":"https:\/\/schema.org","@graph":[{"@type":"WebPage","@id":"https:\/\/jesusconnect.de\/gott-wird-mensch\/","url":"https:\/\/jesusconnect.de\/gott-wird-mensch\/","name":"GOtt wird Mensch - Jesus connect","isPartOf":{"@id":"https:\/\/jesusconnect.de\/#website"},"primaryImageOfPage":{"@id":"https:\/\/jesusconnect.de\/gott-wird-mensch\/#primaryimage"},"image":{"@id":"https:\/\/jesusconnect.de\/gott-wird-mensch\/#primaryimage"},"thumbnailUrl":"https:\/\/jesusconnect.de\/wp-content\/uploads\/2025\/02\/JC-Pfauenaugeschwarzgold_-1-974x1024.jpg","datePublished":"2025-02-28T14:19:56+00:00","dateModified":"2025-09-21T18:44:24+00:00","breadcrumb":{"@id":"https:\/\/jesusconnect.de\/gott-wird-mensch\/#breadcrumb"},"inLanguage":"en-US","potentialAction":[{"@type":"ReadAction","target":["https:\/\/jesusconnect.de\/gott-wird-mensch\/"]}]},{"@type":"ImageObject","inLanguage":"en-US","@id":"https:\/\/jesusconnect.de\/gott-wird-mensch\/#primaryimage","url":"https:\/\/jesusconnect.de\/wp-content\/uploads\/2025\/02\/JC-Pfauenaugeschwarzgold_-1-974x1024.jpg","contentUrl":"https:\/\/jesusconnect.de\/wp-content\/uploads\/2025\/02\/JC-Pfauenaugeschwarzgold_-1-974x1024.jpg"},{"@type":"BreadcrumbList","@id":"https:\/\/jesusconnect.de\/gott-wird-mensch\/#breadcrumb","itemListElement":[{"@type":"ListItem","position":1,"name":"Home","item":"https:\/\/jesusconnect.de\/"},{"@type":"ListItem","position":2,"name":"GOtt wird Mensch"}]},{"@type":"WebSite","@id":"https:\/\/jesusconnect.de\/#website","url":"https:\/\/jesusconnect.de\/","name":"Jesus connect","description":"Gott, Jesus Christus, Heiliger Geist, Glaube, Vater, Sohn und Geist - Zusammenh\u00e4nge kurz erkl\u00e4rt","publisher":{"@id":"https:\/\/jesusconnect.de\/#\/schema\/person\/8a5c1358de3b9958321dad237031fccf"},"potentialAction":[{"@type":"SearchAction","target":{"@type":"EntryPoint","urlTemplate":"https:\/\/jesusconnect.de\/?s={search_term_string}"},"query-input":{"@type":"PropertyValueSpecification","valueRequired":true,"valueName":"search_term_string"}}],"inLanguage":"en-US"},{"@type":["Person","Organization"],"@id":"https:\/\/jesusconnect.de\/#\/schema\/person\/8a5c1358de3b9958321dad237031fccf","name":"karin","image":{"@type":"ImageObject","inLanguage":"en-US","@id":"https:\/\/jesusconnect.de\/wp-content\/uploads\/2025\/09\/JC-Logp.jpg","url":"https:\/\/jesusconnect.de\/wp-content\/uploads\/2025\/09\/JC-Logp.jpg","contentUrl":"https:\/\/jesusconnect.de\/wp-content\/uploads\/2025\/09\/JC-Logp.jpg","width":792,"height":596,"caption":"karin"},"logo":{"@id":"https:\/\/jesusconnect.de\/wp-content\/uploads\/2025\/09\/JC-Logp.jpg"},"sameAs":["https:\/\/jesusconnect.de"]}]}},"_links":{"self":[{"href":"https:\/\/jesusconnect.de\/en\/wp-json\/wp\/v2\/pages\/754","targetHints":{"allow":["GET"]}}],"collection":[{"href":"https:\/\/jesusconnect.de\/en\/wp-json\/wp\/v2\/pages"}],"about":[{"href":"https:\/\/jesusconnect.de\/en\/wp-json\/wp\/v2\/types\/page"}],"author":[{"embeddable":true,"href":"https:\/\/jesusconnect.de\/en\/wp-json\/wp\/v2\/users\/1"}],"replies":[{"embeddable":true,"href":"https:\/\/jesusconnect.de\/en\/wp-json\/wp\/v2\/comments?post=754"}],"version-history":[{"count":71,"href":"https:\/\/jesusconnect.de\/en\/wp-json\/wp\/v2\/pages\/754\/revisions"}],"predecessor-version":[{"id":1456,"href":"https:\/\/jesusconnect.de\/en\/wp-json\/wp\/v2\/pages\/754\/revisions\/1456"}],"wp:attachment":[{"href":"https:\/\/jesusconnect.de\/en\/wp-json\/wp\/v2\/media?parent=754"}],"curies":[{"name":"wp","href":"https:\/\/api.w.org\/{rel}","templated":true}]}}