{"id":589,"date":"2025-02-25T22:18:50","date_gmt":"2025-02-25T21:48:50","guid":{"rendered":"https:\/\/jesusconnect.de\/?page_id=589"},"modified":"2025-10-29T20:52:00","modified_gmt":"2025-10-29T20:52:00","slug":"589-2","status":"publish","type":"page","link":"https:\/\/jesusconnect.de\/en\/589-2\/","title":{"rendered":"Sinn des Lebens"},"content":{"rendered":"<h2 class=\"wp-block-heading has-text-align-center has-secondary-color has-text-color has-link-color has-huge-font-size wp-elements-b3af41a20e773fc48f9cd4dc073af7e9\">Was geschah, bevor unsere Welt existierte ?<\/h2>\n\n\n\n<p class=\"is-style-warning\"><strong>Neues Testament, Brief an die Epheser, Kapitel 1, Verse 4f. :<\/strong><\/p>\n\n\n\n<p><\/p>\n\n\n\n<p><\/p>\n\n\n\n<p class=\"has-text-align-center is-style-default has-text-color has-large-font-size\" style=\"color:#d3991b;font-style:italic;font-weight:300\"><strong>In Christus<\/strong><\/p>\n\n\n\n<p class=\"has-text-align-center is-style-default has-text-color has-large-font-size\" style=\"color:#d3991b;font-style:italic;font-weight:300\">hat GOtt  die Menschheit &#8211; uns, den Menschen &#8211; <strong>jeden Menschen &#8211; <\/strong>schon vor der Erschaffung der Welt erw\u00e4hlt<\/p>\n\n\n\n<p class=\"has-text-align-center is-style-default has-text-color has-large-font-size\" style=\"color:#d3991b;font-style:italic;font-weight:300\">mit dem Ziel, dass wir <\/p>\n\n\n\n<p class=\"has-text-align-center is-style-default has-text-color has-background has-large-font-size\" style=\"color:#dc9908;background-color:#945454;font-style:italic;font-weight:300\">ein Leben in Seiner Gegenwart f\u00fchren, erf\u00fcllt von <a href=\"https:\/\/jesusconnect.de\/en\/seine-liebe\/\">Seiner Liebe<\/a>.<\/p>\n\n\n\n<p class=\"has-text-align-center is-style-default has-text-color has-large-font-size\" style=\"color:#d3991b;font-style:italic;font-weight:300\"><em>Durch unseren Glauben an  Jesus  Christus   sollten wir &#8211; ehe der Welt Grund gelegt war &#8211; heilig und unstr\u00e4flic<\/em>h vor IHm sein in Liebe.<\/p>\n\n\n\n<p class=\"has-text-align-center is-style-default has-text-color has-large-font-size\" style=\"color:#d3991b;font-style:italic;font-weight:300\">Vor allem Anfang hat Er uns schon dazu bestimmt,<\/p>\n\n\n\n<p class=\"has-text-align-center is-style-default has-text-color has-large-font-size\" style=\"color:#d3991b;font-style:italic;font-weight:300\">durch Jesus Christus Seine S\u00f6hne und T\u00f6chter zu werden, <\/p>\n\n\n\n<p class=\"has-text-align-center is-style-default has-text-color has-large-font-size\" style=\"color:#d3991b;font-style:italic;font-weight:300\"><strong>since His SON died and resurrected only that is <\/strong>war Sein Plan, so hatte Er es beschlossen.<\/p>\n\n\n\n<p class=\"has-text-align-center is-style-default has-text-color has-large-font-size\" style=\"color:#d3991b;font-style:italic;font-weight:300\">Eph 1,4f. <br><\/p>\n\n\n\n<p class=\"has-text-align-center\"><\/p>\n\n\n\n<p><\/p>\n\n\n\n<figure class=\"wp-block-image size-large\"><img loading=\"lazy\" decoding=\"async\" width=\"724\" height=\"1024\" src=\"https:\/\/jesusconnect.de\/wp-content\/uploads\/2025\/02\/neu-pisces-2-724x1024.jpg\" alt=\"\" class=\"wp-image-603\" srcset=\"https:\/\/jesusconnect.de\/wp-content\/uploads\/2025\/02\/neu-pisces-2-724x1024.jpg 724w, https:\/\/jesusconnect.de\/wp-content\/uploads\/2025\/02\/neu-pisces-2-212x300.jpg 212w, https:\/\/jesusconnect.de\/wp-content\/uploads\/2025\/02\/neu-pisces-2-768x1086.jpg 768w, https:\/\/jesusconnect.de\/wp-content\/uploads\/2025\/02\/neu-pisces-2-1086x1536.jpg 1086w, https:\/\/jesusconnect.de\/wp-content\/uploads\/2025\/02\/neu-pisces-2-1448x2048.jpg 1448w, https:\/\/jesusconnect.de\/wp-content\/uploads\/2025\/02\/neu-pisces-2-8x12.jpg 8w, https:\/\/jesusconnect.de\/wp-content\/uploads\/2025\/02\/neu-pisces-2-scaled.jpg 1810w\" sizes=\"auto, (max-width: 724px) 100vw, 724px\" \/><\/figure>\n\n\n\n<div class=\"wp-block-buttons is-layout-flex wp-block-buttons-is-layout-flex\">\n<div class=\"wp-block-button\"><a class=\"wp-block-button__link has-background wp-element-button\" href=\"https:\/\/jesusconnect.de\/en\/jesus-ist\/vater\/\" style=\"background-color:#b8a7a7\">zur\u00fcck zu &#8222;Der VATER&#8220;<\/a><\/div>\n<\/div>\n\n\n\n<p><\/p>\n\n\n\n<h2 class=\"wp-block-heading\">Wer wir sind &#8230;<\/h2>\n\n\n\n<p class=\"has-text-color has-link-color has-medium-font-size wp-elements-431f10571f0c2884eaed518ccb0d7640\" style=\"color:#392505\"><strong>Wie die Schriftstelle oben sagt, war es der Plan des Sch\u00f6pfers, ein Wesen zu erschaffen, das IHm gleich sein sollte an Gestalt, Seele und Intellekt. Vor allem sollte es einen freien Willen haben, um GOtt von Herzen lieben zu k\u00f6nnen; eine Marionette wollte der Sch\u00f6pfer nicht bauen, eine Puppe, die nicht in der Lage ist eigenst\u00e4ndig zu handeln.<\/strong><\/p>\n\n\n\n<p><\/p>\n\n\n\n<p class=\"has-medium-font-size\"><\/p>\n\n\n\n<p class=\"has-medium-font-size\"><\/p>\n\n\n\n<p><\/p>","protected":false},"excerpt":{"rendered":"<p>Was geschah, bevor unsere Welt existierte ? Neues Testament, Brief an die Epheser, Kapitel 1, Verse 4f. : In Christus hat GOtt die Menschheit &#8211; uns, den Menschen &#8211; jeden Menschen &#8211; schon vor der Erschaffung der Welt erw\u00e4hlt mit dem Ziel, dass wir ein Leben in Seiner Gegenwart f\u00fchren, erf\u00fcllt von Seiner Liebe. Durch [&hellip;]<\/p>\n","protected":false},"author":1,"featured_media":0,"parent":0,"menu_order":0,"comment_status":"closed","ping_status":"closed","template":"","meta":{"_coblocks_attr":"","_coblocks_dimensions":"","_coblocks_responsive_height":"","_coblocks_accordion_ie_support":"","hide_page_title":"","footnotes":""},"class_list":["post-589","page","type-page","status-publish","hentry"],"yoast_head":"<!-- This site is optimized with the Yoast SEO plugin v27.4 - https:\/\/yoast.com\/product\/yoast-seo-wordpress\/ -->\n<title>Sinn des Lebens - Jesus connect<\/title>\n<meta name=\"robots\" content=\"index, follow, max-snippet:-1, max-image-preview:large, max-video-preview:-1\" \/>\n<link rel=\"canonical\" href=\"https:\/\/jesusconnect.de\/en\/589-2\/\" \/>\n<meta property=\"og:locale\" content=\"en_US\" \/>\n<meta property=\"og:type\" content=\"article\" \/>\n<meta property=\"og:title\" content=\"Sinn des Lebens - Jesus connect\" \/>\n<meta property=\"og:description\" content=\"Was geschah, bevor unsere Welt existierte ? Neues Testament, Brief an die Epheser, Kapitel 1, Verse 4f. : In Christus hat GOtt die Menschheit &#8211; uns, den Menschen &#8211; jeden Menschen &#8211; schon vor der Erschaffung der Welt erw\u00e4hlt mit dem Ziel, dass wir ein Leben in Seiner Gegenwart f\u00fchren, erf\u00fcllt von Seiner Liebe. Durch [&hellip;]\" \/>\n<meta property=\"og:url\" content=\"https:\/\/jesusconnect.de\/en\/589-2\/\" \/>\n<meta property=\"og:site_name\" content=\"Jesus connect\" \/>\n<meta property=\"article:modified_time\" content=\"2025-10-29T20:52:00+00:00\" \/>\n<meta property=\"og:image\" content=\"https:\/\/jesusconnect.de\/wp-content\/uploads\/2025\/02\/neu-pisces-2-scaled.jpg\" \/>\n\t<meta property=\"og:image:width\" content=\"1810\" \/>\n\t<meta property=\"og:image:height\" content=\"2560\" \/>\n\t<meta property=\"og:image:type\" content=\"image\/jpeg\" \/>\n<meta name=\"twitter:card\" content=\"summary_large_image\" \/>\n<meta name=\"twitter:label1\" content=\"Est. reading time\" \/>\n\t<meta name=\"twitter:data1\" content=\"2 minutes\" \/>\n<script type=\"application\/ld+json\" class=\"yoast-schema-graph\">{\"@context\":\"https:\\\/\\\/schema.org\",\"@graph\":[{\"@type\":\"WebPage\",\"@id\":\"https:\\\/\\\/jesusconnect.de\\\/589-2\\\/\",\"url\":\"https:\\\/\\\/jesusconnect.de\\\/589-2\\\/\",\"name\":\"Sinn des Lebens - Jesus connect\",\"isPartOf\":{\"@id\":\"https:\\\/\\\/jesusconnect.de\\\/#website\"},\"primaryImageOfPage\":{\"@id\":\"https:\\\/\\\/jesusconnect.de\\\/589-2\\\/#primaryimage\"},\"image\":{\"@id\":\"https:\\\/\\\/jesusconnect.de\\\/589-2\\\/#primaryimage\"},\"thumbnailUrl\":\"https:\\\/\\\/jesusconnect.de\\\/wp-content\\\/uploads\\\/2025\\\/02\\\/neu-pisces-2-724x1024.jpg\",\"datePublished\":\"2025-02-25T21:48:50+00:00\",\"dateModified\":\"2025-10-29T20:52:00+00:00\",\"breadcrumb\":{\"@id\":\"https:\\\/\\\/jesusconnect.de\\\/589-2\\\/#breadcrumb\"},\"inLanguage\":\"en-US\",\"potentialAction\":[{\"@type\":\"ReadAction\",\"target\":[\"https:\\\/\\\/jesusconnect.de\\\/589-2\\\/\"]}]},{\"@type\":\"ImageObject\",\"inLanguage\":\"en-US\",\"@id\":\"https:\\\/\\\/jesusconnect.de\\\/589-2\\\/#primaryimage\",\"url\":\"https:\\\/\\\/jesusconnect.de\\\/wp-content\\\/uploads\\\/2025\\\/02\\\/neu-pisces-2-724x1024.jpg\",\"contentUrl\":\"https:\\\/\\\/jesusconnect.de\\\/wp-content\\\/uploads\\\/2025\\\/02\\\/neu-pisces-2-724x1024.jpg\"},{\"@type\":\"BreadcrumbList\",\"@id\":\"https:\\\/\\\/jesusconnect.de\\\/589-2\\\/#breadcrumb\",\"itemListElement\":[{\"@type\":\"ListItem\",\"position\":1,\"name\":\"Home\",\"item\":\"https:\\\/\\\/jesusconnect.de\\\/\"},{\"@type\":\"ListItem\",\"position\":2,\"name\":\"Sinn des Lebens\"}]},{\"@type\":\"WebSite\",\"@id\":\"https:\\\/\\\/jesusconnect.de\\\/#website\",\"url\":\"https:\\\/\\\/jesusconnect.de\\\/\",\"name\":\"Jesus connect\",\"description\":\"Gott, Jesus Christus, Heiliger Geist, Glaube, Vater, Sohn und Geist - Zusammenh\u00e4nge kurz erkl\u00e4rt\",\"publisher\":{\"@id\":\"https:\\\/\\\/jesusconnect.de\\\/#\\\/schema\\\/person\\\/8a5c1358de3b9958321dad237031fccf\"},\"potentialAction\":[{\"@type\":\"SearchAction\",\"target\":{\"@type\":\"EntryPoint\",\"urlTemplate\":\"https:\\\/\\\/jesusconnect.de\\\/?s={search_term_string}\"},\"query-input\":{\"@type\":\"PropertyValueSpecification\",\"valueRequired\":true,\"valueName\":\"search_term_string\"}}],\"inLanguage\":\"en-US\"},{\"@type\":[\"Person\",\"Organization\"],\"@id\":\"https:\\\/\\\/jesusconnect.de\\\/#\\\/schema\\\/person\\\/8a5c1358de3b9958321dad237031fccf\",\"name\":\"karin\",\"image\":{\"@type\":\"ImageObject\",\"inLanguage\":\"en-US\",\"@id\":\"https:\\\/\\\/jesusconnect.de\\\/wp-content\\\/uploads\\\/2025\\\/09\\\/JC-Logp.jpg\",\"url\":\"https:\\\/\\\/jesusconnect.de\\\/wp-content\\\/uploads\\\/2025\\\/09\\\/JC-Logp.jpg\",\"contentUrl\":\"https:\\\/\\\/jesusconnect.de\\\/wp-content\\\/uploads\\\/2025\\\/09\\\/JC-Logp.jpg\",\"width\":792,\"height\":596,\"caption\":\"karin\"},\"logo\":{\"@id\":\"https:\\\/\\\/jesusconnect.de\\\/wp-content\\\/uploads\\\/2025\\\/09\\\/JC-Logp.jpg\"},\"sameAs\":[\"https:\\\/\\\/jesusconnect.de\"]}]}<\/script>\n<!-- \/ Yoast SEO plugin. -->","yoast_head_json":{"title":"Sinn des Lebens - Jesus connect","robots":{"index":"index","follow":"follow","max-snippet":"max-snippet:-1","max-image-preview":"max-image-preview:large","max-video-preview":"max-video-preview:-1"},"canonical":"https:\/\/jesusconnect.de\/en\/589-2\/","og_locale":"en_US","og_type":"article","og_title":"Sinn des Lebens - Jesus connect","og_description":"Was geschah, bevor unsere Welt existierte ? Neues Testament, Brief an die Epheser, Kapitel 1, Verse 4f. : In Christus hat GOtt die Menschheit &#8211; uns, den Menschen &#8211; jeden Menschen &#8211; schon vor der Erschaffung der Welt erw\u00e4hlt mit dem Ziel, dass wir ein Leben in Seiner Gegenwart f\u00fchren, erf\u00fcllt von Seiner Liebe. Durch [&hellip;]","og_url":"https:\/\/jesusconnect.de\/en\/589-2\/","og_site_name":"Jesus connect","article_modified_time":"2025-10-29T20:52:00+00:00","og_image":[{"width":1810,"height":2560,"url":"https:\/\/jesusconnect.de\/wp-content\/uploads\/2025\/02\/neu-pisces-2-scaled.jpg","type":"image\/jpeg"}],"twitter_card":"summary_large_image","twitter_misc":{"Est. reading time":"2 minutes"},"schema":{"@context":"https:\/\/schema.org","@graph":[{"@type":"WebPage","@id":"https:\/\/jesusconnect.de\/589-2\/","url":"https:\/\/jesusconnect.de\/589-2\/","name":"Sinn des Lebens - Jesus connect","isPartOf":{"@id":"https:\/\/jesusconnect.de\/#website"},"primaryImageOfPage":{"@id":"https:\/\/jesusconnect.de\/589-2\/#primaryimage"},"image":{"@id":"https:\/\/jesusconnect.de\/589-2\/#primaryimage"},"thumbnailUrl":"https:\/\/jesusconnect.de\/wp-content\/uploads\/2025\/02\/neu-pisces-2-724x1024.jpg","datePublished":"2025-02-25T21:48:50+00:00","dateModified":"2025-10-29T20:52:00+00:00","breadcrumb":{"@id":"https:\/\/jesusconnect.de\/589-2\/#breadcrumb"},"inLanguage":"en-US","potentialAction":[{"@type":"ReadAction","target":["https:\/\/jesusconnect.de\/589-2\/"]}]},{"@type":"ImageObject","inLanguage":"en-US","@id":"https:\/\/jesusconnect.de\/589-2\/#primaryimage","url":"https:\/\/jesusconnect.de\/wp-content\/uploads\/2025\/02\/neu-pisces-2-724x1024.jpg","contentUrl":"https:\/\/jesusconnect.de\/wp-content\/uploads\/2025\/02\/neu-pisces-2-724x1024.jpg"},{"@type":"BreadcrumbList","@id":"https:\/\/jesusconnect.de\/589-2\/#breadcrumb","itemListElement":[{"@type":"ListItem","position":1,"name":"Home","item":"https:\/\/jesusconnect.de\/"},{"@type":"ListItem","position":2,"name":"Sinn des Lebens"}]},{"@type":"WebSite","@id":"https:\/\/jesusconnect.de\/#website","url":"https:\/\/jesusconnect.de\/","name":"Jesus connect","description":"Gott, Jesus Christus, Heiliger Geist, Glaube, Vater, Sohn und Geist - Zusammenh\u00e4nge kurz erkl\u00e4rt","publisher":{"@id":"https:\/\/jesusconnect.de\/#\/schema\/person\/8a5c1358de3b9958321dad237031fccf"},"potentialAction":[{"@type":"SearchAction","target":{"@type":"EntryPoint","urlTemplate":"https:\/\/jesusconnect.de\/?s={search_term_string}"},"query-input":{"@type":"PropertyValueSpecification","valueRequired":true,"valueName":"search_term_string"}}],"inLanguage":"en-US"},{"@type":["Person","Organization"],"@id":"https:\/\/jesusconnect.de\/#\/schema\/person\/8a5c1358de3b9958321dad237031fccf","name":"karin","image":{"@type":"ImageObject","inLanguage":"en-US","@id":"https:\/\/jesusconnect.de\/wp-content\/uploads\/2025\/09\/JC-Logp.jpg","url":"https:\/\/jesusconnect.de\/wp-content\/uploads\/2025\/09\/JC-Logp.jpg","contentUrl":"https:\/\/jesusconnect.de\/wp-content\/uploads\/2025\/09\/JC-Logp.jpg","width":792,"height":596,"caption":"karin"},"logo":{"@id":"https:\/\/jesusconnect.de\/wp-content\/uploads\/2025\/09\/JC-Logp.jpg"},"sameAs":["https:\/\/jesusconnect.de"]}]}},"_links":{"self":[{"href":"https:\/\/jesusconnect.de\/en\/wp-json\/wp\/v2\/pages\/589","targetHints":{"allow":["GET"]}}],"collection":[{"href":"https:\/\/jesusconnect.de\/en\/wp-json\/wp\/v2\/pages"}],"about":[{"href":"https:\/\/jesusconnect.de\/en\/wp-json\/wp\/v2\/types\/page"}],"author":[{"embeddable":true,"href":"https:\/\/jesusconnect.de\/en\/wp-json\/wp\/v2\/users\/1"}],"replies":[{"embeddable":true,"href":"https:\/\/jesusconnect.de\/en\/wp-json\/wp\/v2\/comments?post=589"}],"version-history":[{"count":52,"href":"https:\/\/jesusconnect.de\/en\/wp-json\/wp\/v2\/pages\/589\/revisions"}],"predecessor-version":[{"id":1707,"href":"https:\/\/jesusconnect.de\/en\/wp-json\/wp\/v2\/pages\/589\/revisions\/1707"}],"wp:attachment":[{"href":"https:\/\/jesusconnect.de\/en\/wp-json\/wp\/v2\/media?parent=589"}],"curies":[{"name":"wp","href":"https:\/\/api.w.org\/{rel}","templated":true}]}}