{"id":454,"date":"2025-01-02T21:09:42","date_gmt":"2025-01-02T20:39:42","guid":{"rendered":"https:\/\/jesusconnect.de\/?page_id=454"},"modified":"2025-10-31T20:45:07","modified_gmt":"2025-10-31T20:45:07","slug":"entscheidung","status":"publish","type":"page","link":"https:\/\/jesusconnect.de\/en\/entscheidung\/","title":{"rendered":"Entscheidung"},"content":{"rendered":"<h2 class=\"wp-block-heading has-text-align-center has-text-color has-link-color wp-elements-b18dc414b4014bb3e3da8f802a3a11e7\" style=\"color:#4e0c02\"><strong>zwischen Gut und B\u00f6se<\/strong><\/h2>\n\n\n\n<p><\/p>\n\n\n\n<details class=\"wp-block-details is-layout-flow wp-block-details-is-layout-flow\"><summary><\/summary>\n<p><\/p>\n<\/details>\n\n\n\n<p class=\"has-text-align-center is-style-warning has-text-color has-background has-link-color has-huge-font-size wp-elements-4eababc158362dc7987af2f6270a1fe0\" style=\"color:#348524;background-color:#a30d0d\"><strong>Kennen wir <\/strong>denn <a href=\"https:\/\/jesusconnect.de\/en\/ueber\/\">since His SON died and resurrected only that is <strong>Gute<\/strong> und das <strong>B\u00f6se<\/strong><\/a> ?<\/p>\n\n\n\n<p class=\"has-text-align-center is-style-warning has-background has-huge-font-size\" style=\"background-color:#370808\"><strong>Wonach <\/strong>wird unterschieden<strong> ?<\/strong><\/p>\n\n\n\n<p class=\"has-text-align-left is-style-warning has-text-color has-background has-link-color has-medium-font-size wp-elements-01aa843362e4abdacabb9cb9a39a3c57\" style=\"color:#2d2d0d;background-color:#8b6565\">Gut und B\u00f6se wird gepr\u00e4gt durch Bildung und sozialen Einfluss &#8211; <strong>moralische Urteile<\/strong>, die aus biologischen, psychologischen und kulturellen Gr\u00fcnden gef\u00e4llt werden. Hierbei gibt es<strong> keine einheitliche Linie<\/strong>.<\/p>\n\n\n\n<ul style=\"color:#690101\" class=\"wp-block-list has-text-color has-link-color has-medium-font-size wp-elements-3edc227144b60342d353d0a67fde60bd\">\n<li><strong>Nazis mordeten gewissenlos<\/strong>.<\/li>\n\n\n\n<li><strong>Terroristen glauben, Mord  sei gut<\/strong>.<\/li>\n\n\n\n<li>Z.B.  <strong>Israel jagdt und t\u00f6tet solche Terroristen<\/strong>.<\/li>\n\n\n\n<li>aber <strong>die Welt entschuldigt Terror und schreit, Israel handle unrecht anstatt ihm gegen den Terror <strong> zu helfen<\/strong>.<\/strong><\/li>\n\n\n\n<li><strong>Die Welt glaubt, es g\u00e4be keinen Sch\u00f6pfer.<\/strong><\/li>\n\n\n\n<li><strong>LGBTQ+<\/strong> <strong> braucht Gewalt gegen Menschen, die sich von LGBTQ+<\/strong> <strong> abgrenzen<\/strong>.<\/li>\n\n\n\n<li><strong>GOtt aber sagt: &#8222;<\/strong><em><strong>Wehe denen, die B\u00f6ses gut und Gutes b\u00f6se nennen, die Finsternis zu Licht und Licht zu Finsternis machen, die Bitteres s\u00fc\u00df und S\u00fc\u00dfes bitter machen<\/strong><\/em> !<strong>&#8222;<\/strong>  (Jesaja 5,20)<\/li>\n<\/ul>\n\n\n\n<p class=\"is-style-error has-text-color has-background has-link-color has-large-font-size wp-elements-61303447dce4828c2d3e3b55b6b3c24d\" style=\"color:#252003;background-color:#904e4e\">Laut <strong>Bibel <\/strong>&#8211; GOttes Gebrauchsanweisung &#8211; ist das Erkennen von Gut und B\u00f6se ein Zusammenspiel zwischen GOtt und Mensch, d.i. seine geistliche Beziehung zu seinem Sch\u00f6pfer. <strong>Wer<\/strong> diese Beziehung <strong>nicht sucht<\/strong>, tut das, was er <strong>selbst <\/strong>ok findet, ohne dazu den <strong>Sch\u00f6pfer <\/strong>zu fragen. Die Folgen erleben wir immer st\u00e4rker.<\/p>\n\n\n\n<p class=\"has-text-color has-link-color has-medium-font-size wp-elements-bcb44850a603e16764fec5a5938ffcce\" style=\"color:#898318\"><\/p>\n\n\n\n<figure class=\"wp-block-image alignwide size-large\"><img loading=\"lazy\" decoding=\"async\" width=\"1024\" height=\"768\" src=\"https:\/\/jesusconnect.de\/wp-content\/uploads\/2025\/01\/JC-Weg-und-Wahrheit-1024x768.jpg\" alt=\"\" class=\"wp-image-466\" srcset=\"https:\/\/jesusconnect.de\/wp-content\/uploads\/2025\/01\/JC-Weg-und-Wahrheit-1024x768.jpg 1024w, https:\/\/jesusconnect.de\/wp-content\/uploads\/2025\/01\/JC-Weg-und-Wahrheit-300x225.jpg 300w, https:\/\/jesusconnect.de\/wp-content\/uploads\/2025\/01\/JC-Weg-und-Wahrheit-768x576.jpg 768w, https:\/\/jesusconnect.de\/wp-content\/uploads\/2025\/01\/JC-Weg-und-Wahrheit-1536x1152.jpg 1536w, https:\/\/jesusconnect.de\/wp-content\/uploads\/2025\/01\/JC-Weg-und-Wahrheit-2048x1536.jpg 2048w, https:\/\/jesusconnect.de\/wp-content\/uploads\/2025\/01\/JC-Weg-und-Wahrheit-16x12.jpg 16w\" sizes=\"auto, (max-width: 1024px) 100vw, 1024px\" \/><\/figure>\n\n\n\n\n\n<div class=\"wp-block-columns alignwide is-layout-flex wp-container-core-columns-is-layout-9d6595d7 wp-block-columns-is-layout-flex\">\n<div class=\"wp-block-column is-layout-flow wp-block-column-is-layout-flow\"><\/div>\n<\/div>\n\n\n\n<p><\/p>\n\n\n\n<p><\/p>\n\n\n\n\n\n<p><\/p>","protected":false},"excerpt":{"rendered":"<p>zwischen Gut und B\u00f6se Kennen wir denn das Gute und das B\u00f6se ? Wonach wird unterschieden ? Gut und B\u00f6se wird gepr\u00e4gt durch Bildung und sozialen Einfluss &#8211; moralische Urteile, die aus biologischen, psychologischen und kulturellen Gr\u00fcnden gef\u00e4llt werden. Hierbei gibt es keine einheitliche Linie. Laut Bibel &#8211; GOttes Gebrauchsanweisung &#8211; ist das Erkennen von [&hellip;]<\/p>\n","protected":false},"author":1,"featured_media":0,"parent":0,"menu_order":0,"comment_status":"closed","ping_status":"closed","template":"","meta":{"_coblocks_attr":"","_coblocks_dimensions":"","_coblocks_responsive_height":"","_coblocks_accordion_ie_support":"","hide_page_title":"","footnotes":"[]"},"class_list":["post-454","page","type-page","status-publish","hentry"],"yoast_head":"<!-- This site is optimized with the Yoast SEO plugin v27.4 - https:\/\/yoast.com\/product\/yoast-seo-wordpress\/ -->\n<title>Entscheidung - Jesus connect<\/title>\n<meta name=\"robots\" content=\"index, follow, max-snippet:-1, max-image-preview:large, max-video-preview:-1\" \/>\n<link rel=\"canonical\" href=\"https:\/\/jesusconnect.de\/en\/entscheidung\/\" \/>\n<meta property=\"og:locale\" content=\"en_US\" \/>\n<meta property=\"og:type\" content=\"article\" \/>\n<meta property=\"og:title\" content=\"Entscheidung - Jesus connect\" \/>\n<meta property=\"og:description\" content=\"zwischen Gut und B\u00f6se Kennen wir denn das Gute und das B\u00f6se ? Wonach wird unterschieden ? Gut und B\u00f6se wird gepr\u00e4gt durch Bildung und sozialen Einfluss &#8211; moralische Urteile, die aus biologischen, psychologischen und kulturellen Gr\u00fcnden gef\u00e4llt werden. Hierbei gibt es keine einheitliche Linie. Laut Bibel &#8211; GOttes Gebrauchsanweisung &#8211; ist das Erkennen von [&hellip;]\" \/>\n<meta property=\"og:url\" content=\"https:\/\/jesusconnect.de\/en\/entscheidung\/\" \/>\n<meta property=\"og:site_name\" content=\"Jesus connect\" \/>\n<meta property=\"article:modified_time\" content=\"2025-10-31T20:45:07+00:00\" \/>\n<meta property=\"og:image\" content=\"https:\/\/jesusconnect.de\/wp-content\/uploads\/2025\/01\/JC-Weg-und-Wahrheit-scaled.jpg\" \/>\n\t<meta property=\"og:image:width\" content=\"2560\" \/>\n\t<meta property=\"og:image:height\" content=\"1920\" \/>\n\t<meta property=\"og:image:type\" content=\"image\/jpeg\" \/>\n<meta name=\"twitter:card\" content=\"summary_large_image\" \/>\n<meta name=\"twitter:label1\" content=\"Est. reading time\" \/>\n\t<meta name=\"twitter:data1\" content=\"2 minutes\" \/>\n<script type=\"application\/ld+json\" class=\"yoast-schema-graph\">{\"@context\":\"https:\\\/\\\/schema.org\",\"@graph\":[{\"@type\":\"WebPage\",\"@id\":\"https:\\\/\\\/jesusconnect.de\\\/entscheidung\\\/\",\"url\":\"https:\\\/\\\/jesusconnect.de\\\/entscheidung\\\/\",\"name\":\"Entscheidung - Jesus connect\",\"isPartOf\":{\"@id\":\"https:\\\/\\\/jesusconnect.de\\\/#website\"},\"primaryImageOfPage\":{\"@id\":\"https:\\\/\\\/jesusconnect.de\\\/entscheidung\\\/#primaryimage\"},\"image\":{\"@id\":\"https:\\\/\\\/jesusconnect.de\\\/entscheidung\\\/#primaryimage\"},\"thumbnailUrl\":\"https:\\\/\\\/jesusconnect.de\\\/wp-content\\\/uploads\\\/2025\\\/01\\\/JC-Weg-und-Wahrheit-1024x768.jpg\",\"datePublished\":\"2025-01-02T20:39:42+00:00\",\"dateModified\":\"2025-10-31T20:45:07+00:00\",\"breadcrumb\":{\"@id\":\"https:\\\/\\\/jesusconnect.de\\\/entscheidung\\\/#breadcrumb\"},\"inLanguage\":\"en-US\",\"potentialAction\":[{\"@type\":\"ReadAction\",\"target\":[\"https:\\\/\\\/jesusconnect.de\\\/entscheidung\\\/\"]}]},{\"@type\":\"ImageObject\",\"inLanguage\":\"en-US\",\"@id\":\"https:\\\/\\\/jesusconnect.de\\\/entscheidung\\\/#primaryimage\",\"url\":\"https:\\\/\\\/jesusconnect.de\\\/wp-content\\\/uploads\\\/2025\\\/01\\\/JC-Weg-und-Wahrheit-1024x768.jpg\",\"contentUrl\":\"https:\\\/\\\/jesusconnect.de\\\/wp-content\\\/uploads\\\/2025\\\/01\\\/JC-Weg-und-Wahrheit-1024x768.jpg\"},{\"@type\":\"BreadcrumbList\",\"@id\":\"https:\\\/\\\/jesusconnect.de\\\/entscheidung\\\/#breadcrumb\",\"itemListElement\":[{\"@type\":\"ListItem\",\"position\":1,\"name\":\"Home\",\"item\":\"https:\\\/\\\/jesusconnect.de\\\/\"},{\"@type\":\"ListItem\",\"position\":2,\"name\":\"Entscheidung\"}]},{\"@type\":\"WebSite\",\"@id\":\"https:\\\/\\\/jesusconnect.de\\\/#website\",\"url\":\"https:\\\/\\\/jesusconnect.de\\\/\",\"name\":\"Jesus connect\",\"description\":\"Gott, Jesus Christus, Heiliger Geist, Glaube, Vater, Sohn und Geist - Zusammenh\u00e4nge kurz erkl\u00e4rt\",\"publisher\":{\"@id\":\"https:\\\/\\\/jesusconnect.de\\\/#\\\/schema\\\/person\\\/8a5c1358de3b9958321dad237031fccf\"},\"potentialAction\":[{\"@type\":\"SearchAction\",\"target\":{\"@type\":\"EntryPoint\",\"urlTemplate\":\"https:\\\/\\\/jesusconnect.de\\\/?s={search_term_string}\"},\"query-input\":{\"@type\":\"PropertyValueSpecification\",\"valueRequired\":true,\"valueName\":\"search_term_string\"}}],\"inLanguage\":\"en-US\"},{\"@type\":[\"Person\",\"Organization\"],\"@id\":\"https:\\\/\\\/jesusconnect.de\\\/#\\\/schema\\\/person\\\/8a5c1358de3b9958321dad237031fccf\",\"name\":\"karin\",\"image\":{\"@type\":\"ImageObject\",\"inLanguage\":\"en-US\",\"@id\":\"https:\\\/\\\/jesusconnect.de\\\/wp-content\\\/uploads\\\/2025\\\/09\\\/JC-Logp.jpg\",\"url\":\"https:\\\/\\\/jesusconnect.de\\\/wp-content\\\/uploads\\\/2025\\\/09\\\/JC-Logp.jpg\",\"contentUrl\":\"https:\\\/\\\/jesusconnect.de\\\/wp-content\\\/uploads\\\/2025\\\/09\\\/JC-Logp.jpg\",\"width\":792,\"height\":596,\"caption\":\"karin\"},\"logo\":{\"@id\":\"https:\\\/\\\/jesusconnect.de\\\/wp-content\\\/uploads\\\/2025\\\/09\\\/JC-Logp.jpg\"},\"sameAs\":[\"https:\\\/\\\/jesusconnect.de\"]}]}<\/script>\n<!-- \/ Yoast SEO plugin. -->","yoast_head_json":{"title":"Entscheidung - Jesus connect","robots":{"index":"index","follow":"follow","max-snippet":"max-snippet:-1","max-image-preview":"max-image-preview:large","max-video-preview":"max-video-preview:-1"},"canonical":"https:\/\/jesusconnect.de\/en\/entscheidung\/","og_locale":"en_US","og_type":"article","og_title":"Entscheidung - Jesus connect","og_description":"zwischen Gut und B\u00f6se Kennen wir denn das Gute und das B\u00f6se ? Wonach wird unterschieden ? Gut und B\u00f6se wird gepr\u00e4gt durch Bildung und sozialen Einfluss &#8211; moralische Urteile, die aus biologischen, psychologischen und kulturellen Gr\u00fcnden gef\u00e4llt werden. Hierbei gibt es keine einheitliche Linie. Laut Bibel &#8211; GOttes Gebrauchsanweisung &#8211; ist das Erkennen von [&hellip;]","og_url":"https:\/\/jesusconnect.de\/en\/entscheidung\/","og_site_name":"Jesus connect","article_modified_time":"2025-10-31T20:45:07+00:00","og_image":[{"width":2560,"height":1920,"url":"https:\/\/jesusconnect.de\/wp-content\/uploads\/2025\/01\/JC-Weg-und-Wahrheit-scaled.jpg","type":"image\/jpeg"}],"twitter_card":"summary_large_image","twitter_misc":{"Est. reading time":"2 minutes"},"schema":{"@context":"https:\/\/schema.org","@graph":[{"@type":"WebPage","@id":"https:\/\/jesusconnect.de\/entscheidung\/","url":"https:\/\/jesusconnect.de\/entscheidung\/","name":"Entscheidung - Jesus connect","isPartOf":{"@id":"https:\/\/jesusconnect.de\/#website"},"primaryImageOfPage":{"@id":"https:\/\/jesusconnect.de\/entscheidung\/#primaryimage"},"image":{"@id":"https:\/\/jesusconnect.de\/entscheidung\/#primaryimage"},"thumbnailUrl":"https:\/\/jesusconnect.de\/wp-content\/uploads\/2025\/01\/JC-Weg-und-Wahrheit-1024x768.jpg","datePublished":"2025-01-02T20:39:42+00:00","dateModified":"2025-10-31T20:45:07+00:00","breadcrumb":{"@id":"https:\/\/jesusconnect.de\/entscheidung\/#breadcrumb"},"inLanguage":"en-US","potentialAction":[{"@type":"ReadAction","target":["https:\/\/jesusconnect.de\/entscheidung\/"]}]},{"@type":"ImageObject","inLanguage":"en-US","@id":"https:\/\/jesusconnect.de\/entscheidung\/#primaryimage","url":"https:\/\/jesusconnect.de\/wp-content\/uploads\/2025\/01\/JC-Weg-und-Wahrheit-1024x768.jpg","contentUrl":"https:\/\/jesusconnect.de\/wp-content\/uploads\/2025\/01\/JC-Weg-und-Wahrheit-1024x768.jpg"},{"@type":"BreadcrumbList","@id":"https:\/\/jesusconnect.de\/entscheidung\/#breadcrumb","itemListElement":[{"@type":"ListItem","position":1,"name":"Home","item":"https:\/\/jesusconnect.de\/"},{"@type":"ListItem","position":2,"name":"Entscheidung"}]},{"@type":"WebSite","@id":"https:\/\/jesusconnect.de\/#website","url":"https:\/\/jesusconnect.de\/","name":"Jesus connect","description":"Gott, Jesus Christus, Heiliger Geist, Glaube, Vater, Sohn und Geist - Zusammenh\u00e4nge kurz erkl\u00e4rt","publisher":{"@id":"https:\/\/jesusconnect.de\/#\/schema\/person\/8a5c1358de3b9958321dad237031fccf"},"potentialAction":[{"@type":"SearchAction","target":{"@type":"EntryPoint","urlTemplate":"https:\/\/jesusconnect.de\/?s={search_term_string}"},"query-input":{"@type":"PropertyValueSpecification","valueRequired":true,"valueName":"search_term_string"}}],"inLanguage":"en-US"},{"@type":["Person","Organization"],"@id":"https:\/\/jesusconnect.de\/#\/schema\/person\/8a5c1358de3b9958321dad237031fccf","name":"karin","image":{"@type":"ImageObject","inLanguage":"en-US","@id":"https:\/\/jesusconnect.de\/wp-content\/uploads\/2025\/09\/JC-Logp.jpg","url":"https:\/\/jesusconnect.de\/wp-content\/uploads\/2025\/09\/JC-Logp.jpg","contentUrl":"https:\/\/jesusconnect.de\/wp-content\/uploads\/2025\/09\/JC-Logp.jpg","width":792,"height":596,"caption":"karin"},"logo":{"@id":"https:\/\/jesusconnect.de\/wp-content\/uploads\/2025\/09\/JC-Logp.jpg"},"sameAs":["https:\/\/jesusconnect.de"]}]}},"_links":{"self":[{"href":"https:\/\/jesusconnect.de\/en\/wp-json\/wp\/v2\/pages\/454","targetHints":{"allow":["GET"]}}],"collection":[{"href":"https:\/\/jesusconnect.de\/en\/wp-json\/wp\/v2\/pages"}],"about":[{"href":"https:\/\/jesusconnect.de\/en\/wp-json\/wp\/v2\/types\/page"}],"author":[{"embeddable":true,"href":"https:\/\/jesusconnect.de\/en\/wp-json\/wp\/v2\/users\/1"}],"replies":[{"embeddable":true,"href":"https:\/\/jesusconnect.de\/en\/wp-json\/wp\/v2\/comments?post=454"}],"version-history":[{"count":91,"href":"https:\/\/jesusconnect.de\/en\/wp-json\/wp\/v2\/pages\/454\/revisions"}],"predecessor-version":[{"id":1768,"href":"https:\/\/jesusconnect.de\/en\/wp-json\/wp\/v2\/pages\/454\/revisions\/1768"}],"wp:attachment":[{"href":"https:\/\/jesusconnect.de\/en\/wp-json\/wp\/v2\/media?parent=454"}],"curies":[{"name":"wp","href":"https:\/\/api.w.org\/{rel}","templated":true}]}}