{"id":416,"date":"2024-09-27T10:04:39","date_gmt":"2024-09-27T09:34:39","guid":{"rendered":"https:\/\/jesusconnect.de\/?page_id=416"},"modified":"2025-09-18T21:38:22","modified_gmt":"2025-09-18T21:38:22","slug":"adam","status":"publish","type":"page","link":"https:\/\/jesusconnect.de\/en\/adam\/","title":{"rendered":"Adam"},"content":{"rendered":"<p class=\"is-style-default has-text-color has-background has-link-color has-medium-font-size wp-elements-594fe01ecfb0ef5d5e09ae9bb2c7a17b\" style=\"color:#d2acac;background-color:#4045a6;padding-top:var(--wp--preset--spacing--40);padding-right:var(--wp--preset--spacing--80);padding-bottom:var(--wp--preset--spacing--40);padding-left:var(--wp--preset--spacing--80)\">GOtt konnte es kaum abwarten Sich ein Gegen\u00fcber zu erschaffen, mit dem Er reden und Spa\u00df haben k\u00f6nnte, und der sich zu einem perfekten Gegen\u00fcber f\u00fcr GOtt entwickeln w\u00fcrde. Aus diesem Grund machte GOtt die Erde in ihrem Kosmos, damit der Mensch in diesem Umfeld lernen k\u00f6nnte, wie es ist, Herr \u00fcber alles zu sein. Genauso wie der Sch\u00f6pfer des Menschen der HErr u.a. \u00fcber alle <a href=\"https:\/\/jesusconnect.de\/en\/engelwesen\/\">geistlichen Wesen<\/a> ist, denn solche hat Er ebenfalls erschaffen.<\/p>\n\n\n\n<p class=\"has-text-color has-background has-link-color wp-elements-75555a58aa2b9e5f6400f14614f611d0\" style=\"color:#d2acac;background-color:#373ec9;padding-top:var(--wp--preset--spacing--40);padding-right:var(--wp--preset--spacing--80);padding-bottom:var(--wp--preset--spacing--40);padding-left:var(--wp--preset--spacing--80)\"><\/p>\n\n\n\n<p class=\"has-text-align-center is-style-success has-background has-large-font-size\" style=\"background-color:#8e1f10;padding-top:var(--wp--preset--spacing--40);padding-right:var(--wp--preset--spacing--80);padding-bottom:var(--wp--preset--spacing--40);padding-left:var(--wp--preset--spacing--80)\"><strong><em>Am Anfang  schuf  GOtt <\/em> <em>die Himmel  und  die Erde.<\/em><\/strong>   Gen 1,1<\/p>\n\n\n\n<p class=\"has-medium-font-size\" style=\"padding-top:var(--wp--preset--spacing--40);padding-right:var(--wp--preset--spacing--80);padding-bottom:var(--wp--preset--spacing--40);padding-left:var(--wp--preset--spacing--80)\"><\/p>\n\n\n\n<figure class=\"wp-block-image size-large\"><img loading=\"lazy\" decoding=\"async\" width=\"768\" height=\"1024\" src=\"https:\/\/jesusconnect.de\/wp-content\/uploads\/2025\/01\/alles-ist-moeglich-768x1024.jpg\" alt=\"\" class=\"wp-image-558\" srcset=\"https:\/\/jesusconnect.de\/wp-content\/uploads\/2025\/01\/alles-ist-moeglich-768x1024.jpg 768w, https:\/\/jesusconnect.de\/wp-content\/uploads\/2025\/01\/alles-ist-moeglich-225x300.jpg 225w, https:\/\/jesusconnect.de\/wp-content\/uploads\/2025\/01\/alles-ist-moeglich-1152x1536.jpg 1152w, https:\/\/jesusconnect.de\/wp-content\/uploads\/2025\/01\/alles-ist-moeglich-1536x2048.jpg 1536w, https:\/\/jesusconnect.de\/wp-content\/uploads\/2025\/01\/alles-ist-moeglich-9x12.jpg 9w, https:\/\/jesusconnect.de\/wp-content\/uploads\/2025\/01\/alles-ist-moeglich-scaled.jpg 1920w\" sizes=\"auto, (max-width: 768px) 100vw, 768px\" \/><\/figure>\n\n\n\n<p><\/p>\n\n\n\n<p><\/p>\n\n\n\n<div class=\"wp-block-buttons is-layout-flex wp-block-buttons-is-layout-flex\"><\/div>\n\n\n\n<p><\/p>","protected":false},"excerpt":{"rendered":"<p>GOtt konnte es kaum abwarten Sich ein Gegen\u00fcber zu erschaffen, mit dem Er reden und Spa\u00df haben k\u00f6nnte, und der sich zu einem perfekten Gegen\u00fcber f\u00fcr GOtt entwickeln w\u00fcrde. Aus diesem Grund machte GOtt die Erde in ihrem Kosmos, damit der Mensch in diesem Umfeld lernen k\u00f6nnte, wie es ist, Herr \u00fcber alles zu sein. [&hellip;]<\/p>\n","protected":false},"author":1,"featured_media":0,"parent":0,"menu_order":0,"comment_status":"closed","ping_status":"closed","template":"","meta":{"_coblocks_attr":"","_coblocks_dimensions":"","_coblocks_responsive_height":"","_coblocks_accordion_ie_support":"","hide_page_title":"","footnotes":""},"class_list":["post-416","page","type-page","status-publish","hentry"],"yoast_head":"<!-- This site is optimized with the Yoast SEO plugin v27.4 - https:\/\/yoast.com\/product\/yoast-seo-wordpress\/ -->\n<title>Adam - Jesus connect<\/title>\n<meta name=\"robots\" content=\"index, follow, max-snippet:-1, max-image-preview:large, max-video-preview:-1\" \/>\n<link rel=\"canonical\" href=\"https:\/\/jesusconnect.de\/en\/adam\/\" \/>\n<meta property=\"og:locale\" content=\"en_US\" \/>\n<meta property=\"og:type\" content=\"article\" \/>\n<meta property=\"og:title\" content=\"Adam - Jesus connect\" \/>\n<meta property=\"og:description\" content=\"GOtt konnte es kaum abwarten Sich ein Gegen\u00fcber zu erschaffen, mit dem Er reden und Spa\u00df haben k\u00f6nnte, und der sich zu einem perfekten Gegen\u00fcber f\u00fcr GOtt entwickeln w\u00fcrde. Aus diesem Grund machte GOtt die Erde in ihrem Kosmos, damit der Mensch in diesem Umfeld lernen k\u00f6nnte, wie es ist, Herr \u00fcber alles zu sein. [&hellip;]\" \/>\n<meta property=\"og:url\" content=\"https:\/\/jesusconnect.de\/en\/adam\/\" \/>\n<meta property=\"og:site_name\" content=\"Jesus connect\" \/>\n<meta property=\"article:modified_time\" content=\"2025-09-18T21:38:22+00:00\" \/>\n<meta property=\"og:image\" content=\"https:\/\/jesusconnect.de\/wp-content\/uploads\/2025\/01\/alles-ist-moeglich-scaled.jpg\" \/>\n\t<meta property=\"og:image:width\" content=\"1920\" \/>\n\t<meta property=\"og:image:height\" content=\"2560\" \/>\n\t<meta property=\"og:image:type\" content=\"image\/jpeg\" \/>\n<meta name=\"twitter:card\" content=\"summary_large_image\" \/>\n<meta name=\"twitter:label1\" content=\"Est. reading time\" \/>\n\t<meta name=\"twitter:data1\" content=\"1 minute\" \/>\n<script type=\"application\/ld+json\" class=\"yoast-schema-graph\">{\"@context\":\"https:\\\/\\\/schema.org\",\"@graph\":[{\"@type\":\"WebPage\",\"@id\":\"https:\\\/\\\/jesusconnect.de\\\/adam\\\/\",\"url\":\"https:\\\/\\\/jesusconnect.de\\\/adam\\\/\",\"name\":\"Adam - Jesus connect\",\"isPartOf\":{\"@id\":\"https:\\\/\\\/jesusconnect.de\\\/#website\"},\"primaryImageOfPage\":{\"@id\":\"https:\\\/\\\/jesusconnect.de\\\/adam\\\/#primaryimage\"},\"image\":{\"@id\":\"https:\\\/\\\/jesusconnect.de\\\/adam\\\/#primaryimage\"},\"thumbnailUrl\":\"https:\\\/\\\/jesusconnect.de\\\/wp-content\\\/uploads\\\/2025\\\/01\\\/alles-ist-moeglich-768x1024.jpg\",\"datePublished\":\"2024-09-27T09:34:39+00:00\",\"dateModified\":\"2025-09-18T21:38:22+00:00\",\"breadcrumb\":{\"@id\":\"https:\\\/\\\/jesusconnect.de\\\/adam\\\/#breadcrumb\"},\"inLanguage\":\"en-US\",\"potentialAction\":[{\"@type\":\"ReadAction\",\"target\":[\"https:\\\/\\\/jesusconnect.de\\\/adam\\\/\"]}]},{\"@type\":\"ImageObject\",\"inLanguage\":\"en-US\",\"@id\":\"https:\\\/\\\/jesusconnect.de\\\/adam\\\/#primaryimage\",\"url\":\"https:\\\/\\\/jesusconnect.de\\\/wp-content\\\/uploads\\\/2025\\\/01\\\/alles-ist-moeglich-768x1024.jpg\",\"contentUrl\":\"https:\\\/\\\/jesusconnect.de\\\/wp-content\\\/uploads\\\/2025\\\/01\\\/alles-ist-moeglich-768x1024.jpg\"},{\"@type\":\"BreadcrumbList\",\"@id\":\"https:\\\/\\\/jesusconnect.de\\\/adam\\\/#breadcrumb\",\"itemListElement\":[{\"@type\":\"ListItem\",\"position\":1,\"name\":\"Home\",\"item\":\"https:\\\/\\\/jesusconnect.de\\\/\"},{\"@type\":\"ListItem\",\"position\":2,\"name\":\"Adam\"}]},{\"@type\":\"WebSite\",\"@id\":\"https:\\\/\\\/jesusconnect.de\\\/#website\",\"url\":\"https:\\\/\\\/jesusconnect.de\\\/\",\"name\":\"Jesus connect\",\"description\":\"Gott, Jesus Christus, Heiliger Geist, Glaube, Vater, Sohn und Geist - Zusammenh\u00e4nge kurz erkl\u00e4rt\",\"publisher\":{\"@id\":\"https:\\\/\\\/jesusconnect.de\\\/#\\\/schema\\\/person\\\/8a5c1358de3b9958321dad237031fccf\"},\"potentialAction\":[{\"@type\":\"SearchAction\",\"target\":{\"@type\":\"EntryPoint\",\"urlTemplate\":\"https:\\\/\\\/jesusconnect.de\\\/?s={search_term_string}\"},\"query-input\":{\"@type\":\"PropertyValueSpecification\",\"valueRequired\":true,\"valueName\":\"search_term_string\"}}],\"inLanguage\":\"en-US\"},{\"@type\":[\"Person\",\"Organization\"],\"@id\":\"https:\\\/\\\/jesusconnect.de\\\/#\\\/schema\\\/person\\\/8a5c1358de3b9958321dad237031fccf\",\"name\":\"karin\",\"image\":{\"@type\":\"ImageObject\",\"inLanguage\":\"en-US\",\"@id\":\"https:\\\/\\\/jesusconnect.de\\\/wp-content\\\/uploads\\\/2025\\\/09\\\/JC-Logp.jpg\",\"url\":\"https:\\\/\\\/jesusconnect.de\\\/wp-content\\\/uploads\\\/2025\\\/09\\\/JC-Logp.jpg\",\"contentUrl\":\"https:\\\/\\\/jesusconnect.de\\\/wp-content\\\/uploads\\\/2025\\\/09\\\/JC-Logp.jpg\",\"width\":792,\"height\":596,\"caption\":\"karin\"},\"logo\":{\"@id\":\"https:\\\/\\\/jesusconnect.de\\\/wp-content\\\/uploads\\\/2025\\\/09\\\/JC-Logp.jpg\"},\"sameAs\":[\"https:\\\/\\\/jesusconnect.de\"]}]}<\/script>\n<!-- \/ Yoast SEO plugin. -->","yoast_head_json":{"title":"Adam - Jesus connect","robots":{"index":"index","follow":"follow","max-snippet":"max-snippet:-1","max-image-preview":"max-image-preview:large","max-video-preview":"max-video-preview:-1"},"canonical":"https:\/\/jesusconnect.de\/en\/adam\/","og_locale":"en_US","og_type":"article","og_title":"Adam - Jesus connect","og_description":"GOtt konnte es kaum abwarten Sich ein Gegen\u00fcber zu erschaffen, mit dem Er reden und Spa\u00df haben k\u00f6nnte, und der sich zu einem perfekten Gegen\u00fcber f\u00fcr GOtt entwickeln w\u00fcrde. Aus diesem Grund machte GOtt die Erde in ihrem Kosmos, damit der Mensch in diesem Umfeld lernen k\u00f6nnte, wie es ist, Herr \u00fcber alles zu sein. [&hellip;]","og_url":"https:\/\/jesusconnect.de\/en\/adam\/","og_site_name":"Jesus connect","article_modified_time":"2025-09-18T21:38:22+00:00","og_image":[{"width":1920,"height":2560,"url":"https:\/\/jesusconnect.de\/wp-content\/uploads\/2025\/01\/alles-ist-moeglich-scaled.jpg","type":"image\/jpeg"}],"twitter_card":"summary_large_image","twitter_misc":{"Est. reading time":"1 minute"},"schema":{"@context":"https:\/\/schema.org","@graph":[{"@type":"WebPage","@id":"https:\/\/jesusconnect.de\/adam\/","url":"https:\/\/jesusconnect.de\/adam\/","name":"Adam - Jesus connect","isPartOf":{"@id":"https:\/\/jesusconnect.de\/#website"},"primaryImageOfPage":{"@id":"https:\/\/jesusconnect.de\/adam\/#primaryimage"},"image":{"@id":"https:\/\/jesusconnect.de\/adam\/#primaryimage"},"thumbnailUrl":"https:\/\/jesusconnect.de\/wp-content\/uploads\/2025\/01\/alles-ist-moeglich-768x1024.jpg","datePublished":"2024-09-27T09:34:39+00:00","dateModified":"2025-09-18T21:38:22+00:00","breadcrumb":{"@id":"https:\/\/jesusconnect.de\/adam\/#breadcrumb"},"inLanguage":"en-US","potentialAction":[{"@type":"ReadAction","target":["https:\/\/jesusconnect.de\/adam\/"]}]},{"@type":"ImageObject","inLanguage":"en-US","@id":"https:\/\/jesusconnect.de\/adam\/#primaryimage","url":"https:\/\/jesusconnect.de\/wp-content\/uploads\/2025\/01\/alles-ist-moeglich-768x1024.jpg","contentUrl":"https:\/\/jesusconnect.de\/wp-content\/uploads\/2025\/01\/alles-ist-moeglich-768x1024.jpg"},{"@type":"BreadcrumbList","@id":"https:\/\/jesusconnect.de\/adam\/#breadcrumb","itemListElement":[{"@type":"ListItem","position":1,"name":"Home","item":"https:\/\/jesusconnect.de\/"},{"@type":"ListItem","position":2,"name":"Adam"}]},{"@type":"WebSite","@id":"https:\/\/jesusconnect.de\/#website","url":"https:\/\/jesusconnect.de\/","name":"Jesus connect","description":"Gott, Jesus Christus, Heiliger Geist, Glaube, Vater, Sohn und Geist - Zusammenh\u00e4nge kurz erkl\u00e4rt","publisher":{"@id":"https:\/\/jesusconnect.de\/#\/schema\/person\/8a5c1358de3b9958321dad237031fccf"},"potentialAction":[{"@type":"SearchAction","target":{"@type":"EntryPoint","urlTemplate":"https:\/\/jesusconnect.de\/?s={search_term_string}"},"query-input":{"@type":"PropertyValueSpecification","valueRequired":true,"valueName":"search_term_string"}}],"inLanguage":"en-US"},{"@type":["Person","Organization"],"@id":"https:\/\/jesusconnect.de\/#\/schema\/person\/8a5c1358de3b9958321dad237031fccf","name":"karin","image":{"@type":"ImageObject","inLanguage":"en-US","@id":"https:\/\/jesusconnect.de\/wp-content\/uploads\/2025\/09\/JC-Logp.jpg","url":"https:\/\/jesusconnect.de\/wp-content\/uploads\/2025\/09\/JC-Logp.jpg","contentUrl":"https:\/\/jesusconnect.de\/wp-content\/uploads\/2025\/09\/JC-Logp.jpg","width":792,"height":596,"caption":"karin"},"logo":{"@id":"https:\/\/jesusconnect.de\/wp-content\/uploads\/2025\/09\/JC-Logp.jpg"},"sameAs":["https:\/\/jesusconnect.de"]}]}},"_links":{"self":[{"href":"https:\/\/jesusconnect.de\/en\/wp-json\/wp\/v2\/pages\/416","targetHints":{"allow":["GET"]}}],"collection":[{"href":"https:\/\/jesusconnect.de\/en\/wp-json\/wp\/v2\/pages"}],"about":[{"href":"https:\/\/jesusconnect.de\/en\/wp-json\/wp\/v2\/types\/page"}],"author":[{"embeddable":true,"href":"https:\/\/jesusconnect.de\/en\/wp-json\/wp\/v2\/users\/1"}],"replies":[{"embeddable":true,"href":"https:\/\/jesusconnect.de\/en\/wp-json\/wp\/v2\/comments?post=416"}],"version-history":[{"count":22,"href":"https:\/\/jesusconnect.de\/en\/wp-json\/wp\/v2\/pages\/416\/revisions"}],"predecessor-version":[{"id":1408,"href":"https:\/\/jesusconnect.de\/en\/wp-json\/wp\/v2\/pages\/416\/revisions\/1408"}],"wp:attachment":[{"href":"https:\/\/jesusconnect.de\/en\/wp-json\/wp\/v2\/media?parent=416"}],"curies":[{"name":"wp","href":"https:\/\/api.w.org\/{rel}","templated":true}]}}