{"id":39,"date":"2024-09-04T11:49:57","date_gmt":"2024-09-04T11:49:57","guid":{"rendered":"https:\/\/jesusconnect.de\/?page_id=39"},"modified":"2025-10-10T17:26:27","modified_gmt":"2025-10-10T17:26:27","slug":"jesus-ist","status":"publish","type":"page","link":"https:\/\/jesusconnect.de\/en\/","title":{"rendered":"Jesus  is !"},"content":{"rendered":"<p><\/p>\n\n\n\n<h2 class=\"wp-block-heading has-text-align-center\">Jesus ist ! &#8211;<\/h2>\n\n\n\n<p><\/p>\n\n\n\n<p><\/p>\n\n\n\n<p><\/p>\n\n\n\n<p class=\"has-text-align-center is-style-default has-text-color has-link-color has-huge-font-size wp-elements-0ac17f3b75c49ecef6717aaef4ea4945\" style=\"color:#e76f33\"> &#8211; die <strong>einzige <\/strong>Br\u00fccke zum Sch\u00f6pfer<\/p>\n\n\n\n<p class=\"has-text-align-center has-text-color has-link-color has-large-font-size has-custom-lineheight has-custom-letterspacing wp-elements-dc13b5b3e5bd9c8b6aea182fb4fcae3c\" style=\"color:#0c4349;padding-right:var(--wp--preset--spacing--60);padding-left:var(--wp--preset--spacing--60);font-style:normal;font-weight:800;line-height:2.78;letter-spacing:2.3px;font-size:100px\">Der Sch\u00f6pfer ist GOtt !<\/p>\n\n\n\n<p class=\"has-text-align-center has-text-color has-link-color has-large-font-size has-custom-lineheight has-custom-letterspacing wp-elements-519f55136485151ff5f8929503bdc58e\" style=\"color:#0c4349;padding-right:var(--wp--preset--spacing--60);padding-left:var(--wp--preset--spacing--60);font-style:normal;font-weight:800;line-height:2.78;letter-spacing:2.3px;font-size:100px\">Durch  Jesus wird  GOtt  zum  <a href=\"https:\/\/jesusconnect.de\/en\/vater\/\">Only through believing in  JESUS   GOD becomes this FATHER .<\/a>.<\/p>\n\n\n\n<p class=\"has-text-align-center\"><\/p>\n\n\n\n<p><\/p>\n\n\n\n\n\n<figure class=\"wp-block-image size-full\"><img loading=\"lazy\" decoding=\"async\" width=\"640\" height=\"270\" src=\"https:\/\/jesusconnect.de\/wp-content\/uploads\/2025\/09\/JC-Wolkenherz.jpg\" alt=\"\" class=\"wp-image-1231\" srcset=\"https:\/\/jesusconnect.de\/wp-content\/uploads\/2025\/09\/JC-Wolkenherz.jpg 640w, https:\/\/jesusconnect.de\/wp-content\/uploads\/2025\/09\/JC-Wolkenherz-300x127.jpg 300w, https:\/\/jesusconnect.de\/wp-content\/uploads\/2025\/09\/JC-Wolkenherz-18x8.jpg 18w\" sizes=\"auto, (max-width: 640px) 100vw, 640px\" \/><\/figure>\n\n\n\n<div class=\"wp-block-columns alignwide is-layout-flex wp-container-core-columns-is-layout-9d6595d7 wp-block-columns-is-layout-flex\">\n<div class=\"wp-block-column is-layout-flow wp-block-column-is-layout-flow\">\n<h3 class=\"wp-block-heading has-text-color has-link-color wp-elements-f45948356c43abf4e97d1e39abf89fad\" style=\"color:#ca8e8e\">Former Times <\/h3>\n\n\n\n<p class=\"has-text-color has-link-color has-huge-font-size has-custom-lineheight has-custom-letterspacing wp-elements-aab767a3b1b9e647f51e1a396727b995\" style=\"color:#b15705;line-height:1.71;letter-spacing:0.7px;font-size:35px\"><strong>Warum wurde GOtt ein Mensch?<\/strong><\/p>\n\n\n\n<p class=\"has-text-color has-link-color has-large-font-size has-custom-lineheight has-custom-letterspacing wp-elements-0c72baa9f1ca9d9a7516b7eb9823a9ff\" style=\"color:#f6ad0f;line-height:1.71;letter-spacing:0.7px;font-size:35px\"><\/p>\n\n\n\n<p class=\"has-text-color has-link-color has-large-font-size has-custom-lineheight has-custom-letterspacing wp-elements-fb499ec6821388c293eeb565b1a3db4a\" style=\"color:#eaa91d;line-height:1.71;letter-spacing:0.7px;font-size:35px\">Bevor Er die Welt schuf, wusste der Sch\u00f6pfer, dass Er, der Geist ist, auch<strong> <\/strong>SElbst wie eines SEiner Gesch\u00f6pfe werden m\u00fcsste, damit diese IHn \u00fcberhaupt sehen und erleben k\u00f6nnten. Und deshalb wurde der ewige GEist zu Fleisch. <a href=\"https:\/\/jesusconnect.de\/en\/gott-wird-mensch\/\"><strong>Er wurde genau so wie das, was Er erschaffen hatte !<\/strong><\/a><\/p>\n\n\n\n<p><\/p>\n\n\n\n<p class=\"has-text-color has-link-color\" style=\"color: #f6ad0f;\">Und das tat Er durch Jesus, Seinen <strong>nur einmal <\/strong>geborenen SOhn, Vermittler zwischen GOtt und Mensch, wurde nur ein einziges Mal geboren, denn auch Er ist Geist.<a href=\"https:\/\/jesusconnect.de\/en\/sohn\/\"> <strong>Er ist<\/strong> <\/a><strong>Geist.\u00a0<\/strong><\/p>\n<p>\u00a0<\/p>\n<p class=\"has-text-color has-link-color has-large-font-size has-custom-lineheight has-custom-letterspacing\" style=\"color: #f6ad0f; line-height: 1.71; letter-spacing: 0.7px; font-size: 35px;\">\u00a0<\/p>\n\n\n\n<p class=\"has-text-color has-link-color has-large-font-size has-custom-lineheight has-custom-letterspacing wp-elements-82278fd60d4ba6b94ca4b627221903ae\" style=\"color:#470714;line-height:1.71;letter-spacing:0.7px;font-size:35px\"><\/p>\n\n\n\n<p class=\"has-text-color has-link-color has-large-font-size wp-elements-6a4ae2aaaa992e7daf361f43cb4befe5\" style=\"color:#d0786d\"><\/p>\n\n\n\n<p class=\"has-large-font-size\"><\/p>\n<\/div>\n\n\n\n<div class=\"wp-block-column has-text-color has-link-color has-large-font-size wp-elements-30b4ed199f8ebbea4f2aef42d4f95d8d is-layout-flow wp-block-column-is-layout-flow\" style=\"color:#704006;padding-top:var(--wp--preset--spacing--80);padding-right:0;padding-bottom:var(--wp--preset--spacing--80);padding-left:0\">\n<h3 class=\"wp-block-heading has-text-color has-link-color wp-elements-dc0ddf082479074715303bb74351fbb3\" style=\"color:#1bb8c6\">Good News<\/h3>\n\n\n\n<p class=\"has-text-color has-link-color has-large-font-size wp-elements-5dc5791ea2db7986868b9437fefe92b5\" style=\"color:#6db1b3\"><strong>Wer ist Jesus Christus? <\/strong><\/p>\n\n\n\n<p class=\"has-text-color has-link-color has-large-font-size wp-elements-e9bd9dae78dc9f29f6a68388c86e6992\" style=\"color:#61b3b6\">Vor ca. 2000 Jahren wurde GOtt durch Jesus Christus ein Mensch &#8211; also wurde GOtt, der GEIst ist, zu Fleisch und Blut. Und GOtt in Jesus ist aus dem Tod auferstanden und in die Himmel zur\u00fcck gegangen. Danach hat Er SEinen <strong><a href=\"https:\/\/jesusconnect.de\/en\/heiliger-geist\/\">Heiligen GEist<\/a><\/strong> \u00fcber die ganze Erde gegossen, damit <strong>jeder <\/strong>Mensch, der an Jesus Christus glaubt, diesen GEist in sich tragen und IHn alles fragen kann, so als ob Jesus SElbst bei ihm w\u00e4re.<\/p>\n\n\n\n<p><\/p>\n\n\n\n<p><\/p>\n\n\n\n<p class=\"has-text-color has-link-color has-large-font-size wp-elements-a897fed12c6a4184b4ff6febfc88e966\" style=\"color:#58d5d5\">By the Holy Spirit  Jesus lives in a believer, hallelu Je !! <strong>.  <\/strong>Jesus bei dem glaubenden Menschen &#8211; Er lebt <strong>.   <\/strong>.<\/p>\n\n\n\n<p><\/p>\n\n\n\n<p class=\"has-text-color has-link-color has-large-font-size wp-elements-a2527ef9c8cbdd00f06be714cfd1ce2c\" style=\"color:#068f8f\"><strong><em>. <\/em>!<\/strong><\/p>\n<\/div>\n<\/div>\n\n\n\n<p><\/p>","protected":false},"excerpt":{"rendered":"<p>Jesus ist ! &#8211; &#8211; die einzige Br\u00fccke zum Sch\u00f6pfer Der Sch\u00f6pfer ist GOtt ! Durch Jesus wird GOtt zum VAter. Fr\u00fcher Warum wurde GOtt ein Mensch? Bevor Er die Welt schuf, wusste der Sch\u00f6pfer, dass Er, der Geist ist, auch SElbst wie eines SEiner Gesch\u00f6pfe werden m\u00fcsste, damit diese IHn \u00fcberhaupt sehen und erleben [&hellip;]<\/p>\n","protected":false},"author":1,"featured_media":0,"parent":0,"menu_order":0,"comment_status":"closed","ping_status":"closed","template":"","meta":{"_coblocks_attr":"MontserratCormorant GaramondAnton,Georgia,,Helvetica,Arvo,","_coblocks_dimensions":"","_coblocks_responsive_height":"","_coblocks_accordion_ie_support":"","hide_page_title":"disabled","footnotes":""},"class_list":["post-39","page","type-page","status-publish","hentry"],"yoast_head":"<!-- This site is optimized with the Yoast SEO plugin v27.4 - https:\/\/yoast.com\/product\/yoast-seo-wordpress\/ -->\n<title>Jesus ist ! - Jesus connect<\/title>\n<meta name=\"robots\" content=\"index, follow, max-snippet:-1, max-image-preview:large, max-video-preview:-1\" \/>\n<link rel=\"canonical\" href=\"https:\/\/jesusconnect.de\/en\/\" \/>\n<meta property=\"og:locale\" content=\"en_US\" \/>\n<meta property=\"og:type\" content=\"article\" \/>\n<meta property=\"og:title\" content=\"Jesus ist ! - Jesus connect\" \/>\n<meta property=\"og:description\" content=\"Jesus ist ! &#8211; &#8211; die einzige Br\u00fccke zum Sch\u00f6pfer Der Sch\u00f6pfer ist GOtt ! Durch Jesus wird GOtt zum VAter. Fr\u00fcher Warum wurde GOtt ein Mensch? Bevor Er die Welt schuf, wusste der Sch\u00f6pfer, dass Er, der Geist ist, auch SElbst wie eines SEiner Gesch\u00f6pfe werden m\u00fcsste, damit diese IHn \u00fcberhaupt sehen und erleben [&hellip;]\" \/>\n<meta property=\"og:url\" content=\"https:\/\/jesusconnect.de\/en\/\" \/>\n<meta property=\"og:site_name\" content=\"Jesus connect\" \/>\n<meta property=\"article:modified_time\" content=\"2025-10-10T17:26:27+00:00\" \/>\n<meta property=\"og:image\" content=\"https:\/\/jesusconnect.de\/wp-content\/uploads\/2025\/09\/JC-Wolkenherz.jpg\" \/>\n\t<meta property=\"og:image:width\" content=\"640\" \/>\n\t<meta property=\"og:image:height\" content=\"270\" \/>\n\t<meta property=\"og:image:type\" content=\"image\/jpeg\" \/>\n<meta name=\"twitter:card\" content=\"summary_large_image\" \/>\n<meta name=\"twitter:label1\" content=\"Est. reading time\" \/>\n\t<meta name=\"twitter:data1\" content=\"2 minutes\" \/>\n<script type=\"application\/ld+json\" class=\"yoast-schema-graph\">{\"@context\":\"https:\\\/\\\/schema.org\",\"@graph\":[{\"@type\":\"WebPage\",\"@id\":\"https:\\\/\\\/jesusconnect.de\\\/\",\"url\":\"https:\\\/\\\/jesusconnect.de\\\/\",\"name\":\"Jesus ist ! - Jesus connect\",\"isPartOf\":{\"@id\":\"https:\\\/\\\/jesusconnect.de\\\/#website\"},\"primaryImageOfPage\":{\"@id\":\"https:\\\/\\\/jesusconnect.de\\\/#primaryimage\"},\"image\":{\"@id\":\"https:\\\/\\\/jesusconnect.de\\\/#primaryimage\"},\"thumbnailUrl\":\"https:\\\/\\\/jesusconnect.de\\\/wp-content\\\/uploads\\\/2025\\\/09\\\/JC-Wolkenherz.jpg\",\"datePublished\":\"2024-09-04T11:49:57+00:00\",\"dateModified\":\"2025-10-10T17:26:27+00:00\",\"breadcrumb\":{\"@id\":\"https:\\\/\\\/jesusconnect.de\\\/#breadcrumb\"},\"inLanguage\":\"en-US\",\"potentialAction\":[{\"@type\":\"ReadAction\",\"target\":[\"https:\\\/\\\/jesusconnect.de\\\/\"]}]},{\"@type\":\"ImageObject\",\"inLanguage\":\"en-US\",\"@id\":\"https:\\\/\\\/jesusconnect.de\\\/#primaryimage\",\"url\":\"https:\\\/\\\/jesusconnect.de\\\/wp-content\\\/uploads\\\/2025\\\/09\\\/JC-Wolkenherz.jpg\",\"contentUrl\":\"https:\\\/\\\/jesusconnect.de\\\/wp-content\\\/uploads\\\/2025\\\/09\\\/JC-Wolkenherz.jpg\"},{\"@type\":\"BreadcrumbList\",\"@id\":\"https:\\\/\\\/jesusconnect.de\\\/#breadcrumb\",\"itemListElement\":[{\"@type\":\"ListItem\",\"position\":1,\"name\":\"Home\",\"item\":\"https:\\\/\\\/jesusconnect.de\\\/\"},{\"@type\":\"ListItem\",\"position\":2,\"name\":\"Jesus ist !\"}]},{\"@type\":\"WebSite\",\"@id\":\"https:\\\/\\\/jesusconnect.de\\\/#website\",\"url\":\"https:\\\/\\\/jesusconnect.de\\\/\",\"name\":\"Jesus connect\",\"description\":\"Gott, Jesus Christus, Heiliger Geist, Glaube, Vater, Sohn und Geist - Zusammenh\u00e4nge kurz erkl\u00e4rt\",\"publisher\":{\"@id\":\"https:\\\/\\\/jesusconnect.de\\\/#\\\/schema\\\/person\\\/8a5c1358de3b9958321dad237031fccf\"},\"potentialAction\":[{\"@type\":\"SearchAction\",\"target\":{\"@type\":\"EntryPoint\",\"urlTemplate\":\"https:\\\/\\\/jesusconnect.de\\\/?s={search_term_string}\"},\"query-input\":{\"@type\":\"PropertyValueSpecification\",\"valueRequired\":true,\"valueName\":\"search_term_string\"}}],\"inLanguage\":\"en-US\"},{\"@type\":[\"Person\",\"Organization\"],\"@id\":\"https:\\\/\\\/jesusconnect.de\\\/#\\\/schema\\\/person\\\/8a5c1358de3b9958321dad237031fccf\",\"name\":\"karin\",\"image\":{\"@type\":\"ImageObject\",\"inLanguage\":\"en-US\",\"@id\":\"https:\\\/\\\/jesusconnect.de\\\/wp-content\\\/uploads\\\/2025\\\/09\\\/JC-Logp.jpg\",\"url\":\"https:\\\/\\\/jesusconnect.de\\\/wp-content\\\/uploads\\\/2025\\\/09\\\/JC-Logp.jpg\",\"contentUrl\":\"https:\\\/\\\/jesusconnect.de\\\/wp-content\\\/uploads\\\/2025\\\/09\\\/JC-Logp.jpg\",\"width\":792,\"height\":596,\"caption\":\"karin\"},\"logo\":{\"@id\":\"https:\\\/\\\/jesusconnect.de\\\/wp-content\\\/uploads\\\/2025\\\/09\\\/JC-Logp.jpg\"},\"sameAs\":[\"https:\\\/\\\/jesusconnect.de\"]}]}<\/script>\n<!-- \/ Yoast SEO plugin. -->","yoast_head_json":{"title":"Jesus ist ! - Jesus connect","robots":{"index":"index","follow":"follow","max-snippet":"max-snippet:-1","max-image-preview":"max-image-preview:large","max-video-preview":"max-video-preview:-1"},"canonical":"https:\/\/jesusconnect.de\/en\/","og_locale":"en_US","og_type":"article","og_title":"Jesus ist ! - Jesus connect","og_description":"Jesus ist ! &#8211; &#8211; die einzige Br\u00fccke zum Sch\u00f6pfer Der Sch\u00f6pfer ist GOtt ! Durch Jesus wird GOtt zum VAter. Fr\u00fcher Warum wurde GOtt ein Mensch? Bevor Er die Welt schuf, wusste der Sch\u00f6pfer, dass Er, der Geist ist, auch SElbst wie eines SEiner Gesch\u00f6pfe werden m\u00fcsste, damit diese IHn \u00fcberhaupt sehen und erleben [&hellip;]","og_url":"https:\/\/jesusconnect.de\/en\/","og_site_name":"Jesus connect","article_modified_time":"2025-10-10T17:26:27+00:00","og_image":[{"width":640,"height":270,"url":"https:\/\/jesusconnect.de\/wp-content\/uploads\/2025\/09\/JC-Wolkenherz.jpg","type":"image\/jpeg"}],"twitter_card":"summary_large_image","twitter_misc":{"Est. reading time":"2 minutes"},"schema":{"@context":"https:\/\/schema.org","@graph":[{"@type":"WebPage","@id":"https:\/\/jesusconnect.de\/","url":"https:\/\/jesusconnect.de\/","name":"Jesus ist ! - Jesus connect","isPartOf":{"@id":"https:\/\/jesusconnect.de\/#website"},"primaryImageOfPage":{"@id":"https:\/\/jesusconnect.de\/#primaryimage"},"image":{"@id":"https:\/\/jesusconnect.de\/#primaryimage"},"thumbnailUrl":"https:\/\/jesusconnect.de\/wp-content\/uploads\/2025\/09\/JC-Wolkenherz.jpg","datePublished":"2024-09-04T11:49:57+00:00","dateModified":"2025-10-10T17:26:27+00:00","breadcrumb":{"@id":"https:\/\/jesusconnect.de\/#breadcrumb"},"inLanguage":"en-US","potentialAction":[{"@type":"ReadAction","target":["https:\/\/jesusconnect.de\/"]}]},{"@type":"ImageObject","inLanguage":"en-US","@id":"https:\/\/jesusconnect.de\/#primaryimage","url":"https:\/\/jesusconnect.de\/wp-content\/uploads\/2025\/09\/JC-Wolkenherz.jpg","contentUrl":"https:\/\/jesusconnect.de\/wp-content\/uploads\/2025\/09\/JC-Wolkenherz.jpg"},{"@type":"BreadcrumbList","@id":"https:\/\/jesusconnect.de\/#breadcrumb","itemListElement":[{"@type":"ListItem","position":1,"name":"Home","item":"https:\/\/jesusconnect.de\/"},{"@type":"ListItem","position":2,"name":"Jesus ist !"}]},{"@type":"WebSite","@id":"https:\/\/jesusconnect.de\/#website","url":"https:\/\/jesusconnect.de\/","name":"Jesus connect","description":"Gott, Jesus Christus, Heiliger Geist, Glaube, Vater, Sohn und Geist - Zusammenh\u00e4nge kurz erkl\u00e4rt","publisher":{"@id":"https:\/\/jesusconnect.de\/#\/schema\/person\/8a5c1358de3b9958321dad237031fccf"},"potentialAction":[{"@type":"SearchAction","target":{"@type":"EntryPoint","urlTemplate":"https:\/\/jesusconnect.de\/?s={search_term_string}"},"query-input":{"@type":"PropertyValueSpecification","valueRequired":true,"valueName":"search_term_string"}}],"inLanguage":"en-US"},{"@type":["Person","Organization"],"@id":"https:\/\/jesusconnect.de\/#\/schema\/person\/8a5c1358de3b9958321dad237031fccf","name":"karin","image":{"@type":"ImageObject","inLanguage":"en-US","@id":"https:\/\/jesusconnect.de\/wp-content\/uploads\/2025\/09\/JC-Logp.jpg","url":"https:\/\/jesusconnect.de\/wp-content\/uploads\/2025\/09\/JC-Logp.jpg","contentUrl":"https:\/\/jesusconnect.de\/wp-content\/uploads\/2025\/09\/JC-Logp.jpg","width":792,"height":596,"caption":"karin"},"logo":{"@id":"https:\/\/jesusconnect.de\/wp-content\/uploads\/2025\/09\/JC-Logp.jpg"},"sameAs":["https:\/\/jesusconnect.de"]}]}},"_links":{"self":[{"href":"https:\/\/jesusconnect.de\/en\/wp-json\/wp\/v2\/pages\/39","targetHints":{"allow":["GET"]}}],"collection":[{"href":"https:\/\/jesusconnect.de\/en\/wp-json\/wp\/v2\/pages"}],"about":[{"href":"https:\/\/jesusconnect.de\/en\/wp-json\/wp\/v2\/types\/page"}],"author":[{"embeddable":true,"href":"https:\/\/jesusconnect.de\/en\/wp-json\/wp\/v2\/users\/1"}],"replies":[{"embeddable":true,"href":"https:\/\/jesusconnect.de\/en\/wp-json\/wp\/v2\/comments?post=39"}],"version-history":[{"count":145,"href":"https:\/\/jesusconnect.de\/en\/wp-json\/wp\/v2\/pages\/39\/revisions"}],"predecessor-version":[{"id":1400,"href":"https:\/\/jesusconnect.de\/en\/wp-json\/wp\/v2\/pages\/39\/revisions\/1400"}],"wp:attachment":[{"href":"https:\/\/jesusconnect.de\/en\/wp-json\/wp\/v2\/media?parent=39"}],"curies":[{"name":"wp","href":"https:\/\/api.w.org\/{rel}","templated":true}]}}