{"id":288,"date":"2024-09-26T12:21:45","date_gmt":"2024-09-26T11:51:45","guid":{"rendered":"https:\/\/jesusconnect.de\/?page_id=288"},"modified":"2025-10-29T21:10:18","modified_gmt":"2025-10-29T21:10:18","slug":"israel-was-ist-das","status":"publish","type":"page","link":"https:\/\/jesusconnect.de\/en\/israel-was-ist-das\/","title":{"rendered":"."},"content":{"rendered":"<p class=\"has-text-align-center is-style-default has-text-color has-link-color has-huge-font-size wp-elements-359d05d8de73d9e29c0eafbd503e65fd\" style=\"color:#a4a9ea\"><strong>Augapfel <\/strong>GOttes, s. Deu 32,10<\/p>\n\n\n\n<p class=\"has-text-align-center is-style-info has-large-font-size\"><strong>&#8211; ein Volk, entstanden aus drei M\u00e4nnern:<\/strong><\/p>\n\n\n\n<p class=\"has-text-align-center is-style-success has-background has-large-font-size\" style=\"background-color:#b2ad9f\"><a href=\"https:\/\/jesusconnect.de\/en\/abraham\/\"><strong>Abraham<\/strong> <\/a>&gt; Sohn <strong>Isaak<\/strong> &gt; Enkelsohn <strong>Jakob <\/strong><\/p>\n\n\n\n<p class=\"has-medium-font-size\"><\/p>\n\n\n\n<p class=\"has-text-color has-background has-link-color has-medium-font-size wp-elements-f776ce2764fb81f4c9fd7e1ed1e3c5dc\" style=\"color:#e9c068;background-color:#3d40a6\">Etwa 2000 Jahre nach der Sch\u00f6pfung von Himmeln und Erde wurde <strong>ein <\/strong>besonderer Mann geboren unter all den Menschen, die sich seit der Sintflut bereits vermehrt hatten, das war Abraham, von dem GOtt sagen konnte : <em> er ist Mein Freund<\/em>, s. Jak 2,23.<\/p>\n\n\n\n<p class=\"has-text-color has-background has-link-color has-large-font-size wp-elements-4553db535c278a899d3fe9a1288daeca\" style=\"color:#80525a;background-color:#f0e9c6\">Daraus schlie\u00dfe ich, dass  <strong>niemand<\/strong> !!! au\u00dfer Abraham f\u00fcr den Sch\u00f6pfer Interesse hatte.<\/p>\n\n\n\n<p><\/p>\n\n\n\n<p><\/p>\n\n\n\n<p class=\"has-text-color has-background has-link-color has-medium-font-size wp-elements-92a8b49a6d37e769fe6ec01e689fd0d8\" style=\"color:#e9c068;background-color:#3f4485\">Und wieder einmal versuchte GOtt aus diesem Mann Abraham ein Volk zu Seinem Eigentum zu bilden, so wie Er anfangs den <a href=\"https:\/\/jesusconnect.de\/en\/adam\/\">Adam <\/a>und ca. 1000 Jahre sp\u00e4ter den Noah dazu ausersehen hatte.<\/p>\n\n\n\n<p class=\"has-text-color has-link-color wp-elements-664d4b8d138dcece475d02aef103ca0b\" style=\"color:#e9c068\"><\/p>\n\n\n\n<p class=\"has-text-color has-background has-link-color has-large-font-size wp-elements-408f30c623ba175c9d0d9cc6cc28af14\" style=\"color:#5d2517;background-color:#f2e2c0\">Der Stamm Israel entstand aus diesem einzigen Mann Abraham, aus dessen Sohn Isaak und wiederum aus dessen Sohn Jakob. Bis in Ewigkeit wird Israel das besondere Volk des einzigen Sch\u00f6pfers <a href=\"https:\/\/jesusconnect.de\/en\/jahwe-jhwh\/\">.. <\/a>sein.<\/p>\n\n\n\n<p class=\"has-text-color has-background has-link-color has-large-font-size wp-elements-16747346fc0808559976ee7e92384864\" style=\"color:#613e36;background-color:#f2e2c0\">Israel hat seinen GOtt so oft tief entt\u00e4uscht, aber nie hat Er es g\u00e4nzlich  im Stich gelassen.<\/p>\n\n\n\n<p class=\"has-text-color has-background has-link-color has-large-font-size wp-elements-02839be59485374b0435f16e29a1a2a9\" style=\"color:#e9c068;background-color:#f2e2c0\"><\/p>\n\n\n\n<figure class=\"wp-block-image size-full\"><img loading=\"lazy\" decoding=\"async\" width=\"944\" height=\"826\" src=\"https:\/\/jesusconnect.de\/wp-content\/uploads\/2025\/01\/Guardian.jpg\" alt=\"\" class=\"wp-image-553\" srcset=\"https:\/\/jesusconnect.de\/wp-content\/uploads\/2025\/01\/Guardian.jpg 944w, https:\/\/jesusconnect.de\/wp-content\/uploads\/2025\/01\/Guardian-300x263.jpg 300w, https:\/\/jesusconnect.de\/wp-content\/uploads\/2025\/01\/Guardian-768x672.jpg 768w, https:\/\/jesusconnect.de\/wp-content\/uploads\/2025\/01\/Guardian-14x12.jpg 14w\" sizes=\"auto, (max-width: 944px) 100vw, 944px\" \/><\/figure>","protected":false},"excerpt":{"rendered":"<p>Augapfel GOttes, s. Deu 32,10 &#8211; ein Volk, entstanden aus drei M\u00e4nnern: Abraham &gt; Sohn Isaak &gt; Enkelsohn Jakob Etwa 2000 Jahre nach der Sch\u00f6pfung von Himmeln und Erde wurde ein besonderer Mann geboren unter all den Menschen, die sich seit der Sintflut bereits vermehrt hatten, das war Abraham, von dem GOtt sagen konnte : [&hellip;]<\/p>\n","protected":false},"author":1,"featured_media":0,"parent":0,"menu_order":0,"comment_status":"closed","ping_status":"closed","template":"","meta":{"_coblocks_attr":"","_coblocks_dimensions":"","_coblocks_responsive_height":"","_coblocks_accordion_ie_support":"","hide_page_title":"","footnotes":""},"class_list":["post-288","page","type-page","status-publish","hentry"],"yoast_head":"<!-- This site is optimized with the Yoast SEO plugin v27.4 - https:\/\/yoast.com\/product\/yoast-seo-wordpress\/ -->\n<title>Israel - Jesus connect<\/title>\n<meta name=\"robots\" content=\"index, follow, max-snippet:-1, max-image-preview:large, max-video-preview:-1\" \/>\n<link rel=\"canonical\" href=\"https:\/\/jesusconnect.de\/en\/israel-was-ist-das\/\" \/>\n<meta property=\"og:locale\" content=\"en_US\" \/>\n<meta property=\"og:type\" content=\"article\" \/>\n<meta property=\"og:title\" content=\"Israel - Jesus connect\" \/>\n<meta property=\"og:description\" content=\"Augapfel GOttes, s. Deu 32,10 &#8211; ein Volk, entstanden aus drei M\u00e4nnern: Abraham &gt; Sohn Isaak &gt; Enkelsohn Jakob Etwa 2000 Jahre nach der Sch\u00f6pfung von Himmeln und Erde wurde ein besonderer Mann geboren unter all den Menschen, die sich seit der Sintflut bereits vermehrt hatten, das war Abraham, von dem GOtt sagen konnte : [&hellip;]\" \/>\n<meta property=\"og:url\" content=\"https:\/\/jesusconnect.de\/en\/israel-was-ist-das\/\" \/>\n<meta property=\"og:site_name\" content=\"Jesus connect\" \/>\n<meta property=\"article:modified_time\" content=\"2025-10-29T21:10:18+00:00\" \/>\n<meta property=\"og:image\" content=\"https:\/\/jesusconnect.de\/wp-content\/uploads\/2025\/01\/Guardian.jpg\" \/>\n\t<meta property=\"og:image:width\" content=\"944\" \/>\n\t<meta property=\"og:image:height\" content=\"826\" \/>\n\t<meta property=\"og:image:type\" content=\"image\/jpeg\" \/>\n<meta name=\"twitter:card\" content=\"summary_large_image\" \/>\n<meta name=\"twitter:label1\" content=\"Est. reading time\" \/>\n\t<meta name=\"twitter:data1\" content=\"2 minutes\" \/>\n<script type=\"application\/ld+json\" class=\"yoast-schema-graph\">{\"@context\":\"https:\\\/\\\/schema.org\",\"@graph\":[{\"@type\":\"WebPage\",\"@id\":\"https:\\\/\\\/jesusconnect.de\\\/israel-was-ist-das\\\/\",\"url\":\"https:\\\/\\\/jesusconnect.de\\\/israel-was-ist-das\\\/\",\"name\":\"Israel - Jesus connect\",\"isPartOf\":{\"@id\":\"https:\\\/\\\/jesusconnect.de\\\/#website\"},\"primaryImageOfPage\":{\"@id\":\"https:\\\/\\\/jesusconnect.de\\\/israel-was-ist-das\\\/#primaryimage\"},\"image\":{\"@id\":\"https:\\\/\\\/jesusconnect.de\\\/israel-was-ist-das\\\/#primaryimage\"},\"thumbnailUrl\":\"https:\\\/\\\/jesusconnect.de\\\/wp-content\\\/uploads\\\/2025\\\/01\\\/Guardian.jpg\",\"datePublished\":\"2024-09-26T11:51:45+00:00\",\"dateModified\":\"2025-10-29T21:10:18+00:00\",\"breadcrumb\":{\"@id\":\"https:\\\/\\\/jesusconnect.de\\\/israel-was-ist-das\\\/#breadcrumb\"},\"inLanguage\":\"en-US\",\"potentialAction\":[{\"@type\":\"ReadAction\",\"target\":[\"https:\\\/\\\/jesusconnect.de\\\/israel-was-ist-das\\\/\"]}]},{\"@type\":\"ImageObject\",\"inLanguage\":\"en-US\",\"@id\":\"https:\\\/\\\/jesusconnect.de\\\/israel-was-ist-das\\\/#primaryimage\",\"url\":\"https:\\\/\\\/jesusconnect.de\\\/wp-content\\\/uploads\\\/2025\\\/01\\\/Guardian.jpg\",\"contentUrl\":\"https:\\\/\\\/jesusconnect.de\\\/wp-content\\\/uploads\\\/2025\\\/01\\\/Guardian.jpg\"},{\"@type\":\"BreadcrumbList\",\"@id\":\"https:\\\/\\\/jesusconnect.de\\\/israel-was-ist-das\\\/#breadcrumb\",\"itemListElement\":[{\"@type\":\"ListItem\",\"position\":1,\"name\":\"Home\",\"item\":\"https:\\\/\\\/jesusconnect.de\\\/\"},{\"@type\":\"ListItem\",\"position\":2,\"name\":\"Israel\"}]},{\"@type\":\"WebSite\",\"@id\":\"https:\\\/\\\/jesusconnect.de\\\/#website\",\"url\":\"https:\\\/\\\/jesusconnect.de\\\/\",\"name\":\"Jesus connect\",\"description\":\"Gott, Jesus Christus, Heiliger Geist, Glaube, Vater, Sohn und Geist - Zusammenh\u00e4nge kurz erkl\u00e4rt\",\"publisher\":{\"@id\":\"https:\\\/\\\/jesusconnect.de\\\/#\\\/schema\\\/person\\\/8a5c1358de3b9958321dad237031fccf\"},\"potentialAction\":[{\"@type\":\"SearchAction\",\"target\":{\"@type\":\"EntryPoint\",\"urlTemplate\":\"https:\\\/\\\/jesusconnect.de\\\/?s={search_term_string}\"},\"query-input\":{\"@type\":\"PropertyValueSpecification\",\"valueRequired\":true,\"valueName\":\"search_term_string\"}}],\"inLanguage\":\"en-US\"},{\"@type\":[\"Person\",\"Organization\"],\"@id\":\"https:\\\/\\\/jesusconnect.de\\\/#\\\/schema\\\/person\\\/8a5c1358de3b9958321dad237031fccf\",\"name\":\"karin\",\"image\":{\"@type\":\"ImageObject\",\"inLanguage\":\"en-US\",\"@id\":\"https:\\\/\\\/jesusconnect.de\\\/wp-content\\\/uploads\\\/2025\\\/09\\\/JC-Logp.jpg\",\"url\":\"https:\\\/\\\/jesusconnect.de\\\/wp-content\\\/uploads\\\/2025\\\/09\\\/JC-Logp.jpg\",\"contentUrl\":\"https:\\\/\\\/jesusconnect.de\\\/wp-content\\\/uploads\\\/2025\\\/09\\\/JC-Logp.jpg\",\"width\":792,\"height\":596,\"caption\":\"karin\"},\"logo\":{\"@id\":\"https:\\\/\\\/jesusconnect.de\\\/wp-content\\\/uploads\\\/2025\\\/09\\\/JC-Logp.jpg\"},\"sameAs\":[\"https:\\\/\\\/jesusconnect.de\"]}]}<\/script>\n<!-- \/ Yoast SEO plugin. -->","yoast_head_json":{"title":"Israel - Jesus connect","robots":{"index":"index","follow":"follow","max-snippet":"max-snippet:-1","max-image-preview":"max-image-preview:large","max-video-preview":"max-video-preview:-1"},"canonical":"https:\/\/jesusconnect.de\/en\/israel-was-ist-das\/","og_locale":"en_US","og_type":"article","og_title":"Israel - Jesus connect","og_description":"Augapfel GOttes, s. Deu 32,10 &#8211; ein Volk, entstanden aus drei M\u00e4nnern: Abraham &gt; Sohn Isaak &gt; Enkelsohn Jakob Etwa 2000 Jahre nach der Sch\u00f6pfung von Himmeln und Erde wurde ein besonderer Mann geboren unter all den Menschen, die sich seit der Sintflut bereits vermehrt hatten, das war Abraham, von dem GOtt sagen konnte : [&hellip;]","og_url":"https:\/\/jesusconnect.de\/en\/israel-was-ist-das\/","og_site_name":"Jesus connect","article_modified_time":"2025-10-29T21:10:18+00:00","og_image":[{"width":944,"height":826,"url":"https:\/\/jesusconnect.de\/wp-content\/uploads\/2025\/01\/Guardian.jpg","type":"image\/jpeg"}],"twitter_card":"summary_large_image","twitter_misc":{"Est. reading time":"2 minutes"},"schema":{"@context":"https:\/\/schema.org","@graph":[{"@type":"WebPage","@id":"https:\/\/jesusconnect.de\/israel-was-ist-das\/","url":"https:\/\/jesusconnect.de\/israel-was-ist-das\/","name":"Israel - Jesus connect","isPartOf":{"@id":"https:\/\/jesusconnect.de\/#website"},"primaryImageOfPage":{"@id":"https:\/\/jesusconnect.de\/israel-was-ist-das\/#primaryimage"},"image":{"@id":"https:\/\/jesusconnect.de\/israel-was-ist-das\/#primaryimage"},"thumbnailUrl":"https:\/\/jesusconnect.de\/wp-content\/uploads\/2025\/01\/Guardian.jpg","datePublished":"2024-09-26T11:51:45+00:00","dateModified":"2025-10-29T21:10:18+00:00","breadcrumb":{"@id":"https:\/\/jesusconnect.de\/israel-was-ist-das\/#breadcrumb"},"inLanguage":"en-US","potentialAction":[{"@type":"ReadAction","target":["https:\/\/jesusconnect.de\/israel-was-ist-das\/"]}]},{"@type":"ImageObject","inLanguage":"en-US","@id":"https:\/\/jesusconnect.de\/israel-was-ist-das\/#primaryimage","url":"https:\/\/jesusconnect.de\/wp-content\/uploads\/2025\/01\/Guardian.jpg","contentUrl":"https:\/\/jesusconnect.de\/wp-content\/uploads\/2025\/01\/Guardian.jpg"},{"@type":"BreadcrumbList","@id":"https:\/\/jesusconnect.de\/israel-was-ist-das\/#breadcrumb","itemListElement":[{"@type":"ListItem","position":1,"name":"Home","item":"https:\/\/jesusconnect.de\/"},{"@type":"ListItem","position":2,"name":"Israel"}]},{"@type":"WebSite","@id":"https:\/\/jesusconnect.de\/#website","url":"https:\/\/jesusconnect.de\/","name":"Jesus connect","description":"Gott, Jesus Christus, Heiliger Geist, Glaube, Vater, Sohn und Geist - Zusammenh\u00e4nge kurz erkl\u00e4rt","publisher":{"@id":"https:\/\/jesusconnect.de\/#\/schema\/person\/8a5c1358de3b9958321dad237031fccf"},"potentialAction":[{"@type":"SearchAction","target":{"@type":"EntryPoint","urlTemplate":"https:\/\/jesusconnect.de\/?s={search_term_string}"},"query-input":{"@type":"PropertyValueSpecification","valueRequired":true,"valueName":"search_term_string"}}],"inLanguage":"en-US"},{"@type":["Person","Organization"],"@id":"https:\/\/jesusconnect.de\/#\/schema\/person\/8a5c1358de3b9958321dad237031fccf","name":"karin","image":{"@type":"ImageObject","inLanguage":"en-US","@id":"https:\/\/jesusconnect.de\/wp-content\/uploads\/2025\/09\/JC-Logp.jpg","url":"https:\/\/jesusconnect.de\/wp-content\/uploads\/2025\/09\/JC-Logp.jpg","contentUrl":"https:\/\/jesusconnect.de\/wp-content\/uploads\/2025\/09\/JC-Logp.jpg","width":792,"height":596,"caption":"karin"},"logo":{"@id":"https:\/\/jesusconnect.de\/wp-content\/uploads\/2025\/09\/JC-Logp.jpg"},"sameAs":["https:\/\/jesusconnect.de"]}]}},"_links":{"self":[{"href":"https:\/\/jesusconnect.de\/en\/wp-json\/wp\/v2\/pages\/288","targetHints":{"allow":["GET"]}}],"collection":[{"href":"https:\/\/jesusconnect.de\/en\/wp-json\/wp\/v2\/pages"}],"about":[{"href":"https:\/\/jesusconnect.de\/en\/wp-json\/wp\/v2\/types\/page"}],"author":[{"embeddable":true,"href":"https:\/\/jesusconnect.de\/en\/wp-json\/wp\/v2\/users\/1"}],"replies":[{"embeddable":true,"href":"https:\/\/jesusconnect.de\/en\/wp-json\/wp\/v2\/comments?post=288"}],"version-history":[{"count":41,"href":"https:\/\/jesusconnect.de\/en\/wp-json\/wp\/v2\/pages\/288\/revisions"}],"predecessor-version":[{"id":1712,"href":"https:\/\/jesusconnect.de\/en\/wp-json\/wp\/v2\/pages\/288\/revisions\/1712"}],"wp:attachment":[{"href":"https:\/\/jesusconnect.de\/en\/wp-json\/wp\/v2\/media?parent=288"}],"curies":[{"name":"wp","href":"https:\/\/api.w.org\/{rel}","templated":true}]}}