{"id":229,"date":"2024-09-09T09:00:24","date_gmt":"2024-09-09T09:00:24","guid":{"rendered":"https:\/\/jesusconnect.de\/?page_id=229"},"modified":"2025-10-09T17:30:56","modified_gmt":"2025-10-09T17:30:56","slug":"das-leben-was-bedeutet-das","status":"publish","type":"page","link":"https:\/\/jesusconnect.de\/en\/das-leben-was-bedeutet-das\/","title":{"rendered":"Das Leben"},"content":{"rendered":"<p class=\"has-text-align-center has-huge-font-size\">&#8211; <mark style=\"background-color:rgba(0, 0, 0, 0);color:#e7964f\" class=\"has-inline-color\"><strong>was bedeutet das ?<\/strong><\/mark><\/p>\n\n\n\n<p class=\"has-large-font-size\"><\/p>\n\n\n\n<p><\/p>\n\n\n\n<p class=\"has-text-align-center is-style-info has-text-color has-link-color has-medium-font-size wp-elements-e8f3db2495525b1ee117a147fd0c02d5\" style=\"color:#0d0219\">Unser biologisches Leben ist nur <strong>eine <\/strong>Spielart<strong> <\/strong>von ungeahnten M\u00f6glichkeiten, wie entstandenes &#8222;Leben&#8220; aussehen k\u00f6nnte.  Jesus hat gesagt, dass  <strong>ER Selbst, der Sch\u00f6pfer Selbst  <\/strong> das eigentliche  Leben <strong> IST<\/strong>.   Was Er kreiert, bekommt Leben durch IHn, aber es<strong> ist nicht<\/strong> das Leben Selbst. <\/p>\n\n\n\n<p><\/p>\n\n\n\n<p class=\"has-text-color has-link-color has-medium-font-size wp-elements-771b3192b0f014c2f1eb0080d1d96b92\" style=\"color:#e9c270\">Selbstverwirklichung ist kein Leben, sondern geh\u00f6rt zur simplen Existenz des Menschen.  <\/p>\n\n\n\n<p><\/p>\n\n\n\n<p class=\"has-secondary-color has-text-color has-link-color has-medium-font-size wp-elements-7894bd233f4b7406da42c216a87af3fe\">GOtt hat unsere Erde und die Wesen darauf gestaltet, genauso wie Er sie wollte. Den Menschen hat Er sogar nach Seinem Eigenem Vorbild erschaffen, s. Gen 1,27.<\/p>\n\n\n\n<p><\/p>\n\n\n\n<p class=\"has-text-color has-link-color has-medium-font-size wp-elements-f9a55eb285e988fda80f7fba456f4bb7\" style=\"color:#edede9\">Und deshalb glaube ich, dass der Mensch auch innerlich &#8211; nicht nur \u00e4u\u00dferlich mit zwei H\u00e4nden und F\u00fc\u00dfen, mit Haar und einer nackten Haut &#8211; also auch INNERLICH nach dem <strong>Guten <\/strong> &#8211; <strong>dem GUTEN !!!<\/strong> &#8211; gestaltet worden ist.<\/p>\n\n\n\n<p class=\"has-medium-font-size\"><\/p>\n\n\n\n<p><\/p>\n\n\n\n<p class=\"has-text-align-center is-style-warning has-large-font-size\">GOtt  ist   <strong>g u t<\/strong>  und  keine Falschheit ist  in  IHm.<\/p>\n\n\n\n<p class=\"has-text-align-center has-tertiary-color has-text-color has-link-color has-medium-font-size wp-elements-a4642f492388aaf15dc8c7874f5d2d3a\">Wie ist es dann m\u00f6glich, dass wir trotzdem so zerrissen sind ?!<\/p>\n\n\n\n<p class=\"has-text-align-center\"><\/p>\n\n\n<div class=\"wp-block-image\">\n<figure class=\"aligncenter size-large\"><img loading=\"lazy\" decoding=\"async\" width=\"724\" height=\"1024\" src=\"https:\/\/jesusconnect.de\/wp-content\/uploads\/2024\/09\/JC_Vergebung-fuer-web-1-724x1024.gif\" alt=\"\" class=\"wp-image-241\" srcset=\"https:\/\/jesusconnect.de\/wp-content\/uploads\/2024\/09\/JC_Vergebung-fuer-web-1-724x1024.gif 724w, https:\/\/jesusconnect.de\/wp-content\/uploads\/2024\/09\/JC_Vergebung-fuer-web-1-212x300.gif 212w, https:\/\/jesusconnect.de\/wp-content\/uploads\/2024\/09\/JC_Vergebung-fuer-web-1-768x1086.gif 768w, https:\/\/jesusconnect.de\/wp-content\/uploads\/2024\/09\/JC_Vergebung-fuer-web-1-1086x1536.gif 1086w, https:\/\/jesusconnect.de\/wp-content\/uploads\/2024\/09\/JC_Vergebung-fuer-web-1-1448x2048.gif 1448w\" sizes=\"auto, (max-width: 724px) 100vw, 724px\" \/><\/figure><\/div>\n\n\n<p><\/p>\n\n\n\n<p><\/p>\n\n\n\n<div class=\"wp-block-group is-vertical is-layout-flex wp-container-core-group-is-layout-8cf370e7 wp-block-group-is-layout-flex\">\n<div class=\"wp-block-group\"><div class=\"wp-block-group__inner-container is-layout-constrained wp-block-group-is-layout-constrained\">\n<p><\/p>\n\n\n\n<p class=\"has-text-align-left has-text-color has-link-color has-large-font-size wp-elements-11cd7673d1aca180e712cf1c73a8a457\" style=\"color:#c4a7a7;padding-top:0;padding-right:var(--wp--preset--spacing--60);padding-bottom:0;padding-left:var(--wp--preset--spacing--60)\">GOtt, der das Leben ist, <\/p>\n\n\n\n<p class=\"has-text-align-left has-text-color has-link-color has-large-font-size wp-elements-df14b86c01b661f9f43c6be19f1aa5a7\" style=\"color:#a58484;padding-top:0;padding-right:var(--wp--preset--spacing--60);padding-bottom:0;padding-left:var(--wp--preset--spacing--60)\">hat allen Seinen Wesen <strong><a href=\"https:\/\/jesusconnect.de\/en\/entscheidung\/\">Entscheidungsf\u00e4higkeit<\/a><\/strong> gegeben.<\/p>\n\n\n\n<p class=\"has-text-align-left has-text-color has-link-color has-large-font-size wp-elements-6e86050ee80c971a774d584f172f1556\" style=\"color:#a9a0a0;padding-top:0;padding-right:var(--wp--preset--spacing--60);padding-bottom:0;padding-left:var(--wp--preset--spacing--60)\">Niemand im Himmel und auf Erden ist nur eine Marionette.<\/p>\n\n\n\n<p class=\"has-text-align-left has-text-color has-link-color has-large-font-size wp-elements-d8ab70be1a2dd0c8800eca406e508a07\" style=\"color:#ae6256;padding-top:var(--wp--preset--spacing--20);padding-right:var(--wp--preset--spacing--60);padding-bottom:var(--wp--preset--spacing--20);padding-left:var(--wp--preset--spacing--60)\"><strong>Alle k\u00f6nnen<\/strong> zwischen <a href=\"https:\/\/jesusconnect.de\/en\/entscheidung\/\">Gut und B\u00f6se<\/a> <strong>w\u00e4hlen<\/strong>, und nur  <strong>DAS<\/strong>   ist so wichtig f\u00fcr die Ewigkeit !!! Selbstverwirklichung kann f\u00fcr ein Leben in Ewigkeit, in der Zeit ohne Limit, \u00fcberhaupt nichts n\u00fctzen !, weil der Sch\u00f6pfer der Richter ist, Der am Ende unserer Zeitrechnung und vor Seiner ewigen Zeit richten wird &#8211; jedes Individuum und Nationen wird Er<a href=\"https:\/\/jesusconnect.de\/en\/richter-der-welt\/\"> richten<\/a>.  <\/p>\n\n\n\n<p class=\"has-text-color has-link-color wp-elements-a3f68e7e521a213a07f17fe0422f46e4\" style=\"color:#ae6256;padding-top:var(--wp--preset--spacing--20);padding-right:var(--wp--preset--spacing--60);padding-bottom:var(--wp--preset--spacing--20);padding-left:var(--wp--preset--spacing--60)\"><\/p>\n<\/div><\/div>\n<\/div>\n\n\n\n<p><\/p>","protected":false},"excerpt":{"rendered":"<p>&#8211; was bedeutet das ? Unser biologisches Leben ist nur eine Spielart von ungeahnten M\u00f6glichkeiten, wie entstandenes &#8222;Leben&#8220; aussehen k\u00f6nnte. Jesus hat gesagt, dass ER Selbst, der Sch\u00f6pfer Selbst das eigentliche Leben IST. Was Er kreiert, bekommt Leben durch IHn, aber es ist nicht das Leben Selbst. Selbstverwirklichung ist kein Leben, sondern geh\u00f6rt zur simplen [&hellip;]<\/p>\n","protected":false},"author":1,"featured_media":0,"parent":0,"menu_order":0,"comment_status":"closed","ping_status":"closed","template":"","meta":{"_coblocks_attr":"","_coblocks_dimensions":"","_coblocks_responsive_height":"","_coblocks_accordion_ie_support":"","hide_page_title":"","footnotes":""},"class_list":["post-229","page","type-page","status-publish","hentry"],"yoast_head":"<!-- This site is optimized with the Yoast SEO plugin v27.4 - https:\/\/yoast.com\/product\/yoast-seo-wordpress\/ -->\n<title>Das Leben - Jesus connect<\/title>\n<meta name=\"robots\" content=\"index, follow, max-snippet:-1, max-image-preview:large, max-video-preview:-1\" \/>\n<link rel=\"canonical\" href=\"https:\/\/jesusconnect.de\/en\/das-leben-was-bedeutet-das\/\" \/>\n<meta property=\"og:locale\" content=\"en_US\" \/>\n<meta property=\"og:type\" content=\"article\" \/>\n<meta property=\"og:title\" content=\"Das Leben - Jesus connect\" \/>\n<meta property=\"og:description\" content=\"&#8211; was bedeutet das ? Unser biologisches Leben ist nur eine Spielart von ungeahnten M\u00f6glichkeiten, wie entstandenes &#8222;Leben&#8220; aussehen k\u00f6nnte. Jesus hat gesagt, dass ER Selbst, der Sch\u00f6pfer Selbst das eigentliche Leben IST. Was Er kreiert, bekommt Leben durch IHn, aber es ist nicht das Leben Selbst. Selbstverwirklichung ist kein Leben, sondern geh\u00f6rt zur simplen [&hellip;]\" \/>\n<meta property=\"og:url\" content=\"https:\/\/jesusconnect.de\/en\/das-leben-was-bedeutet-das\/\" \/>\n<meta property=\"og:site_name\" content=\"Jesus connect\" \/>\n<meta property=\"article:modified_time\" content=\"2025-10-09T17:30:56+00:00\" \/>\n<meta property=\"og:image\" content=\"https:\/\/jesusconnect.de\/wp-content\/uploads\/2024\/09\/JC_Vergebung-fuer-web-1-724x1024.gif\" \/>\n\t<meta property=\"og:image:width\" content=\"724\" \/>\n\t<meta property=\"og:image:height\" content=\"1024\" \/>\n\t<meta property=\"og:image:type\" content=\"image\/gif\" \/>\n<meta name=\"twitter:card\" content=\"summary_large_image\" \/>\n<meta name=\"twitter:label1\" content=\"Est. reading time\" \/>\n\t<meta name=\"twitter:data1\" content=\"2 minutes\" \/>\n<script type=\"application\/ld+json\" class=\"yoast-schema-graph\">{\"@context\":\"https:\\\/\\\/schema.org\",\"@graph\":[{\"@type\":\"WebPage\",\"@id\":\"https:\\\/\\\/jesusconnect.de\\\/das-leben-was-bedeutet-das\\\/\",\"url\":\"https:\\\/\\\/jesusconnect.de\\\/das-leben-was-bedeutet-das\\\/\",\"name\":\"Das Leben - Jesus connect\",\"isPartOf\":{\"@id\":\"https:\\\/\\\/jesusconnect.de\\\/#website\"},\"primaryImageOfPage\":{\"@id\":\"https:\\\/\\\/jesusconnect.de\\\/das-leben-was-bedeutet-das\\\/#primaryimage\"},\"image\":{\"@id\":\"https:\\\/\\\/jesusconnect.de\\\/das-leben-was-bedeutet-das\\\/#primaryimage\"},\"thumbnailUrl\":\"https:\\\/\\\/jesusconnect.de\\\/wp-content\\\/uploads\\\/2024\\\/09\\\/JC_Vergebung-fuer-web-1-724x1024.gif\",\"datePublished\":\"2024-09-09T09:00:24+00:00\",\"dateModified\":\"2025-10-09T17:30:56+00:00\",\"breadcrumb\":{\"@id\":\"https:\\\/\\\/jesusconnect.de\\\/das-leben-was-bedeutet-das\\\/#breadcrumb\"},\"inLanguage\":\"en-US\",\"potentialAction\":[{\"@type\":\"ReadAction\",\"target\":[\"https:\\\/\\\/jesusconnect.de\\\/das-leben-was-bedeutet-das\\\/\"]}]},{\"@type\":\"ImageObject\",\"inLanguage\":\"en-US\",\"@id\":\"https:\\\/\\\/jesusconnect.de\\\/das-leben-was-bedeutet-das\\\/#primaryimage\",\"url\":\"https:\\\/\\\/jesusconnect.de\\\/wp-content\\\/uploads\\\/2024\\\/09\\\/JC_Vergebung-fuer-web-1-724x1024.gif\",\"contentUrl\":\"https:\\\/\\\/jesusconnect.de\\\/wp-content\\\/uploads\\\/2024\\\/09\\\/JC_Vergebung-fuer-web-1-724x1024.gif\"},{\"@type\":\"BreadcrumbList\",\"@id\":\"https:\\\/\\\/jesusconnect.de\\\/das-leben-was-bedeutet-das\\\/#breadcrumb\",\"itemListElement\":[{\"@type\":\"ListItem\",\"position\":1,\"name\":\"Home\",\"item\":\"https:\\\/\\\/jesusconnect.de\\\/\"},{\"@type\":\"ListItem\",\"position\":2,\"name\":\"Das Leben\"}]},{\"@type\":\"WebSite\",\"@id\":\"https:\\\/\\\/jesusconnect.de\\\/#website\",\"url\":\"https:\\\/\\\/jesusconnect.de\\\/\",\"name\":\"Jesus connect\",\"description\":\"Gott, Jesus Christus, Heiliger Geist, Glaube, Vater, Sohn und Geist - Zusammenh\u00e4nge kurz erkl\u00e4rt\",\"publisher\":{\"@id\":\"https:\\\/\\\/jesusconnect.de\\\/#\\\/schema\\\/person\\\/8a5c1358de3b9958321dad237031fccf\"},\"potentialAction\":[{\"@type\":\"SearchAction\",\"target\":{\"@type\":\"EntryPoint\",\"urlTemplate\":\"https:\\\/\\\/jesusconnect.de\\\/?s={search_term_string}\"},\"query-input\":{\"@type\":\"PropertyValueSpecification\",\"valueRequired\":true,\"valueName\":\"search_term_string\"}}],\"inLanguage\":\"en-US\"},{\"@type\":[\"Person\",\"Organization\"],\"@id\":\"https:\\\/\\\/jesusconnect.de\\\/#\\\/schema\\\/person\\\/8a5c1358de3b9958321dad237031fccf\",\"name\":\"karin\",\"image\":{\"@type\":\"ImageObject\",\"inLanguage\":\"en-US\",\"@id\":\"https:\\\/\\\/jesusconnect.de\\\/wp-content\\\/uploads\\\/2025\\\/09\\\/JC-Logp.jpg\",\"url\":\"https:\\\/\\\/jesusconnect.de\\\/wp-content\\\/uploads\\\/2025\\\/09\\\/JC-Logp.jpg\",\"contentUrl\":\"https:\\\/\\\/jesusconnect.de\\\/wp-content\\\/uploads\\\/2025\\\/09\\\/JC-Logp.jpg\",\"width\":792,\"height\":596,\"caption\":\"karin\"},\"logo\":{\"@id\":\"https:\\\/\\\/jesusconnect.de\\\/wp-content\\\/uploads\\\/2025\\\/09\\\/JC-Logp.jpg\"},\"sameAs\":[\"https:\\\/\\\/jesusconnect.de\"]}]}<\/script>\n<!-- \/ Yoast SEO plugin. -->","yoast_head_json":{"title":"Das Leben - Jesus connect","robots":{"index":"index","follow":"follow","max-snippet":"max-snippet:-1","max-image-preview":"max-image-preview:large","max-video-preview":"max-video-preview:-1"},"canonical":"https:\/\/jesusconnect.de\/en\/das-leben-was-bedeutet-das\/","og_locale":"en_US","og_type":"article","og_title":"Das Leben - Jesus connect","og_description":"&#8211; was bedeutet das ? Unser biologisches Leben ist nur eine Spielart von ungeahnten M\u00f6glichkeiten, wie entstandenes &#8222;Leben&#8220; aussehen k\u00f6nnte. Jesus hat gesagt, dass ER Selbst, der Sch\u00f6pfer Selbst das eigentliche Leben IST. Was Er kreiert, bekommt Leben durch IHn, aber es ist nicht das Leben Selbst. Selbstverwirklichung ist kein Leben, sondern geh\u00f6rt zur simplen [&hellip;]","og_url":"https:\/\/jesusconnect.de\/en\/das-leben-was-bedeutet-das\/","og_site_name":"Jesus connect","article_modified_time":"2025-10-09T17:30:56+00:00","og_image":[{"width":724,"height":1024,"url":"https:\/\/jesusconnect.de\/wp-content\/uploads\/2024\/09\/JC_Vergebung-fuer-web-1-724x1024.gif","type":"image\/gif"}],"twitter_card":"summary_large_image","twitter_misc":{"Est. reading time":"2 minutes"},"schema":{"@context":"https:\/\/schema.org","@graph":[{"@type":"WebPage","@id":"https:\/\/jesusconnect.de\/das-leben-was-bedeutet-das\/","url":"https:\/\/jesusconnect.de\/das-leben-was-bedeutet-das\/","name":"Das Leben - Jesus connect","isPartOf":{"@id":"https:\/\/jesusconnect.de\/#website"},"primaryImageOfPage":{"@id":"https:\/\/jesusconnect.de\/das-leben-was-bedeutet-das\/#primaryimage"},"image":{"@id":"https:\/\/jesusconnect.de\/das-leben-was-bedeutet-das\/#primaryimage"},"thumbnailUrl":"https:\/\/jesusconnect.de\/wp-content\/uploads\/2024\/09\/JC_Vergebung-fuer-web-1-724x1024.gif","datePublished":"2024-09-09T09:00:24+00:00","dateModified":"2025-10-09T17:30:56+00:00","breadcrumb":{"@id":"https:\/\/jesusconnect.de\/das-leben-was-bedeutet-das\/#breadcrumb"},"inLanguage":"en-US","potentialAction":[{"@type":"ReadAction","target":["https:\/\/jesusconnect.de\/das-leben-was-bedeutet-das\/"]}]},{"@type":"ImageObject","inLanguage":"en-US","@id":"https:\/\/jesusconnect.de\/das-leben-was-bedeutet-das\/#primaryimage","url":"https:\/\/jesusconnect.de\/wp-content\/uploads\/2024\/09\/JC_Vergebung-fuer-web-1-724x1024.gif","contentUrl":"https:\/\/jesusconnect.de\/wp-content\/uploads\/2024\/09\/JC_Vergebung-fuer-web-1-724x1024.gif"},{"@type":"BreadcrumbList","@id":"https:\/\/jesusconnect.de\/das-leben-was-bedeutet-das\/#breadcrumb","itemListElement":[{"@type":"ListItem","position":1,"name":"Home","item":"https:\/\/jesusconnect.de\/"},{"@type":"ListItem","position":2,"name":"Das Leben"}]},{"@type":"WebSite","@id":"https:\/\/jesusconnect.de\/#website","url":"https:\/\/jesusconnect.de\/","name":"Jesus connect","description":"Gott, Jesus Christus, Heiliger Geist, Glaube, Vater, Sohn und Geist - Zusammenh\u00e4nge kurz erkl\u00e4rt","publisher":{"@id":"https:\/\/jesusconnect.de\/#\/schema\/person\/8a5c1358de3b9958321dad237031fccf"},"potentialAction":[{"@type":"SearchAction","target":{"@type":"EntryPoint","urlTemplate":"https:\/\/jesusconnect.de\/?s={search_term_string}"},"query-input":{"@type":"PropertyValueSpecification","valueRequired":true,"valueName":"search_term_string"}}],"inLanguage":"en-US"},{"@type":["Person","Organization"],"@id":"https:\/\/jesusconnect.de\/#\/schema\/person\/8a5c1358de3b9958321dad237031fccf","name":"karin","image":{"@type":"ImageObject","inLanguage":"en-US","@id":"https:\/\/jesusconnect.de\/wp-content\/uploads\/2025\/09\/JC-Logp.jpg","url":"https:\/\/jesusconnect.de\/wp-content\/uploads\/2025\/09\/JC-Logp.jpg","contentUrl":"https:\/\/jesusconnect.de\/wp-content\/uploads\/2025\/09\/JC-Logp.jpg","width":792,"height":596,"caption":"karin"},"logo":{"@id":"https:\/\/jesusconnect.de\/wp-content\/uploads\/2025\/09\/JC-Logp.jpg"},"sameAs":["https:\/\/jesusconnect.de"]}]}},"_links":{"self":[{"href":"https:\/\/jesusconnect.de\/en\/wp-json\/wp\/v2\/pages\/229","targetHints":{"allow":["GET"]}}],"collection":[{"href":"https:\/\/jesusconnect.de\/en\/wp-json\/wp\/v2\/pages"}],"about":[{"href":"https:\/\/jesusconnect.de\/en\/wp-json\/wp\/v2\/types\/page"}],"author":[{"embeddable":true,"href":"https:\/\/jesusconnect.de\/en\/wp-json\/wp\/v2\/users\/1"}],"replies":[{"embeddable":true,"href":"https:\/\/jesusconnect.de\/en\/wp-json\/wp\/v2\/comments?post=229"}],"version-history":[{"count":42,"href":"https:\/\/jesusconnect.de\/en\/wp-json\/wp\/v2\/pages\/229\/revisions"}],"predecessor-version":[{"id":1625,"href":"https:\/\/jesusconnect.de\/en\/wp-json\/wp\/v2\/pages\/229\/revisions\/1625"}],"wp:attachment":[{"href":"https:\/\/jesusconnect.de\/en\/wp-json\/wp\/v2\/media?parent=229"}],"curies":[{"name":"wp","href":"https:\/\/api.w.org\/{rel}","templated":true}]}}