{"id":1747,"date":"2025-10-31T20:10:37","date_gmt":"2025-10-31T20:10:37","guid":{"rendered":"https:\/\/jesusconnect.de\/?page_id=1747"},"modified":"2025-10-31T20:51:53","modified_gmt":"2025-10-31T20:51:53","slug":"herr-dieser-welt","status":"publish","type":"page","link":"https:\/\/jesusconnect.de\/en\/herr-dieser-welt\/","title":{"rendered":"Herr dieser Welt ?"},"content":{"rendered":"<p class=\"has-text-align-center has-text-color has-link-color has-huge-font-size wp-elements-62b23775faa3e127c86244fd853e072b\" style=\"color:#620719\"><strong>Wer beherrscht die Erde eigentlich ?<\/strong><\/p>\n\n\n\n<p><\/p>\n\n\n\n<p class=\"has-text-color has-link-color has-medium-font-size wp-elements-fc5e0479dbd60f2dd34757d2b9fd9c56\" style=\"color:#f2dcac\">Einst hatte GOtt sie dem Adam gegeben, aber der verspielte seine Autorit\u00e4t. Er lie\u00df sich bel\u00fcgen, und in der Folge verfluchte GOtt die Erde. <\/p>\n\n\n\n<p class=\"has-text-color has-link-color has-medium-font-size wp-elements-cdee19a802b9489abf98c7889d2c5f16\" style=\"color:#f3c561\">Jesus hat zwar alles zur\u00fcckgewonnen vor ca. 2000 Jahren durch Seinen schlimmen Tod am Kreuzesbalken und durch Seine Auferstehung danach &#8211; &#8211; &#8211; Doch wieso musste Er Sich t\u00f6ten lassen ?! :<\/p>\n\n\n\n<p class=\"has-text-color has-link-color wp-elements-2aefa2ce1a7f3ae608aaebe9d2728ba8\" style=\"color:#f3c561\"><\/p>\n\n\n\n<p class=\"has-text-color has-link-color has-medium-font-size wp-elements-42127b65261638a2a375442e4448840e\" style=\"color:#f1ba43\">> Weil <strong>der Fluch <\/strong>auch nur<strong> durch den Sch\u00f6pfer Selbst <\/strong>wieder <strong>aufgehoben <\/strong>werden konnte, und zwar so, dass der Sch\u00f6pfer Selbst  werden w\u00fcrde, wie das, was Er geschaffen hatte: deshalb wurde GOtt Materie &#8211; ER wurde ein Mensch  mit Fleisch und Blut.  Jesus <strong>IST  <\/strong>GOtt &#8211; und zwar GOttes <strong>einmal <\/strong>als Mensch <strong>geborener SOhn<\/strong>.<\/p>\n\n\n\n<p><\/p>\n\n\n\n<p class=\"has-text-color has-link-color has-large-font-size wp-elements-a5f01cfb4a084817e8bcfef1f1b3caca\" style=\"color:#eaa309\">Und nun gilt  <strong>  jeder (!!!)   Fluch als wirkungslos<\/strong> &#8211; deswegen ist <strong><a href=\"https:\/\/jesusconnect.de\/en\/was-ist-wahrheit\/\">Wahrheit <\/a><\/strong>im Unterschied zu Realit\u00e4t und Wirklichkeit frei von jedem Leid &#8211; aber <strong>das funktoniert allein durch Glauben an Jesus. <\/strong>Sonst funktioniert es nicht <strong>oder mit einer schlechten Kraft : an Jesus vorbei.<\/strong> <\/p>\n\n\n\n<p><\/p>","protected":false},"excerpt":{"rendered":"<p>Wer beherrscht die Erde eigentlich ? Einst hatte GOtt sie dem Adam gegeben, aber der verspielte seine Autorit\u00e4t. Er lie\u00df sich bel\u00fcgen, und in der Folge verfluchte GOtt die Erde. Jesus hat zwar alles zur\u00fcckgewonnen vor ca. 2000 Jahren durch Seinen schlimmen Tod am Kreuzesbalken und durch Seine Auferstehung danach &#8211; &#8211; &#8211; Doch wieso [&hellip;]<\/p>\n","protected":false},"author":1,"featured_media":0,"parent":0,"menu_order":0,"comment_status":"closed","ping_status":"closed","template":"","meta":{"_coblocks_attr":"","_coblocks_dimensions":"","_coblocks_responsive_height":"","_coblocks_accordion_ie_support":"","hide_page_title":"","footnotes":""},"class_list":["post-1747","page","type-page","status-publish","hentry"],"yoast_head":"<!-- This site is optimized with the Yoast SEO plugin v27.4 - https:\/\/yoast.com\/product\/yoast-seo-wordpress\/ -->\n<title>Herr dieser Welt ? - Jesus connect<\/title>\n<meta name=\"robots\" content=\"index, follow, max-snippet:-1, max-image-preview:large, max-video-preview:-1\" \/>\n<link rel=\"canonical\" href=\"https:\/\/jesusconnect.de\/en\/herr-dieser-welt\/\" \/>\n<meta property=\"og:locale\" content=\"en_US\" \/>\n<meta property=\"og:type\" content=\"article\" \/>\n<meta property=\"og:title\" content=\"Herr dieser Welt ? - Jesus connect\" \/>\n<meta property=\"og:description\" content=\"Wer beherrscht die Erde eigentlich ? Einst hatte GOtt sie dem Adam gegeben, aber der verspielte seine Autorit\u00e4t. Er lie\u00df sich bel\u00fcgen, und in der Folge verfluchte GOtt die Erde. Jesus hat zwar alles zur\u00fcckgewonnen vor ca. 2000 Jahren durch Seinen schlimmen Tod am Kreuzesbalken und durch Seine Auferstehung danach &#8211; &#8211; &#8211; Doch wieso [&hellip;]\" \/>\n<meta property=\"og:url\" content=\"https:\/\/jesusconnect.de\/en\/herr-dieser-welt\/\" \/>\n<meta property=\"og:site_name\" content=\"Jesus connect\" \/>\n<meta property=\"article:modified_time\" content=\"2025-10-31T20:51:53+00:00\" \/>\n<meta name=\"twitter:card\" content=\"summary_large_image\" \/>\n<meta name=\"twitter:label1\" content=\"Est. reading time\" \/>\n\t<meta name=\"twitter:data1\" content=\"1 minute\" \/>\n<script type=\"application\/ld+json\" class=\"yoast-schema-graph\">{\"@context\":\"https:\\\/\\\/schema.org\",\"@graph\":[{\"@type\":\"WebPage\",\"@id\":\"https:\\\/\\\/jesusconnect.de\\\/herr-dieser-welt\\\/\",\"url\":\"https:\\\/\\\/jesusconnect.de\\\/herr-dieser-welt\\\/\",\"name\":\"Herr dieser Welt ? - Jesus connect\",\"isPartOf\":{\"@id\":\"https:\\\/\\\/jesusconnect.de\\\/#website\"},\"datePublished\":\"2025-10-31T20:10:37+00:00\",\"dateModified\":\"2025-10-31T20:51:53+00:00\",\"breadcrumb\":{\"@id\":\"https:\\\/\\\/jesusconnect.de\\\/herr-dieser-welt\\\/#breadcrumb\"},\"inLanguage\":\"en-US\",\"potentialAction\":[{\"@type\":\"ReadAction\",\"target\":[\"https:\\\/\\\/jesusconnect.de\\\/herr-dieser-welt\\\/\"]}]},{\"@type\":\"BreadcrumbList\",\"@id\":\"https:\\\/\\\/jesusconnect.de\\\/herr-dieser-welt\\\/#breadcrumb\",\"itemListElement\":[{\"@type\":\"ListItem\",\"position\":1,\"name\":\"Home\",\"item\":\"https:\\\/\\\/jesusconnect.de\\\/\"},{\"@type\":\"ListItem\",\"position\":2,\"name\":\"Herr dieser Welt ?\"}]},{\"@type\":\"WebSite\",\"@id\":\"https:\\\/\\\/jesusconnect.de\\\/#website\",\"url\":\"https:\\\/\\\/jesusconnect.de\\\/\",\"name\":\"Jesus connect\",\"description\":\"Gott, Jesus Christus, Heiliger Geist, Glaube, Vater, Sohn und Geist - Zusammenh\u00e4nge kurz erkl\u00e4rt\",\"publisher\":{\"@id\":\"https:\\\/\\\/jesusconnect.de\\\/#\\\/schema\\\/person\\\/8a5c1358de3b9958321dad237031fccf\"},\"potentialAction\":[{\"@type\":\"SearchAction\",\"target\":{\"@type\":\"EntryPoint\",\"urlTemplate\":\"https:\\\/\\\/jesusconnect.de\\\/?s={search_term_string}\"},\"query-input\":{\"@type\":\"PropertyValueSpecification\",\"valueRequired\":true,\"valueName\":\"search_term_string\"}}],\"inLanguage\":\"en-US\"},{\"@type\":[\"Person\",\"Organization\"],\"@id\":\"https:\\\/\\\/jesusconnect.de\\\/#\\\/schema\\\/person\\\/8a5c1358de3b9958321dad237031fccf\",\"name\":\"karin\",\"image\":{\"@type\":\"ImageObject\",\"inLanguage\":\"en-US\",\"@id\":\"https:\\\/\\\/jesusconnect.de\\\/wp-content\\\/uploads\\\/2025\\\/09\\\/JC-Logp.jpg\",\"url\":\"https:\\\/\\\/jesusconnect.de\\\/wp-content\\\/uploads\\\/2025\\\/09\\\/JC-Logp.jpg\",\"contentUrl\":\"https:\\\/\\\/jesusconnect.de\\\/wp-content\\\/uploads\\\/2025\\\/09\\\/JC-Logp.jpg\",\"width\":792,\"height\":596,\"caption\":\"karin\"},\"logo\":{\"@id\":\"https:\\\/\\\/jesusconnect.de\\\/wp-content\\\/uploads\\\/2025\\\/09\\\/JC-Logp.jpg\"},\"sameAs\":[\"https:\\\/\\\/jesusconnect.de\"]}]}<\/script>\n<!-- \/ Yoast SEO plugin. -->","yoast_head_json":{"title":"Herr dieser Welt ? - Jesus connect","robots":{"index":"index","follow":"follow","max-snippet":"max-snippet:-1","max-image-preview":"max-image-preview:large","max-video-preview":"max-video-preview:-1"},"canonical":"https:\/\/jesusconnect.de\/en\/herr-dieser-welt\/","og_locale":"en_US","og_type":"article","og_title":"Herr dieser Welt ? - Jesus connect","og_description":"Wer beherrscht die Erde eigentlich ? Einst hatte GOtt sie dem Adam gegeben, aber der verspielte seine Autorit\u00e4t. Er lie\u00df sich bel\u00fcgen, und in der Folge verfluchte GOtt die Erde. Jesus hat zwar alles zur\u00fcckgewonnen vor ca. 2000 Jahren durch Seinen schlimmen Tod am Kreuzesbalken und durch Seine Auferstehung danach &#8211; &#8211; &#8211; Doch wieso [&hellip;]","og_url":"https:\/\/jesusconnect.de\/en\/herr-dieser-welt\/","og_site_name":"Jesus connect","article_modified_time":"2025-10-31T20:51:53+00:00","twitter_card":"summary_large_image","twitter_misc":{"Est. reading time":"1 minute"},"schema":{"@context":"https:\/\/schema.org","@graph":[{"@type":"WebPage","@id":"https:\/\/jesusconnect.de\/herr-dieser-welt\/","url":"https:\/\/jesusconnect.de\/herr-dieser-welt\/","name":"Herr dieser Welt ? - Jesus connect","isPartOf":{"@id":"https:\/\/jesusconnect.de\/#website"},"datePublished":"2025-10-31T20:10:37+00:00","dateModified":"2025-10-31T20:51:53+00:00","breadcrumb":{"@id":"https:\/\/jesusconnect.de\/herr-dieser-welt\/#breadcrumb"},"inLanguage":"en-US","potentialAction":[{"@type":"ReadAction","target":["https:\/\/jesusconnect.de\/herr-dieser-welt\/"]}]},{"@type":"BreadcrumbList","@id":"https:\/\/jesusconnect.de\/herr-dieser-welt\/#breadcrumb","itemListElement":[{"@type":"ListItem","position":1,"name":"Home","item":"https:\/\/jesusconnect.de\/"},{"@type":"ListItem","position":2,"name":"Herr dieser Welt ?"}]},{"@type":"WebSite","@id":"https:\/\/jesusconnect.de\/#website","url":"https:\/\/jesusconnect.de\/","name":"Jesus connect","description":"Gott, Jesus Christus, Heiliger Geist, Glaube, Vater, Sohn und Geist - Zusammenh\u00e4nge kurz erkl\u00e4rt","publisher":{"@id":"https:\/\/jesusconnect.de\/#\/schema\/person\/8a5c1358de3b9958321dad237031fccf"},"potentialAction":[{"@type":"SearchAction","target":{"@type":"EntryPoint","urlTemplate":"https:\/\/jesusconnect.de\/?s={search_term_string}"},"query-input":{"@type":"PropertyValueSpecification","valueRequired":true,"valueName":"search_term_string"}}],"inLanguage":"en-US"},{"@type":["Person","Organization"],"@id":"https:\/\/jesusconnect.de\/#\/schema\/person\/8a5c1358de3b9958321dad237031fccf","name":"karin","image":{"@type":"ImageObject","inLanguage":"en-US","@id":"https:\/\/jesusconnect.de\/wp-content\/uploads\/2025\/09\/JC-Logp.jpg","url":"https:\/\/jesusconnect.de\/wp-content\/uploads\/2025\/09\/JC-Logp.jpg","contentUrl":"https:\/\/jesusconnect.de\/wp-content\/uploads\/2025\/09\/JC-Logp.jpg","width":792,"height":596,"caption":"karin"},"logo":{"@id":"https:\/\/jesusconnect.de\/wp-content\/uploads\/2025\/09\/JC-Logp.jpg"},"sameAs":["https:\/\/jesusconnect.de"]}]}},"_links":{"self":[{"href":"https:\/\/jesusconnect.de\/en\/wp-json\/wp\/v2\/pages\/1747","targetHints":{"allow":["GET"]}}],"collection":[{"href":"https:\/\/jesusconnect.de\/en\/wp-json\/wp\/v2\/pages"}],"about":[{"href":"https:\/\/jesusconnect.de\/en\/wp-json\/wp\/v2\/types\/page"}],"author":[{"embeddable":true,"href":"https:\/\/jesusconnect.de\/en\/wp-json\/wp\/v2\/users\/1"}],"replies":[{"embeddable":true,"href":"https:\/\/jesusconnect.de\/en\/wp-json\/wp\/v2\/comments?post=1747"}],"version-history":[{"count":16,"href":"https:\/\/jesusconnect.de\/en\/wp-json\/wp\/v2\/pages\/1747\/revisions"}],"predecessor-version":[{"id":1770,"href":"https:\/\/jesusconnect.de\/en\/wp-json\/wp\/v2\/pages\/1747\/revisions\/1770"}],"wp:attachment":[{"href":"https:\/\/jesusconnect.de\/en\/wp-json\/wp\/v2\/media?parent=1747"}],"curies":[{"name":"wp","href":"https:\/\/api.w.org\/{rel}","templated":true}]}}