{"id":1674,"date":"2025-10-28T15:23:30","date_gmt":"2025-10-28T15:23:30","guid":{"rendered":"https:\/\/jesusconnect.de\/?page_id=1674"},"modified":"2025-10-31T18:43:04","modified_gmt":"2025-10-31T18:43:04","slug":"was-ist-wahrheit","status":"publish","type":"page","link":"https:\/\/jesusconnect.de\/en\/was-ist-wahrheit\/","title":{"rendered":"Was  ist  WAHRHEIT  ?"},"content":{"rendered":"<p class=\"has-text-color has-link-color has-medium-font-size has-custom-lineheight wp-elements-e79d0769f3d5f340a8d113367564c93e\" style=\"color:#7d0e19;line-height:1.73\"><strong>Wir sehen nicht auf das Sichtbare, sondern auf das Unsichtbare. Alles Sichtbare ist zeitlich; das Unsichtbare aber ist ewig<\/strong>. 2.Kor 4,18<\/p>\n\n\n\n<p class=\"has-drop-cap has-text-color has-link-color has-medium-font-size wp-elements-02efbf93f02692d52ad4ee955d2f27ab\" style=\"color:#710d2e\"><\/p>\n\n\n\n<pre class=\"wp-block-verse has-text-align-right has-secondary-background-color has-text-color has-background has-link-color has-large-font-size wp-elements-037c888648838c6c8248e11c16fa01a0\" style=\"color:#6f6143\"><strong>Wahrheit ist nicht irdisch und nicht von dieser Welt.<br>Was wir \"Wirklichkeit\" oder \"Realit\u00e4t\" nennen, das vergeht \u2013 es ist St\u00fcckwerk. <br>Die Wahrheit hingegen bleibt ewig, weil sie Geist ist und Leben ist.<\/strong><\/pre>\n\n\n\n\n\n<pre class=\"wp-block-preformatted has-text-color has-link-color has-large-font-size wp-elements-330d52de1c245f6d3d9ab7a23fa8b08d\" style=\"color:#a39656\">Christus spricht: ICh Bin die Wahrheit und das Leben \u2013 nicht das irdische, das atmet und stirbt,<br>sondern das g\u00f6ttliche Leben, das war, ehe die Welt entstand,<br>und in dem alles biologische Leben seinen Ursprung hat.<\/pre>\n\n\n\n<pre class=\"wp-block-code has-background has-large-font-size\" style=\"background-color:#618e39\"><code>Die <strong>Wahrheit steht \u00fcber allem Geschaffenen<\/strong>.\nChristus ist nicht das biologische Dasein, sondern das g\u00f6ttliche Sein und das Leben Selbst, <strong>aus dem alles erschaffene Leben hervorgeht<\/strong>.<\/code><\/pre>\n\n\n\n<p><\/p>\n\n\n\n<div class=\"wp-block-columns is-layout-flex wp-container-core-columns-is-layout-9d6595d7 wp-block-columns-is-layout-flex\">\n<div class=\"wp-block-column is-layout-flow wp-block-column-is-layout-flow\">\n<div class=\"wp-block-media-text is-stacked-on-mobile\" style=\"padding-top:var(--wp--preset--spacing--80);padding-bottom:var(--wp--preset--spacing--80);grid-template-columns:85% auto\"><figure class=\"wp-block-media-text__media\"><img loading=\"lazy\" decoding=\"async\" width=\"768\" height=\"1024\" src=\"https:\/\/jesusconnect.de\/wp-content\/uploads\/2025\/01\/alles-ist-moeglich-768x1024.jpg\" alt=\"\" class=\"wp-image-558 size-full\" srcset=\"https:\/\/jesusconnect.de\/wp-content\/uploads\/2025\/01\/alles-ist-moeglich-768x1024.jpg 768w, https:\/\/jesusconnect.de\/wp-content\/uploads\/2025\/01\/alles-ist-moeglich-225x300.jpg 225w, https:\/\/jesusconnect.de\/wp-content\/uploads\/2025\/01\/alles-ist-moeglich-1152x1536.jpg 1152w, https:\/\/jesusconnect.de\/wp-content\/uploads\/2025\/01\/alles-ist-moeglich-1536x2048.jpg 1536w, https:\/\/jesusconnect.de\/wp-content\/uploads\/2025\/01\/alles-ist-moeglich-9x12.jpg 9w, https:\/\/jesusconnect.de\/wp-content\/uploads\/2025\/01\/alles-ist-moeglich-scaled.jpg 1920w\" sizes=\"auto, (max-width: 768px) 100vw, 768px\" \/><\/figure><div class=\"wp-block-media-text__content\">\n<p><\/p>\n<\/div><\/div>\n\n\n\n<ul class=\"wp-block-list\">\n<li><\/li>\n<\/ul>\n<\/div>\n\n\n\n<div class=\"wp-block-column has-secondary-color has-text-color has-link-color wp-elements-233a658972f3227ea1d3bcb163e66b5f is-layout-flow wp-block-column-is-layout-flow\">\n<p><\/p>\n\n\n\n<p><\/p>\n\n\n\n<p class=\"has-text-color has-link-color has-medium-font-size wp-elements-07949fe7c1d13e9dd9557cf36da3738e\" style=\"color:#d3940a\">Unf\u00e4lle und Fehler geschehen <strong>nicht in der Wahrheit<\/strong>, weil GOtt f\u00fcr uns sorgen will, wenn wir IHn wollen und IHm glauben.<\/p>\n\n\n\n<p><\/p>\n\n\n\n<p class=\"has-text-color has-link-color has-medium-font-size wp-elements-d385d6ebc59a7d493408423cb001af61\" style=\"color:#d3940a\">Das irdische Dasein atmet und stirbt. Das g\u00f6ttliche Leben ist <strong>immer <\/strong>. <strong><strong>war<\/strong><\/strong> <strong>schon da, ehe unsere Welt entstand.<\/strong><\/p>\n\n\n\n<p class=\"has-text-color has-link-color has-medium-font-size wp-elements-40017d1bfe0cde5245e0aaf7d900dcb6\" style=\"color:#d3940a\">Unsere Welt ist nur <strong>eine <\/strong>bestimmte Verwirklichung einer Idee des Sch\u00f6pfers \u2013 eine ins Dasein gerufene Spielart der Sch\u00f6pfungsideen des Lebens Selbst.<\/p>\n\n\n\n<p class=\"has-text-color has-link-color has-medium-font-size wp-elements-9c4322c6e1fa62efd06e2c11eb482a57\" style=\"color:#d3940a\">Unf\u00e4lle und Br\u00fcche geschehen noch, solange der Sch\u00f6pfer <strong>Seine <\/strong>Welt mit <strong>unserer <\/strong>nicht <strong>zusammengef\u00fchrt <\/strong>hat. Solange bleibt das Irdische verg\u00e4nglich \u2013 es muss sterben, und das h\u00e4ngt mit<a href=\"https:\/\/jesusconnect.de\/en\/gottes-plan\/\"> GOttes gro\u00dfem Plan<\/a> zusammen.<br><strong>Die Wahrheit steht \u00fcber allem Erschaffenen.<\/strong><\/p>\n\n\n\n<p class=\"has-text-color has-link-color has-medium-font-size wp-elements-6454031286b5f31756dfc5022bf5ec0d\" style=\"color:#d3940a\"><\/p>\n<\/div>\n<\/div>","protected":false},"excerpt":{"rendered":"<p>Wir sehen nicht auf das Sichtbare, sondern auf das Unsichtbare. Alles Sichtbare ist zeitlich; das Unsichtbare aber ist ewig. 2.Kor 4,18 Wahrheit ist nicht irdisch und nicht von dieser Welt.Was wir &#8222;Wirklichkeit&#8220; oder &#8222;Realit\u00e4t&#8220; nennen, das vergeht \u2013 es ist St\u00fcckwerk. Die Wahrheit hingegen bleibt ewig, weil sie Geist ist und Leben ist. Christus spricht: [&hellip;]<\/p>\n","protected":false},"author":1,"featured_media":0,"parent":0,"menu_order":0,"comment_status":"closed","ping_status":"closed","template":"","meta":{"_coblocks_attr":"","_coblocks_dimensions":"","_coblocks_responsive_height":"","_coblocks_accordion_ie_support":"","hide_page_title":"","footnotes":""},"class_list":["post-1674","page","type-page","status-publish","hentry"],"yoast_head":"<!-- This site is optimized with the Yoast SEO plugin v27.4 - https:\/\/yoast.com\/product\/yoast-seo-wordpress\/ -->\n<title>Was ist WAHRHEIT ? - Jesus connect<\/title>\n<meta name=\"robots\" content=\"index, follow, max-snippet:-1, max-image-preview:large, max-video-preview:-1\" \/>\n<link rel=\"canonical\" href=\"https:\/\/jesusconnect.de\/en\/was-ist-wahrheit\/\" \/>\n<meta property=\"og:locale\" content=\"en_US\" \/>\n<meta property=\"og:type\" content=\"article\" \/>\n<meta property=\"og:title\" content=\"Was ist WAHRHEIT ? - Jesus connect\" \/>\n<meta property=\"og:description\" content=\"Wir sehen nicht auf das Sichtbare, sondern auf das Unsichtbare. Alles Sichtbare ist zeitlich; das Unsichtbare aber ist ewig. 2.Kor 4,18 Wahrheit ist nicht irdisch und nicht von dieser Welt.Was wir &quot;Wirklichkeit&quot; oder &quot;Realit\u00e4t&quot; nennen, das vergeht \u2013 es ist St\u00fcckwerk. Die Wahrheit hingegen bleibt ewig, weil sie Geist ist und Leben ist. Christus spricht: [&hellip;]\" \/>\n<meta property=\"og:url\" content=\"https:\/\/jesusconnect.de\/en\/was-ist-wahrheit\/\" \/>\n<meta property=\"og:site_name\" content=\"Jesus connect\" \/>\n<meta property=\"article:modified_time\" content=\"2025-10-31T18:43:04+00:00\" \/>\n<meta property=\"og:image\" content=\"https:\/\/jesusconnect.de\/wp-content\/uploads\/2025\/01\/alles-ist-moeglich-scaled.jpg\" \/>\n\t<meta property=\"og:image:width\" content=\"1920\" \/>\n\t<meta property=\"og:image:height\" content=\"2560\" \/>\n\t<meta property=\"og:image:type\" content=\"image\/jpeg\" \/>\n<meta name=\"twitter:card\" content=\"summary_large_image\" \/>\n<meta name=\"twitter:label1\" content=\"Est. reading time\" \/>\n\t<meta name=\"twitter:data1\" content=\"1 minute\" \/>\n<script type=\"application\/ld+json\" class=\"yoast-schema-graph\">{\"@context\":\"https:\\\/\\\/schema.org\",\"@graph\":[{\"@type\":\"WebPage\",\"@id\":\"https:\\\/\\\/jesusconnect.de\\\/was-ist-wahrheit\\\/\",\"url\":\"https:\\\/\\\/jesusconnect.de\\\/was-ist-wahrheit\\\/\",\"name\":\"Was ist WAHRHEIT ? - Jesus connect\",\"isPartOf\":{\"@id\":\"https:\\\/\\\/jesusconnect.de\\\/#website\"},\"primaryImageOfPage\":{\"@id\":\"https:\\\/\\\/jesusconnect.de\\\/was-ist-wahrheit\\\/#primaryimage\"},\"image\":{\"@id\":\"https:\\\/\\\/jesusconnect.de\\\/was-ist-wahrheit\\\/#primaryimage\"},\"thumbnailUrl\":\"https:\\\/\\\/jesusconnect.de\\\/wp-content\\\/uploads\\\/2025\\\/01\\\/alles-ist-moeglich-768x1024.jpg\",\"datePublished\":\"2025-10-28T15:23:30+00:00\",\"dateModified\":\"2025-10-31T18:43:04+00:00\",\"breadcrumb\":{\"@id\":\"https:\\\/\\\/jesusconnect.de\\\/was-ist-wahrheit\\\/#breadcrumb\"},\"inLanguage\":\"en-US\",\"potentialAction\":[{\"@type\":\"ReadAction\",\"target\":[\"https:\\\/\\\/jesusconnect.de\\\/was-ist-wahrheit\\\/\"]}]},{\"@type\":\"ImageObject\",\"inLanguage\":\"en-US\",\"@id\":\"https:\\\/\\\/jesusconnect.de\\\/was-ist-wahrheit\\\/#primaryimage\",\"url\":\"https:\\\/\\\/jesusconnect.de\\\/wp-content\\\/uploads\\\/2025\\\/01\\\/alles-ist-moeglich-768x1024.jpg\",\"contentUrl\":\"https:\\\/\\\/jesusconnect.de\\\/wp-content\\\/uploads\\\/2025\\\/01\\\/alles-ist-moeglich-768x1024.jpg\"},{\"@type\":\"BreadcrumbList\",\"@id\":\"https:\\\/\\\/jesusconnect.de\\\/was-ist-wahrheit\\\/#breadcrumb\",\"itemListElement\":[{\"@type\":\"ListItem\",\"position\":1,\"name\":\"Home\",\"item\":\"https:\\\/\\\/jesusconnect.de\\\/\"},{\"@type\":\"ListItem\",\"position\":2,\"name\":\"Was ist WAHRHEIT ?\"}]},{\"@type\":\"WebSite\",\"@id\":\"https:\\\/\\\/jesusconnect.de\\\/#website\",\"url\":\"https:\\\/\\\/jesusconnect.de\\\/\",\"name\":\"Jesus connect\",\"description\":\"Gott, Jesus Christus, Heiliger Geist, Glaube, Vater, Sohn und Geist - Zusammenh\u00e4nge kurz erkl\u00e4rt\",\"publisher\":{\"@id\":\"https:\\\/\\\/jesusconnect.de\\\/#\\\/schema\\\/person\\\/8a5c1358de3b9958321dad237031fccf\"},\"potentialAction\":[{\"@type\":\"SearchAction\",\"target\":{\"@type\":\"EntryPoint\",\"urlTemplate\":\"https:\\\/\\\/jesusconnect.de\\\/?s={search_term_string}\"},\"query-input\":{\"@type\":\"PropertyValueSpecification\",\"valueRequired\":true,\"valueName\":\"search_term_string\"}}],\"inLanguage\":\"en-US\"},{\"@type\":[\"Person\",\"Organization\"],\"@id\":\"https:\\\/\\\/jesusconnect.de\\\/#\\\/schema\\\/person\\\/8a5c1358de3b9958321dad237031fccf\",\"name\":\"karin\",\"image\":{\"@type\":\"ImageObject\",\"inLanguage\":\"en-US\",\"@id\":\"https:\\\/\\\/jesusconnect.de\\\/wp-content\\\/uploads\\\/2025\\\/09\\\/JC-Logp.jpg\",\"url\":\"https:\\\/\\\/jesusconnect.de\\\/wp-content\\\/uploads\\\/2025\\\/09\\\/JC-Logp.jpg\",\"contentUrl\":\"https:\\\/\\\/jesusconnect.de\\\/wp-content\\\/uploads\\\/2025\\\/09\\\/JC-Logp.jpg\",\"width\":792,\"height\":596,\"caption\":\"karin\"},\"logo\":{\"@id\":\"https:\\\/\\\/jesusconnect.de\\\/wp-content\\\/uploads\\\/2025\\\/09\\\/JC-Logp.jpg\"},\"sameAs\":[\"https:\\\/\\\/jesusconnect.de\"]}]}<\/script>\n<!-- \/ Yoast SEO plugin. -->","yoast_head_json":{"title":"Was ist WAHRHEIT ? - Jesus connect","robots":{"index":"index","follow":"follow","max-snippet":"max-snippet:-1","max-image-preview":"max-image-preview:large","max-video-preview":"max-video-preview:-1"},"canonical":"https:\/\/jesusconnect.de\/en\/was-ist-wahrheit\/","og_locale":"en_US","og_type":"article","og_title":"Was ist WAHRHEIT ? - Jesus connect","og_description":"Wir sehen nicht auf das Sichtbare, sondern auf das Unsichtbare. Alles Sichtbare ist zeitlich; das Unsichtbare aber ist ewig. 2.Kor 4,18 Wahrheit ist nicht irdisch und nicht von dieser Welt.Was wir \"Wirklichkeit\" oder \"Realit\u00e4t\" nennen, das vergeht \u2013 es ist St\u00fcckwerk. Die Wahrheit hingegen bleibt ewig, weil sie Geist ist und Leben ist. Christus spricht: [&hellip;]","og_url":"https:\/\/jesusconnect.de\/en\/was-ist-wahrheit\/","og_site_name":"Jesus connect","article_modified_time":"2025-10-31T18:43:04+00:00","og_image":[{"width":1920,"height":2560,"url":"https:\/\/jesusconnect.de\/wp-content\/uploads\/2025\/01\/alles-ist-moeglich-scaled.jpg","type":"image\/jpeg"}],"twitter_card":"summary_large_image","twitter_misc":{"Est. reading time":"1 minute"},"schema":{"@context":"https:\/\/schema.org","@graph":[{"@type":"WebPage","@id":"https:\/\/jesusconnect.de\/was-ist-wahrheit\/","url":"https:\/\/jesusconnect.de\/was-ist-wahrheit\/","name":"Was ist WAHRHEIT ? - Jesus connect","isPartOf":{"@id":"https:\/\/jesusconnect.de\/#website"},"primaryImageOfPage":{"@id":"https:\/\/jesusconnect.de\/was-ist-wahrheit\/#primaryimage"},"image":{"@id":"https:\/\/jesusconnect.de\/was-ist-wahrheit\/#primaryimage"},"thumbnailUrl":"https:\/\/jesusconnect.de\/wp-content\/uploads\/2025\/01\/alles-ist-moeglich-768x1024.jpg","datePublished":"2025-10-28T15:23:30+00:00","dateModified":"2025-10-31T18:43:04+00:00","breadcrumb":{"@id":"https:\/\/jesusconnect.de\/was-ist-wahrheit\/#breadcrumb"},"inLanguage":"en-US","potentialAction":[{"@type":"ReadAction","target":["https:\/\/jesusconnect.de\/was-ist-wahrheit\/"]}]},{"@type":"ImageObject","inLanguage":"en-US","@id":"https:\/\/jesusconnect.de\/was-ist-wahrheit\/#primaryimage","url":"https:\/\/jesusconnect.de\/wp-content\/uploads\/2025\/01\/alles-ist-moeglich-768x1024.jpg","contentUrl":"https:\/\/jesusconnect.de\/wp-content\/uploads\/2025\/01\/alles-ist-moeglich-768x1024.jpg"},{"@type":"BreadcrumbList","@id":"https:\/\/jesusconnect.de\/was-ist-wahrheit\/#breadcrumb","itemListElement":[{"@type":"ListItem","position":1,"name":"Home","item":"https:\/\/jesusconnect.de\/"},{"@type":"ListItem","position":2,"name":"Was ist WAHRHEIT ?"}]},{"@type":"WebSite","@id":"https:\/\/jesusconnect.de\/#website","url":"https:\/\/jesusconnect.de\/","name":"Jesus connect","description":"Gott, Jesus Christus, Heiliger Geist, Glaube, Vater, Sohn und Geist - Zusammenh\u00e4nge kurz erkl\u00e4rt","publisher":{"@id":"https:\/\/jesusconnect.de\/#\/schema\/person\/8a5c1358de3b9958321dad237031fccf"},"potentialAction":[{"@type":"SearchAction","target":{"@type":"EntryPoint","urlTemplate":"https:\/\/jesusconnect.de\/?s={search_term_string}"},"query-input":{"@type":"PropertyValueSpecification","valueRequired":true,"valueName":"search_term_string"}}],"inLanguage":"en-US"},{"@type":["Person","Organization"],"@id":"https:\/\/jesusconnect.de\/#\/schema\/person\/8a5c1358de3b9958321dad237031fccf","name":"karin","image":{"@type":"ImageObject","inLanguage":"en-US","@id":"https:\/\/jesusconnect.de\/wp-content\/uploads\/2025\/09\/JC-Logp.jpg","url":"https:\/\/jesusconnect.de\/wp-content\/uploads\/2025\/09\/JC-Logp.jpg","contentUrl":"https:\/\/jesusconnect.de\/wp-content\/uploads\/2025\/09\/JC-Logp.jpg","width":792,"height":596,"caption":"karin"},"logo":{"@id":"https:\/\/jesusconnect.de\/wp-content\/uploads\/2025\/09\/JC-Logp.jpg"},"sameAs":["https:\/\/jesusconnect.de"]}]}},"_links":{"self":[{"href":"https:\/\/jesusconnect.de\/en\/wp-json\/wp\/v2\/pages\/1674","targetHints":{"allow":["GET"]}}],"collection":[{"href":"https:\/\/jesusconnect.de\/en\/wp-json\/wp\/v2\/pages"}],"about":[{"href":"https:\/\/jesusconnect.de\/en\/wp-json\/wp\/v2\/types\/page"}],"author":[{"embeddable":true,"href":"https:\/\/jesusconnect.de\/en\/wp-json\/wp\/v2\/users\/1"}],"replies":[{"embeddable":true,"href":"https:\/\/jesusconnect.de\/en\/wp-json\/wp\/v2\/comments?post=1674"}],"version-history":[{"count":22,"href":"https:\/\/jesusconnect.de\/en\/wp-json\/wp\/v2\/pages\/1674\/revisions"}],"predecessor-version":[{"id":1735,"href":"https:\/\/jesusconnect.de\/en\/wp-json\/wp\/v2\/pages\/1674\/revisions\/1735"}],"wp:attachment":[{"href":"https:\/\/jesusconnect.de\/en\/wp-json\/wp\/v2\/media?parent=1674"}],"curies":[{"name":"wp","href":"https:\/\/api.w.org\/{rel}","templated":true}]}}