{"id":1539,"date":"2025-10-07T19:34:03","date_gmt":"2025-10-07T19:34:03","guid":{"rendered":"https:\/\/jesusconnect.de\/?page_id=1539"},"modified":"2025-10-31T18:47:33","modified_gmt":"2025-10-31T18:47:33","slug":"gottes-plan","status":"publish","type":"page","link":"https:\/\/jesusconnect.de\/en\/gottes-plan\/","title":{"rendered":"GOttes Plan"},"content":{"rendered":"<h2 class=\"wp-block-heading has-text-align-center has-secondary-color has-text-color has-link-color has-huge-font-size wp-elements-357f1f55b9cfb96df4143735a93507eb\">Sein gro\u00dfer Entwurf<\/h2>\n\n\n\n<p class=\"has-primary-color has-text-color has-link-color wp-elements-563717cc3108ea6145d0befaa3881e12\">asdlkfjasdf<\/p>\n\n\n\n<p class=\"has-primary-background-color has-text-color has-background has-link-color has-medium-font-size wp-elements-fe69a335cb76e9798cd9b71b6af25a98\" style=\"color:#f0ebb3\">Weil GOtt eine exzellente Gesellschaft ersehnte, schuf Er zun\u00e4chst die Himmel als <a href=\"https:\/\/jesusconnect.de\/en\/engelwesen\/\">Seine unmittelbare Umgebung<\/a>, danach die Erde. Sie dient in ihrem Kosmos als <strong>Lehrfeld f\u00fcr den Menschen<\/strong>, der das <strong>vollendete Gegen\u00fcber<\/strong> f\u00fcr den Sch\u00f6pfer <strong>noch werden<\/strong> wird &#8211; er ist nicht wie himmlische Wesen vollkommen erschaffen worden, sondern die Menschheit soll sich zum Guten hin <strong>entwickeln <\/strong>&#8211; weil GOtt nur gut ist und keinerlei Dunkel in IHm ist, s. 1.Joh 1,5b. Deshalb w\u00fcnscht Er ein Wesen, dass <strong>aus freien St\u00fccken IHm anh\u00e4ngt<\/strong>, so wie eine Braut ihrem Br\u00e4utigam. Der Mensch allein und kein himmlisches Wesen ist nach GOttes Vorbild gemacht, wenn auch zun\u00e4chst nur aus Staub vom Erdboden.<\/p>\n\n\n\n<p class=\"has-text-color has-background has-link-color has-medium-font-size wp-elements-29a9089cc7bfe94c8ab544f683d0c5fc\" style=\"color:#490311;background-color:#5660f4\">Der Mensch ist sterblich erschaffen, damit er mit seinem unvollkommenen Innenleben nicht ewig existieren muss. Erst wenn er sich von GOtt innerlich von Neuem erschaffen l\u00e4sst, s. <strong>Joh 3,5 <\/strong>&#8211; erst <strong>wenn er ausdr\u00fccklich danach verlangt<\/strong> im Glauben an Jesus Christus, GOttes SOhn, dann kann er GOtt sehen und erleben und zweifelt nicht l\u00e4nger an IHm.<\/p>\n\n\n\n<p class=\"has-text-color has-background has-link-color wp-elements-2596147771ef60d0096f08f6d1506874\" style=\"color:#e6e6b9;background-color:#24a13f\">Ist GOtt <strong>ungerecht<\/strong>, dass Er <strong>unsichtbar <\/strong>f\u00fcr den Menschen ist und <strong>dennoch erkannt werden will ?<\/strong>  <strong>Warum hat Er den Menschen nicht sogleich sehend gemacht ?<\/strong>  Und doch hat GOtt genau das getan: <a href=\"https:\/\/jesusconnect.de\/en\/adam\/\"> der erste Mensch Adam<\/a> erlebte seinen Sch\u00f6pfer in einem von der \u00fcbrigen Erde abgesonderten Areal, dem Garten Eden, s. 1. Mose 2, so lange, bis er stolz wurde, s. 1. Mose 3,12.   Erst daraufhin warf GOtt ihn hinaus aus Eden, und Adam musste auf der normalen Erde leben, wo GOtt Sich nicht zeigte.   <\/p>\n\n\n\n<p class=\"has-text-color has-background has-link-color wp-elements-56febbff46511a879d03227295031d1f\" style=\"color:#0c0c08d9;background-color:#7078ea;font-size:18px\">Erst am Ende unserer Zeitrechnung &#8211; in der ewigen &#8222;Zeit&#8220; &#8211; wird GOtt Himmel und Erde miteinander verschmolzen haben, sodass <strong>der <\/strong>vollkommene Zustand einer <strong>einzigen Welt<\/strong> sein wird, in der dann <strong>nichts von GOtt Abgewandtes mehr<\/strong> ist, s. Off 21,4. Das ist <strong>der <\/strong>Zustand, den GOtt ersehnt, und <strong><a href=\"https:\/\/jesusconnect.de\/en\/engelwesen\/\">der reifen muss, anstelle bereits vollkommen erschaffen worden zu sein<\/a><\/strong>, <strong>weil es eine innere Entwicklung und inneren Feinschliff dazu braucht, sich ausschlie\u00dflich dem Guten zuwenden zu wollen<\/strong>. Adam sehnte sich <strong>nicht <\/strong>danach; er war stolz und unnahbar, s. 1.Mose 3,12. <strong>GOtt gab ihm die M\u00f6glichkeit zur Einsicht und zur Erkenntnis<\/strong>, anstatt zu Stolz und Verantwortungslosigkeit zum Nachteil seiner Mitmenschen, aber bis heute will die Menschheit nicht das, was gut ist in den Augen ihres Sch\u00f6pfers. Nur <strong>daher kommen Leid und Geschrei <\/strong>&#8211; nicht, weil GOtt es so will !!!<\/p>\n\n\n\n<p><\/p>\n\n\n\n<div class=\"wp-block-buttons is-layout-flex wp-block-buttons-is-layout-flex\">\n<div class=\"wp-block-button\"><a class=\"wp-block-button__link wp-element-button\" href=\"https:\/\/jesusconnect.de\/en\/jesus-ist\/vater\/\">zur\u00fcck zu &#8222;Der VATER&#8220;<\/a><\/div>\n<\/div>\n\n\n\n\n\n<div class=\"wp-block-columns alignwide is-layout-flex wp-container-core-columns-is-layout-9d6595d7 wp-block-columns-is-layout-flex\">\n<div class=\"wp-block-column is-layout-flow wp-block-column-is-layout-flow\">\n<h3 class=\"wp-block-heading has-text-color has-link-color wp-elements-5847c52fc51089d9b1eef614a14e8e6f\" style=\"color:#ca7a24\"><\/h3>\n<\/div>\n<\/div>","protected":false},"excerpt":{"rendered":"<p>Sein gro\u00dfer Entwurf asdlkfjasdf Weil GOtt eine exzellente Gesellschaft ersehnte, schuf Er zun\u00e4chst die Himmel als Seine unmittelbare Umgebung, danach die Erde. Sie dient in ihrem Kosmos als Lehrfeld f\u00fcr den Menschen, der das vollendete Gegen\u00fcber f\u00fcr den Sch\u00f6pfer noch werden wird &#8211; er ist nicht wie himmlische Wesen vollkommen erschaffen worden, sondern die Menschheit [&hellip;]<\/p>\n","protected":false},"author":1,"featured_media":0,"parent":0,"menu_order":0,"comment_status":"closed","ping_status":"closed","template":"","meta":{"_coblocks_attr":"","_coblocks_dimensions":"","_coblocks_responsive_height":"","_coblocks_accordion_ie_support":"","hide_page_title":"","footnotes":""},"class_list":["post-1539","page","type-page","status-publish","hentry"],"yoast_head":"<!-- This site is optimized with the Yoast SEO plugin v27.4 - https:\/\/yoast.com\/product\/yoast-seo-wordpress\/ -->\n<title>GOttes Plan - Jesus connect<\/title>\n<meta name=\"robots\" content=\"index, follow, max-snippet:-1, max-image-preview:large, max-video-preview:-1\" \/>\n<link rel=\"canonical\" href=\"https:\/\/jesusconnect.de\/en\/gottes-plan\/\" \/>\n<meta property=\"og:locale\" content=\"en_US\" \/>\n<meta property=\"og:type\" content=\"article\" \/>\n<meta property=\"og:title\" content=\"GOttes Plan - Jesus connect\" \/>\n<meta property=\"og:description\" content=\"Sein gro\u00dfer Entwurf asdlkfjasdf Weil GOtt eine exzellente Gesellschaft ersehnte, schuf Er zun\u00e4chst die Himmel als Seine unmittelbare Umgebung, danach die Erde. Sie dient in ihrem Kosmos als Lehrfeld f\u00fcr den Menschen, der das vollendete Gegen\u00fcber f\u00fcr den Sch\u00f6pfer noch werden wird &#8211; er ist nicht wie himmlische Wesen vollkommen erschaffen worden, sondern die Menschheit [&hellip;]\" \/>\n<meta property=\"og:url\" content=\"https:\/\/jesusconnect.de\/en\/gottes-plan\/\" \/>\n<meta property=\"og:site_name\" content=\"Jesus connect\" \/>\n<meta property=\"article:modified_time\" content=\"2025-10-31T18:47:33+00:00\" \/>\n<meta name=\"twitter:card\" content=\"summary_large_image\" \/>\n<meta name=\"twitter:label1\" content=\"Est. reading time\" \/>\n\t<meta name=\"twitter:data1\" content=\"3 minutes\" \/>\n<script type=\"application\/ld+json\" class=\"yoast-schema-graph\">{\"@context\":\"https:\\\/\\\/schema.org\",\"@graph\":[{\"@type\":\"WebPage\",\"@id\":\"https:\\\/\\\/jesusconnect.de\\\/gottes-plan\\\/\",\"url\":\"https:\\\/\\\/jesusconnect.de\\\/gottes-plan\\\/\",\"name\":\"GOttes Plan - Jesus connect\",\"isPartOf\":{\"@id\":\"https:\\\/\\\/jesusconnect.de\\\/#website\"},\"datePublished\":\"2025-10-07T19:34:03+00:00\",\"dateModified\":\"2025-10-31T18:47:33+00:00\",\"breadcrumb\":{\"@id\":\"https:\\\/\\\/jesusconnect.de\\\/gottes-plan\\\/#breadcrumb\"},\"inLanguage\":\"en-US\",\"potentialAction\":[{\"@type\":\"ReadAction\",\"target\":[\"https:\\\/\\\/jesusconnect.de\\\/gottes-plan\\\/\"]}]},{\"@type\":\"BreadcrumbList\",\"@id\":\"https:\\\/\\\/jesusconnect.de\\\/gottes-plan\\\/#breadcrumb\",\"itemListElement\":[{\"@type\":\"ListItem\",\"position\":1,\"name\":\"Home\",\"item\":\"https:\\\/\\\/jesusconnect.de\\\/\"},{\"@type\":\"ListItem\",\"position\":2,\"name\":\"GOttes Plan\"}]},{\"@type\":\"WebSite\",\"@id\":\"https:\\\/\\\/jesusconnect.de\\\/#website\",\"url\":\"https:\\\/\\\/jesusconnect.de\\\/\",\"name\":\"Jesus connect\",\"description\":\"Gott, Jesus Christus, Heiliger Geist, Glaube, Vater, Sohn und Geist - Zusammenh\u00e4nge kurz erkl\u00e4rt\",\"publisher\":{\"@id\":\"https:\\\/\\\/jesusconnect.de\\\/#\\\/schema\\\/person\\\/8a5c1358de3b9958321dad237031fccf\"},\"potentialAction\":[{\"@type\":\"SearchAction\",\"target\":{\"@type\":\"EntryPoint\",\"urlTemplate\":\"https:\\\/\\\/jesusconnect.de\\\/?s={search_term_string}\"},\"query-input\":{\"@type\":\"PropertyValueSpecification\",\"valueRequired\":true,\"valueName\":\"search_term_string\"}}],\"inLanguage\":\"en-US\"},{\"@type\":[\"Person\",\"Organization\"],\"@id\":\"https:\\\/\\\/jesusconnect.de\\\/#\\\/schema\\\/person\\\/8a5c1358de3b9958321dad237031fccf\",\"name\":\"karin\",\"image\":{\"@type\":\"ImageObject\",\"inLanguage\":\"en-US\",\"@id\":\"https:\\\/\\\/jesusconnect.de\\\/wp-content\\\/uploads\\\/2025\\\/09\\\/JC-Logp.jpg\",\"url\":\"https:\\\/\\\/jesusconnect.de\\\/wp-content\\\/uploads\\\/2025\\\/09\\\/JC-Logp.jpg\",\"contentUrl\":\"https:\\\/\\\/jesusconnect.de\\\/wp-content\\\/uploads\\\/2025\\\/09\\\/JC-Logp.jpg\",\"width\":792,\"height\":596,\"caption\":\"karin\"},\"logo\":{\"@id\":\"https:\\\/\\\/jesusconnect.de\\\/wp-content\\\/uploads\\\/2025\\\/09\\\/JC-Logp.jpg\"},\"sameAs\":[\"https:\\\/\\\/jesusconnect.de\"]}]}<\/script>\n<!-- \/ Yoast SEO plugin. -->","yoast_head_json":{"title":"GOttes Plan - Jesus connect","robots":{"index":"index","follow":"follow","max-snippet":"max-snippet:-1","max-image-preview":"max-image-preview:large","max-video-preview":"max-video-preview:-1"},"canonical":"https:\/\/jesusconnect.de\/en\/gottes-plan\/","og_locale":"en_US","og_type":"article","og_title":"GOttes Plan - Jesus connect","og_description":"Sein gro\u00dfer Entwurf asdlkfjasdf Weil GOtt eine exzellente Gesellschaft ersehnte, schuf Er zun\u00e4chst die Himmel als Seine unmittelbare Umgebung, danach die Erde. Sie dient in ihrem Kosmos als Lehrfeld f\u00fcr den Menschen, der das vollendete Gegen\u00fcber f\u00fcr den Sch\u00f6pfer noch werden wird &#8211; er ist nicht wie himmlische Wesen vollkommen erschaffen worden, sondern die Menschheit [&hellip;]","og_url":"https:\/\/jesusconnect.de\/en\/gottes-plan\/","og_site_name":"Jesus connect","article_modified_time":"2025-10-31T18:47:33+00:00","twitter_card":"summary_large_image","twitter_misc":{"Est. reading time":"3 minutes"},"schema":{"@context":"https:\/\/schema.org","@graph":[{"@type":"WebPage","@id":"https:\/\/jesusconnect.de\/gottes-plan\/","url":"https:\/\/jesusconnect.de\/gottes-plan\/","name":"GOttes Plan - Jesus connect","isPartOf":{"@id":"https:\/\/jesusconnect.de\/#website"},"datePublished":"2025-10-07T19:34:03+00:00","dateModified":"2025-10-31T18:47:33+00:00","breadcrumb":{"@id":"https:\/\/jesusconnect.de\/gottes-plan\/#breadcrumb"},"inLanguage":"en-US","potentialAction":[{"@type":"ReadAction","target":["https:\/\/jesusconnect.de\/gottes-plan\/"]}]},{"@type":"BreadcrumbList","@id":"https:\/\/jesusconnect.de\/gottes-plan\/#breadcrumb","itemListElement":[{"@type":"ListItem","position":1,"name":"Home","item":"https:\/\/jesusconnect.de\/"},{"@type":"ListItem","position":2,"name":"GOttes Plan"}]},{"@type":"WebSite","@id":"https:\/\/jesusconnect.de\/#website","url":"https:\/\/jesusconnect.de\/","name":"Jesus connect","description":"Gott, Jesus Christus, Heiliger Geist, Glaube, Vater, Sohn und Geist - Zusammenh\u00e4nge kurz erkl\u00e4rt","publisher":{"@id":"https:\/\/jesusconnect.de\/#\/schema\/person\/8a5c1358de3b9958321dad237031fccf"},"potentialAction":[{"@type":"SearchAction","target":{"@type":"EntryPoint","urlTemplate":"https:\/\/jesusconnect.de\/?s={search_term_string}"},"query-input":{"@type":"PropertyValueSpecification","valueRequired":true,"valueName":"search_term_string"}}],"inLanguage":"en-US"},{"@type":["Person","Organization"],"@id":"https:\/\/jesusconnect.de\/#\/schema\/person\/8a5c1358de3b9958321dad237031fccf","name":"karin","image":{"@type":"ImageObject","inLanguage":"en-US","@id":"https:\/\/jesusconnect.de\/wp-content\/uploads\/2025\/09\/JC-Logp.jpg","url":"https:\/\/jesusconnect.de\/wp-content\/uploads\/2025\/09\/JC-Logp.jpg","contentUrl":"https:\/\/jesusconnect.de\/wp-content\/uploads\/2025\/09\/JC-Logp.jpg","width":792,"height":596,"caption":"karin"},"logo":{"@id":"https:\/\/jesusconnect.de\/wp-content\/uploads\/2025\/09\/JC-Logp.jpg"},"sameAs":["https:\/\/jesusconnect.de"]}]}},"_links":{"self":[{"href":"https:\/\/jesusconnect.de\/en\/wp-json\/wp\/v2\/pages\/1539","targetHints":{"allow":["GET"]}}],"collection":[{"href":"https:\/\/jesusconnect.de\/en\/wp-json\/wp\/v2\/pages"}],"about":[{"href":"https:\/\/jesusconnect.de\/en\/wp-json\/wp\/v2\/types\/page"}],"author":[{"embeddable":true,"href":"https:\/\/jesusconnect.de\/en\/wp-json\/wp\/v2\/users\/1"}],"replies":[{"embeddable":true,"href":"https:\/\/jesusconnect.de\/en\/wp-json\/wp\/v2\/comments?post=1539"}],"version-history":[{"count":54,"href":"https:\/\/jesusconnect.de\/en\/wp-json\/wp\/v2\/pages\/1539\/revisions"}],"predecessor-version":[{"id":1737,"href":"https:\/\/jesusconnect.de\/en\/wp-json\/wp\/v2\/pages\/1539\/revisions\/1737"}],"wp:attachment":[{"href":"https:\/\/jesusconnect.de\/en\/wp-json\/wp\/v2\/media?parent=1539"}],"curies":[{"name":"wp","href":"https:\/\/api.w.org\/{rel}","templated":true}]}}