{"id":1504,"date":"2025-10-07T09:04:03","date_gmt":"2025-10-07T09:04:03","guid":{"rendered":"https:\/\/jesusconnect.de\/?page_id=1504"},"modified":"2025-10-31T20:00:18","modified_gmt":"2025-10-31T20:00:18","slug":"abraham","status":"publish","type":"page","link":"https:\/\/jesusconnect.de\/en\/abraham\/","title":{"rendered":"Abraham"},"content":{"rendered":"<h2 class=\"wp-block-heading has-text-align-center has-text-color has-link-color wp-elements-afe0c554b1c4a193e6e6eb892fccaa7d\" style=\"color:#bdb693\">Stammvater  Israels und aller echten Christen<\/h2>\n\n\n\n<p>&#8230;&#8230;..<\/p>\n\n\n\n<p><\/p>\n\n\n\n<p class=\"has-text-align-left is-style-info has-medium-font-size\"><strong>Bis zu seinem 85. Lebensjahr versucht Abram mit seiner Frau Sarai ein Kind zu bekommen, aber ohne Erfolg. Schlie\u00dflich bittet Sarai ihren Mann ein Kind mit ihrer Magd zu zeugen &#8211; und das gelingt: als Abram 86 Jahre alt ist, gebiert diese Magd dem Abram den Sohn Ismael.                            Aus Wortstellung und Wortlaut im Urtext (1.Mose 16) erkennt man, dass Sarai\u00b4s Idee f\u00fcr GOtt <em>absurd <\/em>ist, denn keine andere Frau als nur sie selbst ist die Ehefrau Abrams. Aber es sind in der Zwischenzeit 10 Jahre vergangen, w\u00e4hrend der kein Nachkomme entstanden ist, <em>obwohl <\/em>GOtt dem Abram bereits eine reiche Nachkommenschaft zugesagt hatte.  <\/strong><br><br><br><strong>Also hofft Abram jetzt auf Ismael, seinen einzigen Sohn, den er mit Sarais Magd gezeugt hat. Erst als dieser Junge 13 Jahre alt ist, erscheint GOtt dem Abram erneut und verhei\u00dft ihm noch einmal eine sehr gro\u00dfe Nachkommenschaft. Abram glaubt nicht mehr, dass seine Frau Sarai noch Kinder bekommen k\u00f6nnte, und <strong>bittet <\/strong>auf diese erneute Verhei\u00dfung hin nur um Segen f\u00fcr Ismael, aber GOtt stellt klar, dass die verhei\u00dfene Nachkommenschaft von Sarai kommen w\u00fcrde. Abrahm lacht verstohlen, ungl\u00e4ubig, und GOtt h\u00f6rt auf mit ihm zu reden. Aber <strong>kurz darauf<\/strong><\/strong> <strong>erscheint GOtt dem Abraham noch einmal und verspricht ihm und seiner Frau Sara einen Sohn im Jahr darauf &#8211; und so geschieht es: Abrahm ist 100j\u00e4hrig, als ihm seine \u00fcber 90j\u00e4hrige Frau Sara ihren Sohn Isaak schenkt &#8211; sollte bei GOtt irgendetwas unm\u00f6glich sein ?!<\/strong><\/p>\n\n\n\n<p><\/p>\n\n\n\n<p><\/p>\n\n\n\n<div class=\"wp-block-columns alignwide is-layout-flex wp-container-core-columns-is-layout-9d6595d7 wp-block-columns-is-layout-flex\">\n<div class=\"wp-block-column is-layout-flow wp-block-column-is-layout-flow\">\n<p class=\"has-text-color has-link-color has-small-font-size wp-elements-49e7f0c30e51d4a3093c60a60ce4f6b8\" style=\"color:#b8ad7c\"><\/p>\n\n\n\n<h3 class=\"wp-block-heading has-text-color has-link-color wp-elements-22eeba344d7f8c37d3275f8166c55a77\" style=\"color:#766644\">Former Times<\/h3>\n\n\n\n<p class=\"has-text-color has-link-color has-medium-font-size wp-elements-7d0e1540b80d7c34939f55f0ce6f44ec\" style=\"color:#b8ad7c\">5. Mose 32,10-14 <em><strong> GOtt fand ihn <\/strong><\/em>(Abram)<em><strong> in der W\u00fcste, in der d\u00fcrren Ein\u00f6de, wo es heult. Er umfing ihn und hatte acht auf ihn; Er beh\u00fctete ihn wie seinen Augapfel. <\/strong>Wie ein Adler ausf\u00fchrt seine Jungen und \u00fcber ihnen schwebt, breitete Er Seine Fittiche aus und nahm ihn und trug ihn auf Seinen Fl\u00fcgeln. <strong>Der HERR allein leitete ihn, und kein fremder Gott war mit ihm.<\/strong><\/em><\/p>\n\n\n\n<p class=\"has-text-color has-link-color has-medium-font-size wp-elements-8d57cc5cc91c8502eb17a517a3cc417f\" style=\"color:#b8ad7c\"><em>Er lie\u00df ihn (<\/em>Abraham<em>) hoch herfahren auf Erden und n\u00e4hrte ihn mit den Fr\u00fcchten des Feldes und lie\u00df ihn Honig saugen aus den Felsen und \u00d6l aus den harten Steinen, Butter von den K\u00fchen und Milch von den Schafen samt dem Fetten von den L\u00e4mmern und feiste Widder und B\u00f6cke mit fetten Nieren und Weizen und tr\u00e4nkte ihn mit gutem Traubenblut.<\/em><\/p>\n<\/div>\n\n\n\n<div class=\"wp-block-column is-layout-flow wp-block-column-is-layout-flow\">\n<p><\/p>\n\n\n\n<h3 class=\"wp-block-heading has-text-color has-link-color wp-elements-1322ea94cd9a44e6777cdb67279d2d75\" style=\"color:#81652a\">Good News<\/h3>\n\n\n\n<p class=\"has-text-color has-link-color has-medium-font-size wp-elements-f97a944804e2a6ec73bdc981288166c2\" style=\"color:#c6bd91\">Gal 3,6-9 <em> Weil  Abraham  Gott geglaubt hat, ist sein Glaube ihm zur Gerechtigkeit gerechnet worden.<br>Ihr erkennt ja, da\u00df, die des Glaubens sind, das sind Abrahams Kinder.<br>Die Schrift aber hat es zuvor gesehen, da\u00df Gott die Heiden durch den Glauben gerecht macht; darum verk\u00fcndigte sie dem Abraham: &#8222;In dir sollen alle Heiden gesegnet werden.&#8220;<br><strong>Also werden nun, die an GOtt und an Seinen SOhn Jesus Christus glauben, gesegnet mit dem gl\u00e4ubigen Abraham<\/strong>.<\/em><br><\/p>\n<\/div>\n<\/div>\n\n\n\n<ul class=\"wp-block-list\">\n<li class=\"has-text-color has-link-color has-medium-font-size wp-elements-6b1fc66e4eb9f6e97b791d044093c5f5\" style=\"color:#c4eeae\">\u00dcbrigens hat Abraham NIE das Land eingenommen, das GOtt ihm mehrfach versprochen hatte !   NIE !   Er hat sich vor den Kanaaitern sogar als Fremdling bezeichnet, s. 1.Mose 23,4.  Aber ich glaube, GOtt liebte den Abraham gerade deshalb so sehr, weil Abraham so friedliebend war. Dennoch war er mutig und sofort bereit aufs \u00c4u\u00dferste zu k\u00f6mpfen &#8211; aber nicht f\u00fcr sich selbst, sondern f\u00fcr den Sohn seines verstorbenen Bruders, s. 1.Mose 14,14-17.<\/li>\n\n\n\n<li><\/li>\n\n\n\n<li class=\"has-text-color has-link-color has-medium-font-size wp-elements-3f844264d4701e226c403168966234f5\" style=\"color:#eec05b\">Vermutlich hat  GOtt sehr gewartet, dass Abraham das Land eingenommen h\u00e4tte, aber es geschah nicht. Bis heute hat Israel nicht das ganze Land eingenommen, das GOtt ihm versprochen hat ! GOtt ist ein gro\u00dfz\u00fcgiger GOtt. Der kleine Streifen Land, den Israel nun schwer verteidigt, ist leider nur ein Bruchteil des eigentlich versprochenen Landes, das Israel tats\u00e4chlich h\u00e4tte haben k\u00f6nnen.<\/li>\n\n\n\n<li class=\"has-text-color has-link-color has-medium-font-size wp-elements-7a35fd11ecfe9ce62e687174f2d01ff9\" style=\"color:#eec05b\"><strong>Ein gutes Leben will der gute Sch\u00f6pfer f\u00fcr alle Seine Wesen ! <\/strong> Aber der Mensch soll<strong> das Gute suchen und tun<\/strong>, weil GOtt sie sonst nicht ansehen mag. <\/li>\n\n\n\n<li class=\"has-text-color has-link-color has-medium-font-size wp-elements-3954fa671286d46bc44991671a892b5e\" style=\"color:#eec05b\">Vielen schlechten Leuten geht es sehr gut, weil der <strong>Teufel der GOtt dieser Welt<\/strong> ist, und der f\u00f6rdert b\u00f6se Menschen, solange bis er auch sie reinlegt oder bis sie sterben. <\/li>\n<\/ul>\n\n\n\n<figure class=\"wp-block-gallery alignwide has-nested-images columns-default is-cropped wp-block-gallery-1 is-layout-flex wp-block-gallery-is-layout-flex\"><\/figure>","protected":false},"excerpt":{"rendered":"<p>Stammvater Israels und aller echten Christen &#8230;&#8230;.. Bis zu seinem 85. Lebensjahr versucht Abram mit seiner Frau Sarai ein Kind zu bekommen, aber ohne Erfolg. Schlie\u00dflich bittet Sarai ihren Mann ein Kind mit ihrer Magd zu zeugen &#8211; und das gelingt: als Abram 86 Jahre alt ist, gebiert diese Magd dem Abram den Sohn Ismael. [&hellip;]<\/p>\n","protected":false},"author":1,"featured_media":0,"parent":0,"menu_order":0,"comment_status":"closed","ping_status":"closed","template":"","meta":{"_coblocks_attr":"","_coblocks_dimensions":"","_coblocks_responsive_height":"","_coblocks_accordion_ie_support":"","hide_page_title":"","footnotes":""},"class_list":["post-1504","page","type-page","status-publish","hentry"],"yoast_head":"<!-- This site is optimized with the Yoast SEO plugin v27.4 - https:\/\/yoast.com\/product\/yoast-seo-wordpress\/ -->\n<title>Abraham - Jesus connect<\/title>\n<meta name=\"robots\" content=\"index, follow, max-snippet:-1, max-image-preview:large, max-video-preview:-1\" \/>\n<link rel=\"canonical\" href=\"https:\/\/jesusconnect.de\/en\/abraham\/\" \/>\n<meta property=\"og:locale\" content=\"en_US\" \/>\n<meta property=\"og:type\" content=\"article\" \/>\n<meta property=\"og:title\" content=\"Abraham - Jesus connect\" \/>\n<meta property=\"og:description\" content=\"Stammvater Israels und aller echten Christen &#8230;&#8230;.. Bis zu seinem 85. Lebensjahr versucht Abram mit seiner Frau Sarai ein Kind zu bekommen, aber ohne Erfolg. Schlie\u00dflich bittet Sarai ihren Mann ein Kind mit ihrer Magd zu zeugen &#8211; und das gelingt: als Abram 86 Jahre alt ist, gebiert diese Magd dem Abram den Sohn Ismael. [&hellip;]\" \/>\n<meta property=\"og:url\" content=\"https:\/\/jesusconnect.de\/en\/abraham\/\" \/>\n<meta property=\"og:site_name\" content=\"Jesus connect\" \/>\n<meta property=\"article:modified_time\" content=\"2025-10-31T20:00:18+00:00\" \/>\n<meta name=\"twitter:card\" content=\"summary_large_image\" \/>\n<meta name=\"twitter:label1\" content=\"Est. reading time\" \/>\n\t<meta name=\"twitter:data1\" content=\"4 minutes\" \/>\n<script type=\"application\/ld+json\" class=\"yoast-schema-graph\">{\"@context\":\"https:\\\/\\\/schema.org\",\"@graph\":[{\"@type\":\"WebPage\",\"@id\":\"https:\\\/\\\/jesusconnect.de\\\/abraham\\\/\",\"url\":\"https:\\\/\\\/jesusconnect.de\\\/abraham\\\/\",\"name\":\"Abraham - Jesus connect\",\"isPartOf\":{\"@id\":\"https:\\\/\\\/jesusconnect.de\\\/#website\"},\"datePublished\":\"2025-10-07T09:04:03+00:00\",\"dateModified\":\"2025-10-31T20:00:18+00:00\",\"breadcrumb\":{\"@id\":\"https:\\\/\\\/jesusconnect.de\\\/abraham\\\/#breadcrumb\"},\"inLanguage\":\"en-US\",\"potentialAction\":[{\"@type\":\"ReadAction\",\"target\":[\"https:\\\/\\\/jesusconnect.de\\\/abraham\\\/\"]}]},{\"@type\":\"BreadcrumbList\",\"@id\":\"https:\\\/\\\/jesusconnect.de\\\/abraham\\\/#breadcrumb\",\"itemListElement\":[{\"@type\":\"ListItem\",\"position\":1,\"name\":\"Home\",\"item\":\"https:\\\/\\\/jesusconnect.de\\\/\"},{\"@type\":\"ListItem\",\"position\":2,\"name\":\"Abraham\"}]},{\"@type\":\"WebSite\",\"@id\":\"https:\\\/\\\/jesusconnect.de\\\/#website\",\"url\":\"https:\\\/\\\/jesusconnect.de\\\/\",\"name\":\"Jesus connect\",\"description\":\"Gott, Jesus Christus, Heiliger Geist, Glaube, Vater, Sohn und Geist - Zusammenh\u00e4nge kurz erkl\u00e4rt\",\"publisher\":{\"@id\":\"https:\\\/\\\/jesusconnect.de\\\/#\\\/schema\\\/person\\\/8a5c1358de3b9958321dad237031fccf\"},\"potentialAction\":[{\"@type\":\"SearchAction\",\"target\":{\"@type\":\"EntryPoint\",\"urlTemplate\":\"https:\\\/\\\/jesusconnect.de\\\/?s={search_term_string}\"},\"query-input\":{\"@type\":\"PropertyValueSpecification\",\"valueRequired\":true,\"valueName\":\"search_term_string\"}}],\"inLanguage\":\"en-US\"},{\"@type\":[\"Person\",\"Organization\"],\"@id\":\"https:\\\/\\\/jesusconnect.de\\\/#\\\/schema\\\/person\\\/8a5c1358de3b9958321dad237031fccf\",\"name\":\"karin\",\"image\":{\"@type\":\"ImageObject\",\"inLanguage\":\"en-US\",\"@id\":\"https:\\\/\\\/jesusconnect.de\\\/wp-content\\\/uploads\\\/2025\\\/09\\\/JC-Logp.jpg\",\"url\":\"https:\\\/\\\/jesusconnect.de\\\/wp-content\\\/uploads\\\/2025\\\/09\\\/JC-Logp.jpg\",\"contentUrl\":\"https:\\\/\\\/jesusconnect.de\\\/wp-content\\\/uploads\\\/2025\\\/09\\\/JC-Logp.jpg\",\"width\":792,\"height\":596,\"caption\":\"karin\"},\"logo\":{\"@id\":\"https:\\\/\\\/jesusconnect.de\\\/wp-content\\\/uploads\\\/2025\\\/09\\\/JC-Logp.jpg\"},\"sameAs\":[\"https:\\\/\\\/jesusconnect.de\"]}]}<\/script>\n<!-- \/ Yoast SEO plugin. -->","yoast_head_json":{"title":"Abraham - Jesus connect","robots":{"index":"index","follow":"follow","max-snippet":"max-snippet:-1","max-image-preview":"max-image-preview:large","max-video-preview":"max-video-preview:-1"},"canonical":"https:\/\/jesusconnect.de\/en\/abraham\/","og_locale":"en_US","og_type":"article","og_title":"Abraham - Jesus connect","og_description":"Stammvater Israels und aller echten Christen &#8230;&#8230;.. Bis zu seinem 85. Lebensjahr versucht Abram mit seiner Frau Sarai ein Kind zu bekommen, aber ohne Erfolg. Schlie\u00dflich bittet Sarai ihren Mann ein Kind mit ihrer Magd zu zeugen &#8211; und das gelingt: als Abram 86 Jahre alt ist, gebiert diese Magd dem Abram den Sohn Ismael. [&hellip;]","og_url":"https:\/\/jesusconnect.de\/en\/abraham\/","og_site_name":"Jesus connect","article_modified_time":"2025-10-31T20:00:18+00:00","twitter_card":"summary_large_image","twitter_misc":{"Est. reading time":"4 minutes"},"schema":{"@context":"https:\/\/schema.org","@graph":[{"@type":"WebPage","@id":"https:\/\/jesusconnect.de\/abraham\/","url":"https:\/\/jesusconnect.de\/abraham\/","name":"Abraham - Jesus connect","isPartOf":{"@id":"https:\/\/jesusconnect.de\/#website"},"datePublished":"2025-10-07T09:04:03+00:00","dateModified":"2025-10-31T20:00:18+00:00","breadcrumb":{"@id":"https:\/\/jesusconnect.de\/abraham\/#breadcrumb"},"inLanguage":"en-US","potentialAction":[{"@type":"ReadAction","target":["https:\/\/jesusconnect.de\/abraham\/"]}]},{"@type":"BreadcrumbList","@id":"https:\/\/jesusconnect.de\/abraham\/#breadcrumb","itemListElement":[{"@type":"ListItem","position":1,"name":"Home","item":"https:\/\/jesusconnect.de\/"},{"@type":"ListItem","position":2,"name":"Abraham"}]},{"@type":"WebSite","@id":"https:\/\/jesusconnect.de\/#website","url":"https:\/\/jesusconnect.de\/","name":"Jesus connect","description":"Gott, Jesus Christus, Heiliger Geist, Glaube, Vater, Sohn und Geist - Zusammenh\u00e4nge kurz erkl\u00e4rt","publisher":{"@id":"https:\/\/jesusconnect.de\/#\/schema\/person\/8a5c1358de3b9958321dad237031fccf"},"potentialAction":[{"@type":"SearchAction","target":{"@type":"EntryPoint","urlTemplate":"https:\/\/jesusconnect.de\/?s={search_term_string}"},"query-input":{"@type":"PropertyValueSpecification","valueRequired":true,"valueName":"search_term_string"}}],"inLanguage":"en-US"},{"@type":["Person","Organization"],"@id":"https:\/\/jesusconnect.de\/#\/schema\/person\/8a5c1358de3b9958321dad237031fccf","name":"karin","image":{"@type":"ImageObject","inLanguage":"en-US","@id":"https:\/\/jesusconnect.de\/wp-content\/uploads\/2025\/09\/JC-Logp.jpg","url":"https:\/\/jesusconnect.de\/wp-content\/uploads\/2025\/09\/JC-Logp.jpg","contentUrl":"https:\/\/jesusconnect.de\/wp-content\/uploads\/2025\/09\/JC-Logp.jpg","width":792,"height":596,"caption":"karin"},"logo":{"@id":"https:\/\/jesusconnect.de\/wp-content\/uploads\/2025\/09\/JC-Logp.jpg"},"sameAs":["https:\/\/jesusconnect.de"]}]}},"_links":{"self":[{"href":"https:\/\/jesusconnect.de\/en\/wp-json\/wp\/v2\/pages\/1504","targetHints":{"allow":["GET"]}}],"collection":[{"href":"https:\/\/jesusconnect.de\/en\/wp-json\/wp\/v2\/pages"}],"about":[{"href":"https:\/\/jesusconnect.de\/en\/wp-json\/wp\/v2\/types\/page"}],"author":[{"embeddable":true,"href":"https:\/\/jesusconnect.de\/en\/wp-json\/wp\/v2\/users\/1"}],"replies":[{"embeddable":true,"href":"https:\/\/jesusconnect.de\/en\/wp-json\/wp\/v2\/comments?post=1504"}],"version-history":[{"count":41,"href":"https:\/\/jesusconnect.de\/en\/wp-json\/wp\/v2\/pages\/1504\/revisions"}],"predecessor-version":[{"id":1746,"href":"https:\/\/jesusconnect.de\/en\/wp-json\/wp\/v2\/pages\/1504\/revisions\/1746"}],"wp:attachment":[{"href":"https:\/\/jesusconnect.de\/en\/wp-json\/wp\/v2\/media?parent=1504"}],"curies":[{"name":"wp","href":"https:\/\/api.w.org\/{rel}","templated":true}]}}