{"id":1339,"date":"2025-09-17T18:58:58","date_gmt":"2025-09-17T18:58:58","guid":{"rendered":"https:\/\/jesusconnect.de\/?page_id=1339"},"modified":"2025-10-31T18:49:53","modified_gmt":"2025-10-31T18:49:53","slug":"engelwesen","status":"publish","type":"page","link":"https:\/\/jesusconnect.de\/en\/engelwesen\/","title":{"rendered":"Engelwesen"},"content":{"rendered":"<h2 class=\"wp-block-heading has-text-align-center\"><\/h2>\n\n\n\n<p><\/p>\n\n\n\n<p class=\"has-text-align-center is-style-info has-text-color has-link-color has-medium-font-size wp-elements-990f3b4295eec4c72ded8dd9973628c7\" style=\"color:#956c13\"><em>Durch des HERRN Wort sind die Himmel gemacht und <strong>all ihr Heer <\/strong>durch den<strong> Hauch Seines Mundes<\/strong>. Psalm&nbsp;33:6<\/em><\/p>\n\n\n\n<p><\/p>\n\n\n\n<p><\/p>\n\n\n\n<p><\/p>\n\n\n\n<p><\/p>\n\n\n\n<p class=\"has-text-align-left has-text-color has-background has-link-color has-medium-font-size wp-elements-d7b6aa57fa29fc25d5aef23d026ad41b\" style=\"color:#f4d99f;background-color:#2d3496\">Die Himmel &#8211; und das ist weit mehr als unser Kosmos, der  zur Erde geh\u00f6rt, damit sie im Gleichgewicht bleibt &#8211; die Himmel um GOtt her sind <strong>vollkommen <\/strong>erschaffen. Alle Wesen dort sind  immaterielle <strong>Geistgesch\u00f6pfe<\/strong>, himmlische Gesch\u00f6pfe mit eigenem Willen, denn GOtt hat keine intelligenten Wesen &#8211; himmlische oder irdische &#8211; ohne eigenen Willen erschaffen. Engel k\u00f6nnen auch in der irdischen Welt der Materie auftreten, wenn sie dort gebraucht werden. Sie k\u00f6nnen sich unseren irdischen Augen sichtbar machen als Engel und auch als menschliche Gestalten, s. Heb 13,2.<\/p>\n\n\n\n<p class=\"has-text-color has-background has-link-color has-medium-font-size wp-elements-5fa24da9b00d518477961baf4d62a8c6\" style=\"color:#aea48e;background-color:#2d3496\">Engel sind dienstbare Geister f\u00fcr den Sch\u00f6pfer, f\u00fcr GOtt, s. Heb 1,14. Sie sind GOttes Helfer. Jesus sagt, dass der Engel eines jeden Kindes best\u00e4ndig das Angesicht GOttes sieht. D.h., alles, was einem Kind geschieht, sagt sein Engel dem Sch\u00f6pfer, und dieser wird am Ende oder vor dem Neubeginn  <a href=\"https:\/\/jesusconnect.de\/en\/richter-der-welt\/\">richten <\/a> \u00fcber jedes Leben. <\/p>\n\n\n\n<p class=\"has-text-color has-background has-link-color has-medium-font-size wp-elements-5dd9663450e5db495383c19bef5d48ff\" style=\"color:#e3b85c;background-color:#272fa1\">Engel vermehren sich nicht und haben deshalb keine Nachkommen, s. Matt 22,30; Luk 20,34\u201336 . Sie m\u00fcssen sich nicht entwickeln wie irdische Wesen, sondern sind bereits perfekt erschaffen worden. Sie sind unsterblich, und weil sie GOtt sehen, wie ER ist &#8211; GOtt ist gut, und keine Finsternis ist in IHm &#8211; deshalb gibt es f\u00fcr sie keine Vergebung ! Dem Menschen vergibt GOtt, denn der Mensch kann GOtt <strong>nicht <\/strong>sehen; er kann sich <strong>gegen <\/strong>GOtt &#8211; gegen das Gute &#8211; entscheiden, denn er kennt IHn gar nicht. Bei Engeln ist das anders.<\/p>\n\n\n\n<p><\/p>\n\n\n\n<p class=\"has-text-align-center has-text-color has-link-color has-large-font-size wp-elements-a6d4b40081396e95b9613d7cc86fbe3b\" style=\"color:#eac77c\"><strong>Engel sollen und wollen nicht angebetet werden !, s. Off 19,10; 22,8\u20139<\/strong><\/p>\n\n\n\n<p><\/p>","protected":false},"excerpt":{"rendered":"<p>Durch des HERRN Wort sind die Himmel gemacht und all ihr Heer durch den Hauch Seines Mundes. Psalm&nbsp;33:6 Die Himmel &#8211; und das ist weit mehr als unser Kosmos, der zur Erde geh\u00f6rt, damit sie im Gleichgewicht bleibt &#8211; die Himmel um GOtt her sind vollkommen erschaffen. Alle Wesen dort sind immaterielle Geistgesch\u00f6pfe, himmlische Gesch\u00f6pfe [&hellip;]<\/p>\n","protected":false},"author":1,"featured_media":0,"parent":0,"menu_order":0,"comment_status":"closed","ping_status":"closed","template":"","meta":{"_coblocks_attr":"","_coblocks_dimensions":"","_coblocks_responsive_height":"","_coblocks_accordion_ie_support":"","hide_page_title":"","footnotes":""},"class_list":["post-1339","page","type-page","status-publish","hentry"],"yoast_head":"<!-- This site is optimized with the Yoast SEO plugin v27.4 - https:\/\/yoast.com\/product\/yoast-seo-wordpress\/ -->\n<title>Engelwesen - Jesus connect<\/title>\n<meta name=\"robots\" content=\"index, follow, max-snippet:-1, max-image-preview:large, max-video-preview:-1\" \/>\n<link rel=\"canonical\" href=\"https:\/\/jesusconnect.de\/en\/engelwesen\/\" \/>\n<meta property=\"og:locale\" content=\"en_US\" \/>\n<meta property=\"og:type\" content=\"article\" \/>\n<meta property=\"og:title\" content=\"Engelwesen - Jesus connect\" \/>\n<meta property=\"og:description\" content=\"Durch des HERRN Wort sind die Himmel gemacht und all ihr Heer durch den Hauch Seines Mundes. Psalm&nbsp;33:6 Die Himmel &#8211; und das ist weit mehr als unser Kosmos, der zur Erde geh\u00f6rt, damit sie im Gleichgewicht bleibt &#8211; die Himmel um GOtt her sind vollkommen erschaffen. Alle Wesen dort sind immaterielle Geistgesch\u00f6pfe, himmlische Gesch\u00f6pfe [&hellip;]\" \/>\n<meta property=\"og:url\" content=\"https:\/\/jesusconnect.de\/en\/engelwesen\/\" \/>\n<meta property=\"og:site_name\" content=\"Jesus connect\" \/>\n<meta property=\"article:modified_time\" content=\"2025-10-31T18:49:53+00:00\" \/>\n<meta name=\"twitter:card\" content=\"summary_large_image\" \/>\n<meta name=\"twitter:label1\" content=\"Est. reading time\" \/>\n\t<meta name=\"twitter:data1\" content=\"2 minutes\" \/>\n<script type=\"application\/ld+json\" class=\"yoast-schema-graph\">{\"@context\":\"https:\\\/\\\/schema.org\",\"@graph\":[{\"@type\":\"WebPage\",\"@id\":\"https:\\\/\\\/jesusconnect.de\\\/engelwesen\\\/\",\"url\":\"https:\\\/\\\/jesusconnect.de\\\/engelwesen\\\/\",\"name\":\"Engelwesen - Jesus connect\",\"isPartOf\":{\"@id\":\"https:\\\/\\\/jesusconnect.de\\\/#website\"},\"datePublished\":\"2025-09-17T18:58:58+00:00\",\"dateModified\":\"2025-10-31T18:49:53+00:00\",\"breadcrumb\":{\"@id\":\"https:\\\/\\\/jesusconnect.de\\\/engelwesen\\\/#breadcrumb\"},\"inLanguage\":\"en-US\",\"potentialAction\":[{\"@type\":\"ReadAction\",\"target\":[\"https:\\\/\\\/jesusconnect.de\\\/engelwesen\\\/\"]}]},{\"@type\":\"BreadcrumbList\",\"@id\":\"https:\\\/\\\/jesusconnect.de\\\/engelwesen\\\/#breadcrumb\",\"itemListElement\":[{\"@type\":\"ListItem\",\"position\":1,\"name\":\"Home\",\"item\":\"https:\\\/\\\/jesusconnect.de\\\/\"},{\"@type\":\"ListItem\",\"position\":2,\"name\":\"Engelwesen\"}]},{\"@type\":\"WebSite\",\"@id\":\"https:\\\/\\\/jesusconnect.de\\\/#website\",\"url\":\"https:\\\/\\\/jesusconnect.de\\\/\",\"name\":\"Jesus connect\",\"description\":\"Gott, Jesus Christus, Heiliger Geist, Glaube, Vater, Sohn und Geist - Zusammenh\u00e4nge kurz erkl\u00e4rt\",\"publisher\":{\"@id\":\"https:\\\/\\\/jesusconnect.de\\\/#\\\/schema\\\/person\\\/8a5c1358de3b9958321dad237031fccf\"},\"potentialAction\":[{\"@type\":\"SearchAction\",\"target\":{\"@type\":\"EntryPoint\",\"urlTemplate\":\"https:\\\/\\\/jesusconnect.de\\\/?s={search_term_string}\"},\"query-input\":{\"@type\":\"PropertyValueSpecification\",\"valueRequired\":true,\"valueName\":\"search_term_string\"}}],\"inLanguage\":\"en-US\"},{\"@type\":[\"Person\",\"Organization\"],\"@id\":\"https:\\\/\\\/jesusconnect.de\\\/#\\\/schema\\\/person\\\/8a5c1358de3b9958321dad237031fccf\",\"name\":\"karin\",\"image\":{\"@type\":\"ImageObject\",\"inLanguage\":\"en-US\",\"@id\":\"https:\\\/\\\/jesusconnect.de\\\/wp-content\\\/uploads\\\/2025\\\/09\\\/JC-Logp.jpg\",\"url\":\"https:\\\/\\\/jesusconnect.de\\\/wp-content\\\/uploads\\\/2025\\\/09\\\/JC-Logp.jpg\",\"contentUrl\":\"https:\\\/\\\/jesusconnect.de\\\/wp-content\\\/uploads\\\/2025\\\/09\\\/JC-Logp.jpg\",\"width\":792,\"height\":596,\"caption\":\"karin\"},\"logo\":{\"@id\":\"https:\\\/\\\/jesusconnect.de\\\/wp-content\\\/uploads\\\/2025\\\/09\\\/JC-Logp.jpg\"},\"sameAs\":[\"https:\\\/\\\/jesusconnect.de\"]}]}<\/script>\n<!-- \/ Yoast SEO plugin. -->","yoast_head_json":{"title":"Engelwesen - Jesus connect","robots":{"index":"index","follow":"follow","max-snippet":"max-snippet:-1","max-image-preview":"max-image-preview:large","max-video-preview":"max-video-preview:-1"},"canonical":"https:\/\/jesusconnect.de\/en\/engelwesen\/","og_locale":"en_US","og_type":"article","og_title":"Engelwesen - Jesus connect","og_description":"Durch des HERRN Wort sind die Himmel gemacht und all ihr Heer durch den Hauch Seines Mundes. Psalm&nbsp;33:6 Die Himmel &#8211; und das ist weit mehr als unser Kosmos, der zur Erde geh\u00f6rt, damit sie im Gleichgewicht bleibt &#8211; die Himmel um GOtt her sind vollkommen erschaffen. Alle Wesen dort sind immaterielle Geistgesch\u00f6pfe, himmlische Gesch\u00f6pfe [&hellip;]","og_url":"https:\/\/jesusconnect.de\/en\/engelwesen\/","og_site_name":"Jesus connect","article_modified_time":"2025-10-31T18:49:53+00:00","twitter_card":"summary_large_image","twitter_misc":{"Est. reading time":"2 minutes"},"schema":{"@context":"https:\/\/schema.org","@graph":[{"@type":"WebPage","@id":"https:\/\/jesusconnect.de\/engelwesen\/","url":"https:\/\/jesusconnect.de\/engelwesen\/","name":"Engelwesen - Jesus connect","isPartOf":{"@id":"https:\/\/jesusconnect.de\/#website"},"datePublished":"2025-09-17T18:58:58+00:00","dateModified":"2025-10-31T18:49:53+00:00","breadcrumb":{"@id":"https:\/\/jesusconnect.de\/engelwesen\/#breadcrumb"},"inLanguage":"en-US","potentialAction":[{"@type":"ReadAction","target":["https:\/\/jesusconnect.de\/engelwesen\/"]}]},{"@type":"BreadcrumbList","@id":"https:\/\/jesusconnect.de\/engelwesen\/#breadcrumb","itemListElement":[{"@type":"ListItem","position":1,"name":"Home","item":"https:\/\/jesusconnect.de\/"},{"@type":"ListItem","position":2,"name":"Engelwesen"}]},{"@type":"WebSite","@id":"https:\/\/jesusconnect.de\/#website","url":"https:\/\/jesusconnect.de\/","name":"Jesus connect","description":"Gott, Jesus Christus, Heiliger Geist, Glaube, Vater, Sohn und Geist - Zusammenh\u00e4nge kurz erkl\u00e4rt","publisher":{"@id":"https:\/\/jesusconnect.de\/#\/schema\/person\/8a5c1358de3b9958321dad237031fccf"},"potentialAction":[{"@type":"SearchAction","target":{"@type":"EntryPoint","urlTemplate":"https:\/\/jesusconnect.de\/?s={search_term_string}"},"query-input":{"@type":"PropertyValueSpecification","valueRequired":true,"valueName":"search_term_string"}}],"inLanguage":"en-US"},{"@type":["Person","Organization"],"@id":"https:\/\/jesusconnect.de\/#\/schema\/person\/8a5c1358de3b9958321dad237031fccf","name":"karin","image":{"@type":"ImageObject","inLanguage":"en-US","@id":"https:\/\/jesusconnect.de\/wp-content\/uploads\/2025\/09\/JC-Logp.jpg","url":"https:\/\/jesusconnect.de\/wp-content\/uploads\/2025\/09\/JC-Logp.jpg","contentUrl":"https:\/\/jesusconnect.de\/wp-content\/uploads\/2025\/09\/JC-Logp.jpg","width":792,"height":596,"caption":"karin"},"logo":{"@id":"https:\/\/jesusconnect.de\/wp-content\/uploads\/2025\/09\/JC-Logp.jpg"},"sameAs":["https:\/\/jesusconnect.de"]}]}},"_links":{"self":[{"href":"https:\/\/jesusconnect.de\/en\/wp-json\/wp\/v2\/pages\/1339","targetHints":{"allow":["GET"]}}],"collection":[{"href":"https:\/\/jesusconnect.de\/en\/wp-json\/wp\/v2\/pages"}],"about":[{"href":"https:\/\/jesusconnect.de\/en\/wp-json\/wp\/v2\/types\/page"}],"author":[{"embeddable":true,"href":"https:\/\/jesusconnect.de\/en\/wp-json\/wp\/v2\/users\/1"}],"replies":[{"embeddable":true,"href":"https:\/\/jesusconnect.de\/en\/wp-json\/wp\/v2\/comments?post=1339"}],"version-history":[{"count":45,"href":"https:\/\/jesusconnect.de\/en\/wp-json\/wp\/v2\/pages\/1339\/revisions"}],"predecessor-version":[{"id":1738,"href":"https:\/\/jesusconnect.de\/en\/wp-json\/wp\/v2\/pages\/1339\/revisions\/1738"}],"wp:attachment":[{"href":"https:\/\/jesusconnect.de\/en\/wp-json\/wp\/v2\/media?parent=1339"}],"curies":[{"name":"wp","href":"https:\/\/api.w.org\/{rel}","templated":true}]}}