{"id":1274,"date":"2025-09-15T16:52:32","date_gmt":"2025-09-15T16:52:32","guid":{"rendered":"https:\/\/jesusconnect.de\/?page_id=1274"},"modified":"2025-10-29T21:06:54","modified_gmt":"2025-10-29T21:06:54","slug":"jahwe-jhwh","status":"publish","type":"page","link":"https:\/\/jesusconnect.de\/en\/jahwe-jhwh\/","title":{"rendered":"Jahwe = JHWH"},"content":{"rendered":"<h2 class=\"wp-block-heading has-text-align-center has-text-color has-link-color has-huge-font-size wp-elements-e89870343c1c95884adf934526a3fbbc\" style=\"color:#e65b0f\"><strong>Was bedeutet der Name Jahwe ?<\/strong><\/h2>\n\n\n\n<p class=\"has-text-align-left has-text-color has-background has-link-color has-large-font-size wp-elements-cb2c1e3bd5fbe01d5ccac67ff546f04a\" style=\"color:#b1c25b;background-color:#4b52ac\">Der Name, den GOtt Sich Selbst in den Schriften des Alten Testaments gibt, ist eine hebr\u00e4ische Verbform von dem Verb <em>.<\/em>, das bedeutet &#8222;leben&#8220; und &#8222;sein&#8220;. <\/p>\n\n\n\n<p class=\"has-text-align-left has-text-color has-background has-link-color has-large-font-size wp-elements-d3c315381d488bdc6c182da765ae369c\" style=\"color:#30d246;background-color:#4b52ac\">jhwh hei\u00dft: \u201e<em><strong>.<\/strong><\/em>\u201c oder \u201e<em><strong>.<\/strong><\/em>&#8222;. <\/p>\n\n\n\n<p class=\"has-text-align-left has-text-color has-background has-link-color has-large-font-size wp-elements-2247231310d3b109cc0763333754406a\" style=\"color:#6ed9ea;background-color:#4b52ac\">Jedesmal, wenn ein Hebr\u00e4er dieses Wort bzw. GOttes Namen in seiner Bibel liest, versteht er, dass GOtt leben oder sein wird. Das weist darauf hin, dass GOtt &#8211; der unsichtbare GOtt &#8211; leben oder sein w\u00fcrde als Fleisch und Blut, genauso wie Er den Menschen erschaffen hat mit Nerven und in Fleisch und Blut.<\/p>\n\n\n\n<p class=\"has-text-align-left has-text-color has-background has-link-color has-huge-font-size wp-elements-9e670ea1dbaab6516778aebc2576d3fc\" style=\"color:#a9a77f;background-color:#4b52ac\"><strong>GOtt w\u00fcrde in der gleichen Gestalt leben, wie eines Seiner eigenen Werke !  Er, der unsichtbar ist, w\u00fcrde sein wie ein Mensch !  <\/strong>Genau das steht durch den Namen <strong>..<\/strong> im Alten Testamemt.<\/p>\n\n\n\n<p class=\"has-text-align-left has-text-color has-background has-link-color has-large-font-size wp-elements-5bf3806569b108ce4a5efa9c5c4da17e\" style=\"color:#bdbce9;background-color:#4b52ac\">Ein Zionist glaubt nicht, dass genau das in Jesus Christus bereits geschehen ist, und wartet immernoch auf seinen GOtt, der nach der Schrift ja leben und sein w\u00fcrde wie ein Mensch.<\/p>\n\n\n\n<p class=\"has-text-align-left has-text-color has-background has-link-color has-medium-font-size wp-elements-5f21d349183485ac5e1a72d60af86d67\" style=\"color:#c08607;background-color:#4b52ac\">Die Hebr\u00e4ische Bibel enth\u00e4lt kein Neues Testament, weil das von GOttes SOhn erz\u00e4hlt &#8211; aber man glaubt nicht an IHn.<\/p>\n\n\n\n<div class=\"wp-block-columns alignwide is-layout-flex wp-container-core-columns-is-layout-9d6595d7 wp-block-columns-is-layout-flex\">\n<div class=\"wp-block-column is-layout-flow wp-block-column-is-layout-flow\">\n<h3 class=\"wp-block-heading\"><\/h3>\n\n\n\n<p><\/p>\n<\/div>\n\n\n\n<div class=\"wp-block-column is-layout-flow wp-block-column-is-layout-flow\">\n<p class=\"has-text-color has-link-color has-large-font-size wp-elements-44881ee3775f6cd315445b5236ef82a3\" style=\"color:#edb53a\"><strong>Warum wird GOttes Name  \u201eJHWH\u201c nur als &#8222;HErr\u201c  oder  &#8222;Jehova&#8220; oder &#8222;Gott&#8220; \u00fcbersetzt ? <\/strong><\/p>\n\n\n\n<p class=\"has-text-color has-link-color has-large-font-size wp-elements-8efb70c6ee86140511dd6dba93151dd6\" style=\"color:#edb53a\">Weil man nicht begreifen will, was dieser Name tats\u00e4chlich bedeutet, \u00fcbersetzt man <em><strong>jhwh <\/strong><\/em> als Partizip: &#8222;der Seiende&#8220;. Aber <em><strong>jhwh <\/strong><\/em> <strong>. <\/strong>kein Partizip, sondern eine <strong>Futur<\/strong>&#8211; oder Zukunftsform ! Sie hat im AT bereits hingewiesen auf den kommenden Jesus, der sein w\u00fcrde und der leben w\u00fcrde !!!<\/p>\n<\/div>\n<\/div>\n\n\n\n<div class=\"wp-block-buttons is-layout-flex wp-block-buttons-is-layout-flex\">\n<div class=\"wp-block-button is-style-fill\"><a class=\"wp-block-button__link wp-element-button\" href=\"https:\/\/jesusconnect.de\/en\/israel-was-ist-das\/\">zur\u00fcck <\/a><\/div>\n<\/div>","protected":false},"excerpt":{"rendered":"<p>Was bedeutet der Name Jahwe ? Der Name, den GOtt Sich Selbst in den Schriften des Alten Testaments gibt, ist eine hebr\u00e4ische Verbform von dem Verb haja, das bedeutet &#8222;leben&#8220; und &#8222;sein&#8220;. jhwh hei\u00dft: \u201eER wird leben\u201c oder \u201eER wird sein&#8222;. Jedesmal, wenn ein Hebr\u00e4er dieses Wort bzw. GOttes Namen in seiner Bibel liest, versteht [&hellip;]<\/p>\n","protected":false},"author":1,"featured_media":0,"parent":0,"menu_order":0,"comment_status":"closed","ping_status":"closed","template":"","meta":{"_coblocks_attr":"","_coblocks_dimensions":"","_coblocks_responsive_height":"","_coblocks_accordion_ie_support":"","hide_page_title":"","footnotes":""},"class_list":["post-1274","page","type-page","status-publish","hentry"],"yoast_head":"<!-- This site is optimized with the Yoast SEO plugin v27.4 - https:\/\/yoast.com\/product\/yoast-seo-wordpress\/ -->\n<title>Jahwe = JHWH - Jesus connect<\/title>\n<meta name=\"robots\" content=\"index, follow, max-snippet:-1, max-image-preview:large, max-video-preview:-1\" \/>\n<link rel=\"canonical\" href=\"https:\/\/jesusconnect.de\/en\/jahwe-jhwh\/\" \/>\n<meta property=\"og:locale\" content=\"en_US\" \/>\n<meta property=\"og:type\" content=\"article\" \/>\n<meta property=\"og:title\" content=\"Jahwe = JHWH - Jesus connect\" \/>\n<meta property=\"og:description\" content=\"Was bedeutet der Name Jahwe ? Der Name, den GOtt Sich Selbst in den Schriften des Alten Testaments gibt, ist eine hebr\u00e4ische Verbform von dem Verb haja, das bedeutet &#8222;leben&#8220; und &#8222;sein&#8220;. jhwh hei\u00dft: \u201eER wird leben\u201c oder \u201eER wird sein&#8222;. Jedesmal, wenn ein Hebr\u00e4er dieses Wort bzw. GOttes Namen in seiner Bibel liest, versteht [&hellip;]\" \/>\n<meta property=\"og:url\" content=\"https:\/\/jesusconnect.de\/en\/jahwe-jhwh\/\" \/>\n<meta property=\"og:site_name\" content=\"Jesus connect\" \/>\n<meta property=\"article:modified_time\" content=\"2025-10-29T21:06:54+00:00\" \/>\n<meta name=\"twitter:card\" content=\"summary_large_image\" \/>\n<meta name=\"twitter:label1\" content=\"Est. reading time\" \/>\n\t<meta name=\"twitter:data1\" content=\"2 minutes\" \/>\n<script type=\"application\/ld+json\" class=\"yoast-schema-graph\">{\"@context\":\"https:\\\/\\\/schema.org\",\"@graph\":[{\"@type\":\"WebPage\",\"@id\":\"https:\\\/\\\/jesusconnect.de\\\/jahwe-jhwh\\\/\",\"url\":\"https:\\\/\\\/jesusconnect.de\\\/jahwe-jhwh\\\/\",\"name\":\"Jahwe = JHWH - Jesus connect\",\"isPartOf\":{\"@id\":\"https:\\\/\\\/jesusconnect.de\\\/#website\"},\"datePublished\":\"2025-09-15T16:52:32+00:00\",\"dateModified\":\"2025-10-29T21:06:54+00:00\",\"breadcrumb\":{\"@id\":\"https:\\\/\\\/jesusconnect.de\\\/jahwe-jhwh\\\/#breadcrumb\"},\"inLanguage\":\"en-US\",\"potentialAction\":[{\"@type\":\"ReadAction\",\"target\":[\"https:\\\/\\\/jesusconnect.de\\\/jahwe-jhwh\\\/\"]}]},{\"@type\":\"BreadcrumbList\",\"@id\":\"https:\\\/\\\/jesusconnect.de\\\/jahwe-jhwh\\\/#breadcrumb\",\"itemListElement\":[{\"@type\":\"ListItem\",\"position\":1,\"name\":\"Home\",\"item\":\"https:\\\/\\\/jesusconnect.de\\\/\"},{\"@type\":\"ListItem\",\"position\":2,\"name\":\"Jahwe = JHWH\"}]},{\"@type\":\"WebSite\",\"@id\":\"https:\\\/\\\/jesusconnect.de\\\/#website\",\"url\":\"https:\\\/\\\/jesusconnect.de\\\/\",\"name\":\"Jesus connect\",\"description\":\"Gott, Jesus Christus, Heiliger Geist, Glaube, Vater, Sohn und Geist - Zusammenh\u00e4nge kurz erkl\u00e4rt\",\"publisher\":{\"@id\":\"https:\\\/\\\/jesusconnect.de\\\/#\\\/schema\\\/person\\\/8a5c1358de3b9958321dad237031fccf\"},\"potentialAction\":[{\"@type\":\"SearchAction\",\"target\":{\"@type\":\"EntryPoint\",\"urlTemplate\":\"https:\\\/\\\/jesusconnect.de\\\/?s={search_term_string}\"},\"query-input\":{\"@type\":\"PropertyValueSpecification\",\"valueRequired\":true,\"valueName\":\"search_term_string\"}}],\"inLanguage\":\"en-US\"},{\"@type\":[\"Person\",\"Organization\"],\"@id\":\"https:\\\/\\\/jesusconnect.de\\\/#\\\/schema\\\/person\\\/8a5c1358de3b9958321dad237031fccf\",\"name\":\"karin\",\"image\":{\"@type\":\"ImageObject\",\"inLanguage\":\"en-US\",\"@id\":\"https:\\\/\\\/jesusconnect.de\\\/wp-content\\\/uploads\\\/2025\\\/09\\\/JC-Logp.jpg\",\"url\":\"https:\\\/\\\/jesusconnect.de\\\/wp-content\\\/uploads\\\/2025\\\/09\\\/JC-Logp.jpg\",\"contentUrl\":\"https:\\\/\\\/jesusconnect.de\\\/wp-content\\\/uploads\\\/2025\\\/09\\\/JC-Logp.jpg\",\"width\":792,\"height\":596,\"caption\":\"karin\"},\"logo\":{\"@id\":\"https:\\\/\\\/jesusconnect.de\\\/wp-content\\\/uploads\\\/2025\\\/09\\\/JC-Logp.jpg\"},\"sameAs\":[\"https:\\\/\\\/jesusconnect.de\"]}]}<\/script>\n<!-- \/ Yoast SEO plugin. -->","yoast_head_json":{"title":"Jahwe = JHWH - Jesus connect","robots":{"index":"index","follow":"follow","max-snippet":"max-snippet:-1","max-image-preview":"max-image-preview:large","max-video-preview":"max-video-preview:-1"},"canonical":"https:\/\/jesusconnect.de\/en\/jahwe-jhwh\/","og_locale":"en_US","og_type":"article","og_title":"Jahwe = JHWH - Jesus connect","og_description":"Was bedeutet der Name Jahwe ? Der Name, den GOtt Sich Selbst in den Schriften des Alten Testaments gibt, ist eine hebr\u00e4ische Verbform von dem Verb haja, das bedeutet &#8222;leben&#8220; und &#8222;sein&#8220;. jhwh hei\u00dft: \u201eER wird leben\u201c oder \u201eER wird sein&#8222;. Jedesmal, wenn ein Hebr\u00e4er dieses Wort bzw. GOttes Namen in seiner Bibel liest, versteht [&hellip;]","og_url":"https:\/\/jesusconnect.de\/en\/jahwe-jhwh\/","og_site_name":"Jesus connect","article_modified_time":"2025-10-29T21:06:54+00:00","twitter_card":"summary_large_image","twitter_misc":{"Est. reading time":"2 minutes"},"schema":{"@context":"https:\/\/schema.org","@graph":[{"@type":"WebPage","@id":"https:\/\/jesusconnect.de\/jahwe-jhwh\/","url":"https:\/\/jesusconnect.de\/jahwe-jhwh\/","name":"Jahwe = JHWH - Jesus connect","isPartOf":{"@id":"https:\/\/jesusconnect.de\/#website"},"datePublished":"2025-09-15T16:52:32+00:00","dateModified":"2025-10-29T21:06:54+00:00","breadcrumb":{"@id":"https:\/\/jesusconnect.de\/jahwe-jhwh\/#breadcrumb"},"inLanguage":"en-US","potentialAction":[{"@type":"ReadAction","target":["https:\/\/jesusconnect.de\/jahwe-jhwh\/"]}]},{"@type":"BreadcrumbList","@id":"https:\/\/jesusconnect.de\/jahwe-jhwh\/#breadcrumb","itemListElement":[{"@type":"ListItem","position":1,"name":"Home","item":"https:\/\/jesusconnect.de\/"},{"@type":"ListItem","position":2,"name":"Jahwe = JHWH"}]},{"@type":"WebSite","@id":"https:\/\/jesusconnect.de\/#website","url":"https:\/\/jesusconnect.de\/","name":"Jesus connect","description":"Gott, Jesus Christus, Heiliger Geist, Glaube, Vater, Sohn und Geist - Zusammenh\u00e4nge kurz erkl\u00e4rt","publisher":{"@id":"https:\/\/jesusconnect.de\/#\/schema\/person\/8a5c1358de3b9958321dad237031fccf"},"potentialAction":[{"@type":"SearchAction","target":{"@type":"EntryPoint","urlTemplate":"https:\/\/jesusconnect.de\/?s={search_term_string}"},"query-input":{"@type":"PropertyValueSpecification","valueRequired":true,"valueName":"search_term_string"}}],"inLanguage":"en-US"},{"@type":["Person","Organization"],"@id":"https:\/\/jesusconnect.de\/#\/schema\/person\/8a5c1358de3b9958321dad237031fccf","name":"karin","image":{"@type":"ImageObject","inLanguage":"en-US","@id":"https:\/\/jesusconnect.de\/wp-content\/uploads\/2025\/09\/JC-Logp.jpg","url":"https:\/\/jesusconnect.de\/wp-content\/uploads\/2025\/09\/JC-Logp.jpg","contentUrl":"https:\/\/jesusconnect.de\/wp-content\/uploads\/2025\/09\/JC-Logp.jpg","width":792,"height":596,"caption":"karin"},"logo":{"@id":"https:\/\/jesusconnect.de\/wp-content\/uploads\/2025\/09\/JC-Logp.jpg"},"sameAs":["https:\/\/jesusconnect.de"]}]}},"_links":{"self":[{"href":"https:\/\/jesusconnect.de\/en\/wp-json\/wp\/v2\/pages\/1274","targetHints":{"allow":["GET"]}}],"collection":[{"href":"https:\/\/jesusconnect.de\/en\/wp-json\/wp\/v2\/pages"}],"about":[{"href":"https:\/\/jesusconnect.de\/en\/wp-json\/wp\/v2\/types\/page"}],"author":[{"embeddable":true,"href":"https:\/\/jesusconnect.de\/en\/wp-json\/wp\/v2\/users\/1"}],"replies":[{"embeddable":true,"href":"https:\/\/jesusconnect.de\/en\/wp-json\/wp\/v2\/comments?post=1274"}],"version-history":[{"count":42,"href":"https:\/\/jesusconnect.de\/en\/wp-json\/wp\/v2\/pages\/1274\/revisions"}],"predecessor-version":[{"id":1711,"href":"https:\/\/jesusconnect.de\/en\/wp-json\/wp\/v2\/pages\/1274\/revisions\/1711"}],"wp:attachment":[{"href":"https:\/\/jesusconnect.de\/en\/wp-json\/wp\/v2\/media?parent=1274"}],"curies":[{"name":"wp","href":"https:\/\/api.w.org\/{rel}","templated":true}]}}