{"id":103,"date":"2024-09-08T14:00:32","date_gmt":"2024-09-08T14:00:32","guid":{"rendered":"https:\/\/jesusconnect.de\/?page_id=103"},"modified":"2025-09-19T19:33:21","modified_gmt":"2025-09-19T19:33:21","slug":"sohn","status":"publish","type":"page","link":"https:\/\/jesusconnect.de\/en\/sohn\/","title":{"rendered":"GODs (only once borne)  SON"},"content":{"rendered":"<div class=\"wp-block-columns alignwide has-text-color has-link-color wp-elements-d7bc636813dc2dd6f62a3a7c7468b9ae is-layout-flex wp-container-core-columns-is-layout-9d6595d7 wp-block-columns-is-layout-flex\" style=\"color:#040628\">\n<div class=\"wp-block-column is-layout-flow wp-block-column-is-layout-flow\" style=\"flex-basis:50%\">\n<h2 class=\"wp-block-heading alignfull has-text-align-left has-text-color has-background has-link-color has-heebo-font-family has-large-font-size has-custom-font wp-elements-6014bf23e3d28bf558d1f91476056803\" style=\"color:#8c74dd;background-color:#2b4f4b;padding-top:var(--wp--preset--spacing--70);padding-right:var(--wp--preset--spacing--80);padding-bottom:var(--wp--preset--spacing--70);padding-left:var(--wp--preset--spacing--80);font-family:Heebo\"><em>The LORD possessd Me in the beginning of His way, before His works of old.<br>I was set up from everlasting, from the beginning, or ever the earth was. When there were no depths, I was brought forth; when there were no fountains abounding with water.<br>Ehe die Berge eingesenkt waren, vor den H\u00fcgeln war ICh geboren, als Er die Erde noch nicht gemacht hatte und was darauf ist, noch die Berge der Erde.<br>Als Er die Himmel bereitete, war ICh da, als Er die Tiefe mit seinem Ziel fa\u00dfte. Als Er die Wolken droben festete, als Er die Brunnen der Tiefe <em>festigte <\/em>,<br>als Er dem Meer das Ziel setzte und den Wassern, da\u00df sie nicht \u00fcberschreiten Seinen Befehl, als Er den Grund der Erde legte: da war ICh der Werkmeister bei IHm und hatte Meine Lust t\u00e4glich und spielte vor IHm allezeit<br>und spielte auf Seinem Erdboden, und Meine Lust ist bei den Menschenkindern.<br><\/em>Spr 8,22-31<\/h2>\n\n\n\n<p><\/p>\n<\/div>\n\n\n\n<div class=\"wp-block-column is-layout-flow wp-block-column-is-layout-flow\" style=\"flex-basis:50%\">\n<div class=\"wp-block-columns is-layout-flex wp-container-core-columns-is-layout-9d6595d7 wp-block-columns-is-layout-flex\">\n<div class=\"wp-block-column is-layout-flow wp-block-column-is-layout-flow\" style=\"flex-basis:25%\"><\/div>\n\n\n\n<div class=\"wp-block-column is-layout-flow wp-block-column-is-layout-flow\" style=\"flex-basis:50%\"><\/div>\n\n\n\n<div class=\"wp-block-column is-layout-flow wp-block-column-is-layout-flow\" style=\"flex-basis:25%\"><\/div>\n<\/div>\n<\/div>\n<\/div>\n\n\n\n<div class=\"wp-block-buttons is-layout-flex wp-block-buttons-is-layout-flex\">\n<div class=\"wp-block-button\"><a class=\"wp-block-button__link has-text-color has-link-color wp-element-button\" href=\"https:\/\/jesusconnect.de\/en\/\" style=\"color:#9c925a\">zur\u00fcck zu &#8222;<em>Jesus  is !<\/em>&#8222;<\/a><\/div>\n<\/div>","protected":false},"excerpt":{"rendered":"<p>Der HERR hat Mich gehabt im Anfang Seiner Wege; ehe Er etwas schuf, war ICh da.ICh bin eingesetzt von Ewigkeit, von Anfang, vor der Erde. Als die Tiefen noch nicht waren, da war ICh schon geboren, als die Brunnen noch nicht mit Wasser quollen.Ehe die Berge eingesenkt waren, vor den H\u00fcgeln war ICh geboren, als [&hellip;]<\/p>\n","protected":false},"author":1,"featured_media":0,"parent":0,"menu_order":0,"comment_status":"closed","ping_status":"closed","template":"","meta":{"_coblocks_attr":"Heebo","_coblocks_dimensions":"","_coblocks_responsive_height":"","_coblocks_accordion_ie_support":"","hide_page_title":"","footnotes":""},"class_list":["post-103","page","type-page","status-publish","hentry"],"yoast_head":"<!-- This site is optimized with the Yoast SEO plugin v27.4 - https:\/\/yoast.com\/product\/yoast-seo-wordpress\/ -->\n<title>GOttes SOHN - Jesus connect<\/title>\n<meta name=\"robots\" content=\"index, follow, max-snippet:-1, max-image-preview:large, max-video-preview:-1\" \/>\n<link rel=\"canonical\" href=\"https:\/\/jesusconnect.de\/en\/sohn\/\" \/>\n<meta property=\"og:locale\" content=\"en_US\" \/>\n<meta property=\"og:type\" content=\"article\" \/>\n<meta property=\"og:title\" content=\"GOttes SOHN - Jesus connect\" \/>\n<meta property=\"og:description\" content=\"Der HERR hat Mich gehabt im Anfang Seiner Wege; ehe Er etwas schuf, war ICh da.ICh bin eingesetzt von Ewigkeit, von Anfang, vor der Erde. Als die Tiefen noch nicht waren, da war ICh schon geboren, als die Brunnen noch nicht mit Wasser quollen.Ehe die Berge eingesenkt waren, vor den H\u00fcgeln war ICh geboren, als [&hellip;]\" \/>\n<meta property=\"og:url\" content=\"https:\/\/jesusconnect.de\/en\/sohn\/\" \/>\n<meta property=\"og:site_name\" content=\"Jesus connect\" \/>\n<meta property=\"article:modified_time\" content=\"2025-09-19T19:33:21+00:00\" \/>\n<meta name=\"twitter:card\" content=\"summary_large_image\" \/>\n<meta name=\"twitter:label1\" content=\"Est. reading time\" \/>\n\t<meta name=\"twitter:data1\" content=\"1 minute\" \/>\n<script type=\"application\/ld+json\" class=\"yoast-schema-graph\">{\"@context\":\"https:\\\/\\\/schema.org\",\"@graph\":[{\"@type\":\"WebPage\",\"@id\":\"https:\\\/\\\/jesusconnect.de\\\/sohn\\\/\",\"url\":\"https:\\\/\\\/jesusconnect.de\\\/sohn\\\/\",\"name\":\"GOttes SOHN - Jesus connect\",\"isPartOf\":{\"@id\":\"https:\\\/\\\/jesusconnect.de\\\/#website\"},\"datePublished\":\"2024-09-08T14:00:32+00:00\",\"dateModified\":\"2025-09-19T19:33:21+00:00\",\"breadcrumb\":{\"@id\":\"https:\\\/\\\/jesusconnect.de\\\/sohn\\\/#breadcrumb\"},\"inLanguage\":\"en-US\",\"potentialAction\":[{\"@type\":\"ReadAction\",\"target\":[\"https:\\\/\\\/jesusconnect.de\\\/sohn\\\/\"]}]},{\"@type\":\"BreadcrumbList\",\"@id\":\"https:\\\/\\\/jesusconnect.de\\\/sohn\\\/#breadcrumb\",\"itemListElement\":[{\"@type\":\"ListItem\",\"position\":1,\"name\":\"Home\",\"item\":\"https:\\\/\\\/jesusconnect.de\\\/\"},{\"@type\":\"ListItem\",\"position\":2,\"name\":\"GOttes SOHN\"}]},{\"@type\":\"WebSite\",\"@id\":\"https:\\\/\\\/jesusconnect.de\\\/#website\",\"url\":\"https:\\\/\\\/jesusconnect.de\\\/\",\"name\":\"Jesus connect\",\"description\":\"Gott, Jesus Christus, Heiliger Geist, Glaube, Vater, Sohn und Geist - Zusammenh\u00e4nge kurz erkl\u00e4rt\",\"publisher\":{\"@id\":\"https:\\\/\\\/jesusconnect.de\\\/#\\\/schema\\\/person\\\/8a5c1358de3b9958321dad237031fccf\"},\"potentialAction\":[{\"@type\":\"SearchAction\",\"target\":{\"@type\":\"EntryPoint\",\"urlTemplate\":\"https:\\\/\\\/jesusconnect.de\\\/?s={search_term_string}\"},\"query-input\":{\"@type\":\"PropertyValueSpecification\",\"valueRequired\":true,\"valueName\":\"search_term_string\"}}],\"inLanguage\":\"en-US\"},{\"@type\":[\"Person\",\"Organization\"],\"@id\":\"https:\\\/\\\/jesusconnect.de\\\/#\\\/schema\\\/person\\\/8a5c1358de3b9958321dad237031fccf\",\"name\":\"karin\",\"image\":{\"@type\":\"ImageObject\",\"inLanguage\":\"en-US\",\"@id\":\"https:\\\/\\\/jesusconnect.de\\\/wp-content\\\/uploads\\\/2025\\\/09\\\/JC-Logp.jpg\",\"url\":\"https:\\\/\\\/jesusconnect.de\\\/wp-content\\\/uploads\\\/2025\\\/09\\\/JC-Logp.jpg\",\"contentUrl\":\"https:\\\/\\\/jesusconnect.de\\\/wp-content\\\/uploads\\\/2025\\\/09\\\/JC-Logp.jpg\",\"width\":792,\"height\":596,\"caption\":\"karin\"},\"logo\":{\"@id\":\"https:\\\/\\\/jesusconnect.de\\\/wp-content\\\/uploads\\\/2025\\\/09\\\/JC-Logp.jpg\"},\"sameAs\":[\"https:\\\/\\\/jesusconnect.de\"]}]}<\/script>\n<!-- \/ Yoast SEO plugin. -->","yoast_head_json":{"title":"GOttes SOHN - Jesus connect","robots":{"index":"index","follow":"follow","max-snippet":"max-snippet:-1","max-image-preview":"max-image-preview:large","max-video-preview":"max-video-preview:-1"},"canonical":"https:\/\/jesusconnect.de\/en\/sohn\/","og_locale":"en_US","og_type":"article","og_title":"GOttes SOHN - Jesus connect","og_description":"Der HERR hat Mich gehabt im Anfang Seiner Wege; ehe Er etwas schuf, war ICh da.ICh bin eingesetzt von Ewigkeit, von Anfang, vor der Erde. Als die Tiefen noch nicht waren, da war ICh schon geboren, als die Brunnen noch nicht mit Wasser quollen.Ehe die Berge eingesenkt waren, vor den H\u00fcgeln war ICh geboren, als [&hellip;]","og_url":"https:\/\/jesusconnect.de\/en\/sohn\/","og_site_name":"Jesus connect","article_modified_time":"2025-09-19T19:33:21+00:00","twitter_card":"summary_large_image","twitter_misc":{"Est. reading time":"1 minute"},"schema":{"@context":"https:\/\/schema.org","@graph":[{"@type":"WebPage","@id":"https:\/\/jesusconnect.de\/sohn\/","url":"https:\/\/jesusconnect.de\/sohn\/","name":"GOttes SOHN - Jesus connect","isPartOf":{"@id":"https:\/\/jesusconnect.de\/#website"},"datePublished":"2024-09-08T14:00:32+00:00","dateModified":"2025-09-19T19:33:21+00:00","breadcrumb":{"@id":"https:\/\/jesusconnect.de\/sohn\/#breadcrumb"},"inLanguage":"en-US","potentialAction":[{"@type":"ReadAction","target":["https:\/\/jesusconnect.de\/sohn\/"]}]},{"@type":"BreadcrumbList","@id":"https:\/\/jesusconnect.de\/sohn\/#breadcrumb","itemListElement":[{"@type":"ListItem","position":1,"name":"Home","item":"https:\/\/jesusconnect.de\/"},{"@type":"ListItem","position":2,"name":"GOttes SOHN"}]},{"@type":"WebSite","@id":"https:\/\/jesusconnect.de\/#website","url":"https:\/\/jesusconnect.de\/","name":"Jesus connect","description":"Gott, Jesus Christus, Heiliger Geist, Glaube, Vater, Sohn und Geist - Zusammenh\u00e4nge kurz erkl\u00e4rt","publisher":{"@id":"https:\/\/jesusconnect.de\/#\/schema\/person\/8a5c1358de3b9958321dad237031fccf"},"potentialAction":[{"@type":"SearchAction","target":{"@type":"EntryPoint","urlTemplate":"https:\/\/jesusconnect.de\/?s={search_term_string}"},"query-input":{"@type":"PropertyValueSpecification","valueRequired":true,"valueName":"search_term_string"}}],"inLanguage":"en-US"},{"@type":["Person","Organization"],"@id":"https:\/\/jesusconnect.de\/#\/schema\/person\/8a5c1358de3b9958321dad237031fccf","name":"karin","image":{"@type":"ImageObject","inLanguage":"en-US","@id":"https:\/\/jesusconnect.de\/wp-content\/uploads\/2025\/09\/JC-Logp.jpg","url":"https:\/\/jesusconnect.de\/wp-content\/uploads\/2025\/09\/JC-Logp.jpg","contentUrl":"https:\/\/jesusconnect.de\/wp-content\/uploads\/2025\/09\/JC-Logp.jpg","width":792,"height":596,"caption":"karin"},"logo":{"@id":"https:\/\/jesusconnect.de\/wp-content\/uploads\/2025\/09\/JC-Logp.jpg"},"sameAs":["https:\/\/jesusconnect.de"]}]}},"_links":{"self":[{"href":"https:\/\/jesusconnect.de\/en\/wp-json\/wp\/v2\/pages\/103","targetHints":{"allow":["GET"]}}],"collection":[{"href":"https:\/\/jesusconnect.de\/en\/wp-json\/wp\/v2\/pages"}],"about":[{"href":"https:\/\/jesusconnect.de\/en\/wp-json\/wp\/v2\/types\/page"}],"author":[{"embeddable":true,"href":"https:\/\/jesusconnect.de\/en\/wp-json\/wp\/v2\/users\/1"}],"replies":[{"embeddable":true,"href":"https:\/\/jesusconnect.de\/en\/wp-json\/wp\/v2\/comments?post=103"}],"version-history":[{"count":31,"href":"https:\/\/jesusconnect.de\/en\/wp-json\/wp\/v2\/pages\/103\/revisions"}],"predecessor-version":[{"id":1420,"href":"https:\/\/jesusconnect.de\/en\/wp-json\/wp\/v2\/pages\/103\/revisions\/1420"}],"wp:attachment":[{"href":"https:\/\/jesusconnect.de\/en\/wp-json\/wp\/v2\/media?parent=103"}],"curies":[{"name":"wp","href":"https:\/\/api.w.org\/{rel}","templated":true}]}}